{"id":102739,"date":"2025-03-17T15:12:50","date_gmt":"2025-03-17T14:12:50","guid":{"rendered":"https:\/\/www.o2feel.com\/nieuws\/o2feel-x-serie-mania-2025\/"},"modified":"2025-03-18T12:17:22","modified_gmt":"2025-03-18T11:17:22","slug":"o2feel-x-serie-mania-2025","status":"publish","type":"page","link":"https:\/\/www.o2feel.com\/nl-be\/nieuws\/o2feel-x-serie-mania-2025\/","title":{"rendered":"O2feel x Serie Mania 2025"},"content":{"rendered":"\t\t<div data-elementor-type=\"wp-page\" data-elementor-id=\"102739\" class=\"elementor elementor-102739 elementor-102588\" data-elementor-post-type=\"page\">\n\t\t\t\t\t\t<section class=\"elementor-section elementor-top-section elementor-element elementor-element-1a3b443a elementor-section-boxed elementor-section-height-default elementor-section-height-default\" data-id=\"1a3b443a\" data-element_type=\"section\" data-e-type=\"section\">\n\t\t\t\t\t\t<div class=\"elementor-container elementor-column-gap-default\">\n\t\t\t\t\t<div class=\"elementor-column elementor-col-100 elementor-top-column elementor-element elementor-element-406e9e49\" data-id=\"406e9e49\" data-element_type=\"column\" data-e-type=\"column\">\n\t\t\t<div class=\"elementor-widget-wrap elementor-element-populated\">\n\t\t\t\t\t\t<div class=\"elementor-element elementor-element-68c100f9 elementor-widget elementor-widget-spacer\" data-id=\"68c100f9\" data-element_type=\"widget\" data-e-type=\"widget\" data-widget_type=\"spacer.default\">\n\t\t\t\t<div class=\"elementor-widget-container\">\n\t\t\t\t\t\t\t<div class=\"elementor-spacer\">\n\t\t\t<div class=\"elementor-spacer-inner\"><\/div>\n\t\t<\/div>\n\t\t\t\t\t\t<\/div>\n\t\t\t\t<\/div>\n\t\t\t\t\t<\/div>\n\t\t<\/div>\n\t\t\t\t\t<\/div>\n\t\t<\/section>\n\t\t<div class=\"elementor-element elementor-element-2aed27f6 e-flex e-con-boxed e-con e-parent\" data-id=\"2aed27f6\" data-element_type=\"container\" data-e-type=\"container\">\n\t\t\t\t\t<div class=\"e-con-inner\">\n\t\t\t\t<div class=\"elementor-element elementor-element-6668ac30 elementor-widget elementor-widget-heading\" data-id=\"6668ac30\" data-element_type=\"widget\" data-e-type=\"widget\" data-widget_type=\"heading.default\">\n\t\t\t\t<div class=\"elementor-widget-container\">\n\t\t\t\t\t<h2 class=\"elementor-heading-title elementor-size-default\"><a href=\"https:\/\/www.o2feel.com\/actualites\/\">&lt; <u>Onze Nieuwsberichten<\/u><\/a><\/h2>\t\t\t\t<\/div>\n\t\t\t\t<\/div>\n\t\t\t\t\t<\/div>\n\t\t\t\t<\/div>\n\t\t\t\t<section class=\"elementor-section elementor-top-section elementor-element elementor-element-4d05323e elementor-section-boxed elementor-section-height-default elementor-section-height-default\" data-id=\"4d05323e\" data-element_type=\"section\" data-e-type=\"section\">\n\t\t\t\t\t\t<div class=\"elementor-container elementor-column-gap-default\">\n\t\t\t\t\t<div class=\"elementor-column elementor-col-100 elementor-top-column elementor-element elementor-element-6fea17d2\" data-id=\"6fea17d2\" data-element_type=\"column\" data-e-type=\"column\">\n\t\t\t<div class=\"elementor-widget-wrap elementor-element-populated\">\n\t\t\t\t\t\t<div class=\"elementor-element elementor-element-2b0649db elementor-widget elementor-widget-spacer\" data-id=\"2b0649db\" data-element_type=\"widget\" data-e-type=\"widget\" data-widget_type=\"spacer.default\">\n\t\t\t\t<div class=\"elementor-widget-container\">\n\t\t\t\t\t\t\t<div class=\"elementor-spacer\">\n\t\t\t<div class=\"elementor-spacer-inner\"><\/div>\n\t\t<\/div>\n\t\t\t\t\t\t<\/div>\n\t\t\t\t<\/div>\n\t\t\t\t\t<\/div>\n\t\t<\/div>\n\t\t\t\t\t<\/div>\n\t\t<\/section>\n\t\t<div class=\"elementor-element elementor-element-38b2e356 e-flex e-con-boxed e-con e-parent\" data-id=\"38b2e356\" data-element_type=\"container\" data-e-type=\"container\">\n\t\t\t\t\t<div class=\"e-con-inner\">\n\t\t\t\t<div class=\"elementor-element elementor-element-6fb4f7ed elementor-widget elementor-widget-heading\" data-id=\"6fb4f7ed\" data-element_type=\"widget\" data-e-type=\"widget\" data-widget_type=\"heading.default\">\n\t\t\t\t<div class=\"elementor-widget-container\">\n\t\t\t\t\t<h1 class=\"elementor-heading-title elementor-size-default\">O2feel x S\u00e9ries Mania: een MVO-partnerschap voor duurzame en culturele mobiliteit<\/h1>\t\t\t\t<\/div>\n\t\t\t\t<\/div>\n\t\t\t\t\t<\/div>\n\t\t\t\t<\/div>\n\t\t\t\t<section class=\"elementor-section elementor-top-section elementor-element elementor-element-62cdb60f elementor-section-boxed elementor-section-height-default elementor-section-height-default\" data-id=\"62cdb60f\" data-element_type=\"section\" data-e-type=\"section\">\n\t\t\t\t\t\t<div class=\"elementor-container elementor-column-gap-default\">\n\t\t\t\t\t<div class=\"elementor-column elementor-col-100 elementor-top-column elementor-element elementor-element-4aed4742\" data-id=\"4aed4742\" data-element_type=\"column\" data-e-type=\"column\">\n\t\t\t<div class=\"elementor-widget-wrap elementor-element-populated\">\n\t\t\t\t\t\t<div class=\"elementor-element elementor-element-2d045733 elementor-widget elementor-widget-spacer\" data-id=\"2d045733\" data-element_type=\"widget\" data-e-type=\"widget\" data-widget_type=\"spacer.default\">\n\t\t\t\t<div class=\"elementor-widget-container\">\n\t\t\t\t\t\t\t<div class=\"elementor-spacer\">\n\t\t\t<div class=\"elementor-spacer-inner\"><\/div>\n\t\t<\/div>\n\t\t\t\t\t\t<\/div>\n\t\t\t\t<\/div>\n\t\t\t\t\t<\/div>\n\t\t<\/div>\n\t\t\t\t\t<\/div>\n\t\t<\/section>\n\t\t\t\t<section class=\"elementor-section elementor-top-section elementor-element elementor-element-e4b97a4 elementor-section-stretched elementor-section-boxed elementor-section-height-default elementor-section-height-default\" data-id=\"e4b97a4\" data-element_type=\"section\" data-e-type=\"section\" data-settings=\"{&quot;stretch_section&quot;:&quot;section-stretched&quot;}\">\n\t\t\t\t\t\t<div class=\"elementor-container elementor-column-gap-default\">\n\t\t\t\t\t<div class=\"elementor-column elementor-col-100 elementor-top-column elementor-element elementor-element-420c1d43\" data-id=\"420c1d43\" data-element_type=\"column\" data-e-type=\"column\">\n\t\t\t<div class=\"elementor-widget-wrap elementor-element-populated\">\n\t\t\t\t\t\t<div class=\"elementor-element elementor-element-cad3668 elementor-widget elementor-widget-image\" data-id=\"cad3668\" data-element_type=\"widget\" data-e-type=\"widget\" data-widget_type=\"image.default\">\n\t\t\t\t<div class=\"elementor-widget-container\">\n\t\t\t\t\t\t\t\t\t\t\t\t\t\t\t<img fetchpriority=\"high\" decoding=\"async\" width=\"850\" height=\"400\" src=\"https:\/\/www.o2feel.com\/wp-content\/uploads\/2025\/03\/Banniere-o2feelxseriemania-Page-Nos-Actus-1.jpg\" class=\"attachment-full size-full wp-image-102664\" alt=\"\" srcset=\"https:\/\/www.o2feel.com\/wp-content\/uploads\/2025\/03\/Banniere-o2feelxseriemania-Page-Nos-Actus-1.jpg 850w, https:\/\/www.o2feel.com\/wp-content\/uploads\/2025\/03\/Banniere-o2feelxseriemania-Page-Nos-Actus-1-300x141.jpg 300w, https:\/\/www.o2feel.com\/wp-content\/uploads\/2025\/03\/Banniere-o2feelxseriemania-Page-Nos-Actus-1-768x361.jpg 768w, https:\/\/www.o2feel.com\/wp-content\/uploads\/2025\/03\/Banniere-o2feelxseriemania-Page-Nos-Actus-1-220x104.jpg 220w, https:\/\/www.o2feel.com\/wp-content\/uploads\/2025\/03\/Banniere-o2feelxseriemania-Page-Nos-Actus-1-800x376.jpg 800w\" sizes=\"(max-width: 850px) 100vw, 850px\" \/>\t\t\t\t\t\t\t\t\t\t\t\t\t\t\t<\/div>\n\t\t\t\t<\/div>\n\t\t\t\t\t<\/div>\n\t\t<\/div>\n\t\t\t\t\t<\/div>\n\t\t<\/section>\n\t\t\t\t<section class=\"elementor-section elementor-top-section elementor-element elementor-element-448de9 elementor-section-boxed elementor-section-height-default elementor-section-height-default\" data-id=\"448de9\" data-element_type=\"section\" data-e-type=\"section\">\n\t\t\t\t\t\t<div class=\"elementor-container elementor-column-gap-default\">\n\t\t\t\t\t<div class=\"elementor-column elementor-col-100 elementor-top-column elementor-element elementor-element-436153fc\" data-id=\"436153fc\" data-element_type=\"column\" data-e-type=\"column\">\n\t\t\t<div class=\"elementor-widget-wrap elementor-element-populated\">\n\t\t\t\t\t\t<div class=\"elementor-element elementor-element-4fcc436d elementor-widget elementor-widget-spacer\" data-id=\"4fcc436d\" data-element_type=\"widget\" data-e-type=\"widget\" data-widget_type=\"spacer.default\">\n\t\t\t\t<div class=\"elementor-widget-container\">\n\t\t\t\t\t\t\t<div class=\"elementor-spacer\">\n\t\t\t<div class=\"elementor-spacer-inner\"><\/div>\n\t\t<\/div>\n\t\t\t\t\t\t<\/div>\n\t\t\t\t<\/div>\n\t\t\t\t\t<\/div>\n\t\t<\/div>\n\t\t\t\t\t<\/div>\n\t\t<\/section>\n\t\t<div class=\"elementor-element elementor-element-2de87f3 e-con-full e-flex e-con e-parent\" data-id=\"2de87f3\" data-element_type=\"container\" data-e-type=\"container\">\n\t\t<div class=\"elementor-element elementor-element-42fa816 e-con-full e-flex e-con e-child\" data-id=\"42fa816\" data-element_type=\"container\" data-e-type=\"container\">\n\t\t\t\t<div class=\"elementor-element elementor-element-56f619fe elementor-widget elementor-widget-heading\" data-id=\"56f619fe\" data-element_type=\"widget\" data-e-type=\"widget\" data-widget_type=\"heading.default\">\n\t\t\t\t<div class=\"elementor-widget-container\">\n\t\t\t\t\t<h2 class=\"elementor-heading-title elementor-size-default\">O2feel, offici\u00eble partner van het Festival S\u00e9ries Mania 2025<\/h2>\t\t\t\t<\/div>\n\t\t\t\t<\/div>\n\t\t\t\t<div class=\"elementor-element elementor-element-32a1e742 elementor-widget elementor-widget-text-editor\" data-id=\"32a1e742\" data-element_type=\"widget\" data-e-type=\"widget\" data-widget_type=\"text-editor.default\">\n\t\t\t\t<div class=\"elementor-widget-container\">\n\t\t\t\t\t\t\t\t\t<p>Ook dit jaar zet <strong>O2feel zich in als MVO-partner<\/strong> van het <strong>festival S\u00e9ries Mania<\/strong> om een zachtere en verantwoorde mobiliteit te bevorderen. Beide zijn <strong>gevestigd in de Hauts-de-France en delen gemeenschappelijke waarden<\/strong>: ontdekking, eenvoud en verbetering van de levenskwaliteit, hetzij via cultuur of duurzame mobiliteit. <\/p>\n\t\t\t\t\t\t\t\t<\/div>\n\t\t\t\t<\/div>\n\t\t\t\t<div class=\"elementor-element elementor-element-e1f02aa elementor-widget elementor-widget-heading\" data-id=\"e1f02aa\" data-element_type=\"widget\" data-e-type=\"widget\" data-widget_type=\"heading.default\">\n\t\t\t\t<div class=\"elementor-widget-container\">\n\t\t\t\t\t<h2 class=\"elementor-heading-title elementor-size-default\">O2feel elektrische fietsen ten dienste van het festival\n<\/h2>\t\t\t\t<\/div>\n\t\t\t\t<\/div>\n\t\t\t\t<div class=\"elementor-element elementor-element-3c3a4e5 elementor-widget elementor-widget-text-editor\" data-id=\"3c3a4e5\" data-element_type=\"widget\" data-e-type=\"widget\" data-widget_type=\"text-editor.default\">\n\t\t\t\t<div class=\"elementor-widget-container\">\n\t\t\t\t\t\t\t\t\t<p>Voor deze editie van 2025 stelt <strong>O2feel een vloot elektrische fietsen ter beschikking<\/strong> voor <strong>medewerkers en vrijwilligers<\/strong> van het festival. Een praktische, ecologische en snelle oplossing om zich tussen de verschillende projectielocaties en evenementen te verplaatsen. <\/p>\n\t\t\t\t\t\t\t\t<\/div>\n\t\t\t\t<\/div>\n\t\t\t\t<div class=\"elementor-element elementor-element-936814c elementor-widget elementor-widget-text-editor\" data-id=\"936814c\" data-element_type=\"widget\" data-e-type=\"widget\" data-widget_type=\"text-editor.default\">\n\t\t\t\t<div class=\"elementor-widget-container\">\n\t\t\t\t\t\t\t\t\t<p><strong>Nieuw dit jaar:<\/strong> er wordt een <strong>gratis beveiligde parking<\/strong> op het festival ge\u00efnstalleerd, met verschillende exclusieve voordelen voor fietsers:<br \/>&#8211; <strong>Gratis opladen <\/strong>voor elektrische fietsen<br \/>&#8211; <strong>Helmopslag tijdens<\/strong> een filmvertoning of masterclass<br \/>&#8211; <strong>Beveiligde parkeerplaatsen<\/strong> om je fiets met een gerust hart te stallen<\/p>\n\t\t\t\t\t\t\t\t<\/div>\n\t\t\t\t<\/div>\n\t\t\t\t<\/div>\n\t\t<div class=\"elementor-element elementor-element-d1a5917 e-con-full e-flex e-con e-child\" data-id=\"d1a5917\" data-element_type=\"container\" data-e-type=\"container\" data-settings=\"{&quot;background_background&quot;:&quot;classic&quot;}\">\n\t\t\t\t<\/div>\n\t\t\t\t<\/div>\n\t\t\t\t<section class=\"elementor-section elementor-top-section elementor-element elementor-element-82d35b2 elementor-section-boxed elementor-section-height-default elementor-section-height-default\" data-id=\"82d35b2\" data-element_type=\"section\" data-e-type=\"section\">\n\t\t\t\t\t\t<div class=\"elementor-container elementor-column-gap-default\">\n\t\t\t\t\t<div class=\"elementor-column elementor-col-100 elementor-top-column elementor-element elementor-element-c8fa33f\" data-id=\"c8fa33f\" data-element_type=\"column\" data-e-type=\"column\">\n\t\t\t<div class=\"elementor-widget-wrap elementor-element-populated\">\n\t\t\t\t\t\t<div class=\"elementor-element elementor-element-3e45aae elementor-widget elementor-widget-spacer\" data-id=\"3e45aae\" data-element_type=\"widget\" data-e-type=\"widget\" data-widget_type=\"spacer.default\">\n\t\t\t\t<div class=\"elementor-widget-container\">\n\t\t\t\t\t\t\t<div class=\"elementor-spacer\">\n\t\t\t<div class=\"elementor-spacer-inner\"><\/div>\n\t\t<\/div>\n\t\t\t\t\t\t<\/div>\n\t\t\t\t<\/div>\n\t\t\t\t\t<\/div>\n\t\t<\/div>\n\t\t\t\t\t<\/div>\n\t\t<\/section>\n\t\t<div class=\"elementor-element elementor-element-7fb4410e e-flex e-con-boxed e-con e-parent\" data-id=\"7fb4410e\" data-element_type=\"container\" data-e-type=\"container\">\n\t\t\t\t\t<div class=\"e-con-inner\">\n\t\t\t\t<div class=\"elementor-element elementor-element-38447ee elementor-widget elementor-widget-heading\" data-id=\"38447ee\" data-element_type=\"widget\" data-e-type=\"widget\" data-widget_type=\"heading.default\">\n\t\t\t\t<div class=\"elementor-widget-container\">\n\t\t\t\t\t<h2 class=\"elementor-heading-title elementor-size-default\">2025: Een unieke fietstocht langs filmlocaties in Lille<\/h2>\t\t\t\t<\/div>\n\t\t\t\t<\/div>\n\t\t\t\t<div class=\"elementor-element elementor-element-3383eced elementor-widget elementor-widget-text-editor\" data-id=\"3383eced\" data-element_type=\"widget\" data-e-type=\"widget\" data-widget_type=\"text-editor.default\">\n\t\t\t\t<div class=\"elementor-widget-container\">\n\t\t\t\t\t\t\t\t\t<p>O2feel en S\u00e9ries Mania zetten hun engagement voort in <strong>2025 met een unieke ervaring:<\/strong> een <strong>ontdekkingsroute langs filmlocaties in Lille per fiets<\/strong>, begeleid door een gids van het toeristenbureau en het O2feel-team. Een nieuwe manier om de stad vanuit een ander perspectief te verkennen, door<strong> passie voor series te combineren met fietsplezier<\/strong>. <\/p>\n\t\t\t\t\t\t\t\t<\/div>\n\t\t\t\t<\/div>\n\t\t\t\t\t<\/div>\n\t\t\t\t<\/div>\n\t\t<div class=\"elementor-element elementor-element-388e19c9 e-flex e-con-boxed e-con e-parent\" data-id=\"388e19c9\" data-element_type=\"container\" data-e-type=\"container\">\n\t\t\t\t\t<div class=\"e-con-inner\">\n\t\t\t\t<div class=\"elementor-element elementor-element-3135cc2e elementor-widget elementor-widget-heading\" data-id=\"3135cc2e\" data-element_type=\"widget\" data-e-type=\"widget\" data-widget_type=\"heading.default\">\n\t\t\t\t<div class=\"elementor-widget-container\">\n\t\t\t\t\t<h2 class=\"elementor-heading-title elementor-size-default\">Een gezamenlijk engagement voor duurzame en culturele mobiliteit<\/h2>\t\t\t\t<\/div>\n\t\t\t\t<\/div>\n\t\t\t\t<div class=\"elementor-element elementor-element-7c0b6941 elementor-widget elementor-widget-text-editor\" data-id=\"7c0b6941\" data-element_type=\"widget\" data-e-type=\"widget\" data-widget_type=\"text-editor.default\">\n\t\t\t\t<div class=\"elementor-widget-container\">\n\t\t\t\t\t\t\t\t\t<p>Samenwerken met <strong>S\u00e9ries Mania<\/strong> betekent ons engagement bevestigen voor <strong>een intelligentere, vlottere en aangenamere mobiliteit in de stad<\/strong>. Dit partnerschap belichaamt onze visie: <strong>verplaatsingen vergemakkelijken en tegelijkertijd culturele ervaringen waarderen<\/strong>. <\/p>\n<p><strong>Kom ons tegen op het festival en ontdek hoe de elektrische fiets je dagelijks leven kan transformeren!<\/strong><\/p>\n\t\t\t\t\t\t\t\t<\/div>\n\t\t\t\t<\/div>\n\t\t\t\t\t<\/div>\n\t\t\t\t<\/div>\n\t\t\t\t<section class=\"elementor-section elementor-top-section elementor-element elementor-element-722a6942 elementor-section-boxed elementor-section-height-default elementor-section-height-default\" data-id=\"722a6942\" data-element_type=\"section\" data-e-type=\"section\">\n\t\t\t\t\t\t<div class=\"elementor-container elementor-column-gap-default\">\n\t\t\t\t\t<div class=\"elementor-column elementor-col-100 elementor-top-column elementor-element elementor-element-63ec43e3\" data-id=\"63ec43e3\" data-element_type=\"column\" data-e-type=\"column\">\n\t\t\t<div class=\"elementor-widget-wrap elementor-element-populated\">\n\t\t\t\t\t\t<div class=\"elementor-element elementor-element-7448a3 elementor-widget elementor-widget-spacer\" data-id=\"7448a3\" data-element_type=\"widget\" data-e-type=\"widget\" data-widget_type=\"spacer.default\">\n\t\t\t\t<div class=\"elementor-widget-container\">\n\t\t\t\t\t\t\t<div class=\"elementor-spacer\">\n\t\t\t<div class=\"elementor-spacer-inner\"><\/div>\n\t\t<\/div>\n\t\t\t\t\t\t<\/div>\n\t\t\t\t<\/div>\n\t\t\t\t\t<\/div>\n\t\t<\/div>\n\t\t\t\t\t<\/div>\n\t\t<\/section>\n\t\t<div class=\"elementor-element elementor-element-37e11cac e-flex e-con-boxed e-con e-parent\" data-id=\"37e11cac\" data-element_type=\"container\" data-e-type=\"container\">\n\t\t\t\t\t<div class=\"e-con-inner\">\n\t\t\t\t<div class=\"elementor-element elementor-element-677adf0c elementor-widget elementor-widget-heading\" data-id=\"677adf0c\" data-element_type=\"widget\" data-e-type=\"widget\" data-widget_type=\"heading.default\">\n\t\t\t\t<div class=\"elementor-widget-container\">\n\t\t\t\t\t<h2 class=\"elementor-heading-title elementor-size-default\"><a href=\"https:\/\/www.o2feel.com\/actualites\/\">&lt; <u>Onze Nieuwsberichten<\/u><\/a><\/h2>\t\t\t\t<\/div>\n\t\t\t\t<\/div>\n\t\t\t\t\t<\/div>\n\t\t\t\t<\/div>\n\t\t\t\t<\/div>\n\t\t","protected":false},"excerpt":{"rendered":"<p>&lt; Onze Nieuwsberichten O2feel x S\u00e9ries Mania: een MVO-partnerschap voor duurzame en culturele mobiliteit O2feel, offici\u00eble partner van het Festival S\u00e9ries Mania &hellip;<\/p>\n","protected":false},"author":21,"featured_media":0,"parent":102686,"menu_order":0,"comment_status":"closed","ping_status":"closed","template":"","meta":{"footnotes":""},"class_list":["post-102739","page","type-page","status-publish","hentry"],"_links":{"self":[{"href":"https:\/\/www.o2feel.com\/nl-be\/wp-json\/wp\/v2\/pages\/102739","targetHints":{"allow":["GET"]}}],"collection":[{"href":"https:\/\/www.o2feel.com\/nl-be\/wp-json\/wp\/v2\/pages"}],"about":[{"href":"https:\/\/www.o2feel.com\/nl-be\/wp-json\/wp\/v2\/types\/page"}],"author":[{"embeddable":true,"href":"https:\/\/www.o2feel.com\/nl-be\/wp-json\/wp\/v2\/users\/21"}],"replies":[{"embeddable":true,"href":"https:\/\/www.o2feel.com\/nl-be\/wp-json\/wp\/v2\/comments?post=102739"}],"version-history":[{"count":0,"href":"https:\/\/www.o2feel.com\/nl-be\/wp-json\/wp\/v2\/pages\/102739\/revisions"}],"up":[{"embeddable":true,"href":"https:\/\/www.o2feel.com\/nl-be\/wp-json\/wp\/v2\/pages\/102686"}],"wp:attachment":[{"href":"https:\/\/www.o2feel.com\/nl-be\/wp-json\/wp\/v2\/media?parent=102739"}],"curies":[{"name":"wp","href":"https:\/\/api.w.org\/{rel}","templated":true}]}}