{"id":116945,"date":"2025-12-02T08:53:08","date_gmt":"2025-12-02T07:53:08","guid":{"rendered":"https:\/\/www.o2feel.com\/actualites\/o2feel-x-tous-en-selle\/"},"modified":"2025-12-02T11:53:36","modified_gmt":"2025-12-02T10:53:36","slug":"o2feel-x-tous-en-selle","status":"publish","type":"page","link":"https:\/\/www.o2feel.com\/fr-be\/actualites\/o2feel-x-tous-en-selle\/","title":{"rendered":"O2feel x Tous en Selle"},"content":{"rendered":"\t\t<div data-elementor-type=\"wp-page\" data-elementor-id=\"116945\" class=\"elementor elementor-116945 elementor-116796\" data-elementor-post-type=\"page\">\n\t\t\t\t\t\t<section class=\"elementor-section elementor-top-section elementor-element elementor-element-3487a706 elementor-section-boxed elementor-section-height-default elementor-section-height-default\" data-id=\"3487a706\" data-element_type=\"section\" data-e-type=\"section\">\n\t\t\t\t\t\t<div class=\"elementor-container elementor-column-gap-default\">\n\t\t\t\t\t<div class=\"elementor-column elementor-col-100 elementor-top-column elementor-element elementor-element-384aec91\" data-id=\"384aec91\" data-element_type=\"column\" data-e-type=\"column\">\n\t\t\t<div class=\"elementor-widget-wrap elementor-element-populated\">\n\t\t\t\t\t\t<div class=\"elementor-element elementor-element-fa6565 elementor-widget elementor-widget-spacer\" data-id=\"fa6565\" data-element_type=\"widget\" data-e-type=\"widget\" data-widget_type=\"spacer.default\">\n\t\t\t\t<div class=\"elementor-widget-container\">\n\t\t\t\t\t\t\t<div class=\"elementor-spacer\">\n\t\t\t<div class=\"elementor-spacer-inner\"><\/div>\n\t\t<\/div>\n\t\t\t\t\t\t<\/div>\n\t\t\t\t<\/div>\n\t\t\t\t\t<\/div>\n\t\t<\/div>\n\t\t\t\t\t<\/div>\n\t\t<\/section>\n\t\t<div class=\"elementor-element elementor-element-58996410 e-flex e-con-boxed e-con e-parent\" data-id=\"58996410\" data-element_type=\"container\" data-e-type=\"container\">\n\t\t\t\t\t<div class=\"e-con-inner\">\n\t\t\t\t<div class=\"elementor-element elementor-element-3803d476 elementor-widget elementor-widget-heading\" data-id=\"3803d476\" data-element_type=\"widget\" data-e-type=\"widget\" data-widget_type=\"heading.default\">\n\t\t\t\t<div class=\"elementor-widget-container\">\n\t\t\t\t\t<h2 class=\"elementor-heading-title elementor-size-default\"><a href=\"https:\/\/www.o2feel.com\/actualites\/\">&lt; Revenir \u00e0 <u>Nos Actualit\u00e9s<\/u><\/a><\/h2>\t\t\t\t<\/div>\n\t\t\t\t<\/div>\n\t\t\t\t\t<\/div>\n\t\t\t\t<\/div>\n\t\t\t\t<section class=\"elementor-section elementor-top-section elementor-element elementor-element-3b189cc7 elementor-section-boxed elementor-section-height-default elementor-section-height-default\" data-id=\"3b189cc7\" data-element_type=\"section\" data-e-type=\"section\">\n\t\t\t\t\t\t<div class=\"elementor-container elementor-column-gap-default\">\n\t\t\t\t\t<div class=\"elementor-column elementor-col-100 elementor-top-column elementor-element elementor-element-3e7113ec\" data-id=\"3e7113ec\" data-element_type=\"column\" data-e-type=\"column\">\n\t\t\t<div class=\"elementor-widget-wrap elementor-element-populated\">\n\t\t\t\t\t\t<div class=\"elementor-element elementor-element-7aa146cc elementor-widget elementor-widget-spacer\" data-id=\"7aa146cc\" data-element_type=\"widget\" data-e-type=\"widget\" data-widget_type=\"spacer.default\">\n\t\t\t\t<div class=\"elementor-widget-container\">\n\t\t\t\t\t\t\t<div class=\"elementor-spacer\">\n\t\t\t<div class=\"elementor-spacer-inner\"><\/div>\n\t\t<\/div>\n\t\t\t\t\t\t<\/div>\n\t\t\t\t<\/div>\n\t\t\t\t\t<\/div>\n\t\t<\/div>\n\t\t\t\t\t<\/div>\n\t\t<\/section>\n\t\t<div class=\"elementor-element elementor-element-7b28935a e-flex e-con-boxed e-con e-parent\" data-id=\"7b28935a\" data-element_type=\"container\" data-e-type=\"container\">\n\t\t\t\t\t<div class=\"e-con-inner\">\n\t\t\t\t<div class=\"elementor-element elementor-element-7bbb514a elementor-widget__width-initial elementor-widget-tablet__width-initial elementor-widget-mobile__width-initial elementor-widget elementor-widget-heading\" data-id=\"7bbb514a\" data-element_type=\"widget\" data-e-type=\"widget\" data-widget_type=\"heading.default\">\n\t\t\t\t<div class=\"elementor-widget-container\">\n\t\t\t\t\t<h1 class=\"elementor-heading-title elementor-size-default\">O2feel x Tous en Selle : un partenariat au c\u0153ur de la passion v\u00e9lo, du Kinepolis au Grand Rex<\/h1>\t\t\t\t<\/div>\n\t\t\t\t<\/div>\n\t\t\t\t\t<\/div>\n\t\t\t\t<\/div>\n\t\t\t\t<section class=\"elementor-section elementor-top-section elementor-element elementor-element-7731d90 elementor-section-boxed elementor-section-height-default elementor-section-height-default\" data-id=\"7731d90\" data-element_type=\"section\" data-e-type=\"section\">\n\t\t\t\t\t\t<div class=\"elementor-container elementor-column-gap-default\">\n\t\t\t\t\t<div class=\"elementor-column elementor-col-100 elementor-top-column elementor-element elementor-element-090b153\" data-id=\"090b153\" data-element_type=\"column\" data-e-type=\"column\">\n\t\t\t<div class=\"elementor-widget-wrap elementor-element-populated\">\n\t\t\t\t\t\t<div class=\"elementor-element elementor-element-c282fd7 elementor-widget elementor-widget-spacer\" data-id=\"c282fd7\" data-element_type=\"widget\" data-e-type=\"widget\" data-widget_type=\"spacer.default\">\n\t\t\t\t<div class=\"elementor-widget-container\">\n\t\t\t\t\t\t\t<div class=\"elementor-spacer\">\n\t\t\t<div class=\"elementor-spacer-inner\"><\/div>\n\t\t<\/div>\n\t\t\t\t\t\t<\/div>\n\t\t\t\t<\/div>\n\t\t\t\t\t<\/div>\n\t\t<\/div>\n\t\t\t\t\t<\/div>\n\t\t<\/section>\n\t\t<div class=\"elementor-element elementor-element-49ed6f7 e-flex e-con-boxed e-con e-parent\" data-id=\"49ed6f7\" data-element_type=\"container\" data-e-type=\"container\">\n\t\t\t\t\t<div class=\"e-con-inner\">\n\t\t<div class=\"elementor-element elementor-element-7f4a0b6 e-con-full e-flex e-con e-child\" data-id=\"7f4a0b6\" data-element_type=\"container\" data-e-type=\"container\">\n\t\t\t\t<div class=\"elementor-element elementor-element-0578d06 elementor-widget elementor-widget-image\" data-id=\"0578d06\" data-element_type=\"widget\" data-e-type=\"widget\" data-widget_type=\"image.default\">\n\t\t\t\t<div class=\"elementor-widget-container\">\n\t\t\t\t\t\t\t\t\t\t\t\t\t\t\t<img fetchpriority=\"high\" decoding=\"async\" width=\"1024\" height=\"768\" src=\"https:\/\/www.o2feel.com\/wp-content\/uploads\/2025\/12\/Paysage_TES-3-1024x768.jpg\" class=\"attachment-large size-large wp-image-116803\" alt=\"\" srcset=\"https:\/\/www.o2feel.com\/wp-content\/uploads\/2025\/12\/Paysage_TES-3-1024x768.jpg 1024w, https:\/\/www.o2feel.com\/wp-content\/uploads\/2025\/12\/Paysage_TES-3-300x225.jpg 300w, https:\/\/www.o2feel.com\/wp-content\/uploads\/2025\/12\/Paysage_TES-3-768x576.jpg 768w, https:\/\/www.o2feel.com\/wp-content\/uploads\/2025\/12\/Paysage_TES-3-1536x1152.jpg 1536w, https:\/\/www.o2feel.com\/wp-content\/uploads\/2025\/12\/Paysage_TES-3-2048x1536.jpg 2048w, https:\/\/www.o2feel.com\/wp-content\/uploads\/2025\/12\/Paysage_TES-3-1920x1440.jpg 1920w, https:\/\/www.o2feel.com\/wp-content\/uploads\/2025\/12\/Paysage_TES-3-800x600.jpg 800w, https:\/\/www.o2feel.com\/wp-content\/uploads\/2025\/12\/Paysage_TES-3-205x154.jpg 205w\" sizes=\"(max-width: 1024px) 100vw, 1024px\" \/>\t\t\t\t\t\t\t\t\t\t\t\t\t\t\t<\/div>\n\t\t\t\t<\/div>\n\t\t\t\t<\/div>\n\t\t\t\t\t<\/div>\n\t\t\t\t<\/div>\n\t\t\t\t<section class=\"elementor-section elementor-top-section elementor-element elementor-element-7ba2809 elementor-section-boxed elementor-section-height-default elementor-section-height-default\" data-id=\"7ba2809\" data-element_type=\"section\" data-e-type=\"section\">\n\t\t\t\t\t\t<div class=\"elementor-container elementor-column-gap-default\">\n\t\t\t\t\t<div class=\"elementor-column elementor-col-100 elementor-top-column elementor-element elementor-element-74616f6\" data-id=\"74616f6\" data-element_type=\"column\" data-e-type=\"column\">\n\t\t\t<div class=\"elementor-widget-wrap elementor-element-populated\">\n\t\t\t\t\t\t<div class=\"elementor-element elementor-element-54eca0b elementor-widget elementor-widget-spacer\" data-id=\"54eca0b\" data-element_type=\"widget\" data-e-type=\"widget\" data-widget_type=\"spacer.default\">\n\t\t\t\t<div class=\"elementor-widget-container\">\n\t\t\t\t\t\t\t<div class=\"elementor-spacer\">\n\t\t\t<div class=\"elementor-spacer-inner\"><\/div>\n\t\t<\/div>\n\t\t\t\t\t\t<\/div>\n\t\t\t\t<\/div>\n\t\t\t\t\t<\/div>\n\t\t<\/div>\n\t\t\t\t\t<\/div>\n\t\t<\/section>\n\t\t<div class=\"elementor-element elementor-element-ccb4f1a e-flex e-con-boxed e-con e-parent\" data-id=\"ccb4f1a\" data-element_type=\"container\" data-e-type=\"container\">\n\t\t\t\t\t<div class=\"e-con-inner\">\n\t\t\t\t<div class=\"elementor-element elementor-element-2ab0499 elementor-widget elementor-widget-heading\" data-id=\"2ab0499\" data-element_type=\"widget\" data-e-type=\"widget\" data-widget_type=\"heading.default\">\n\t\t\t\t<div class=\"elementor-widget-container\">\n\t\t\t\t\t<h2 class=\"elementor-heading-title elementor-size-default\">Une production locale pour une qualit\u00e9 optimale<\/h2>\t\t\t\t<\/div>\n\t\t\t\t<\/div>\n\t\t\t\t<div class=\"elementor-element elementor-element-f89376f elementor-widget elementor-widget-text-editor\" data-id=\"f89376f\" data-element_type=\"widget\" data-e-type=\"widget\" data-widget_type=\"text-editor.default\">\n\t\t\t\t<div class=\"elementor-widget-container\">\n\t\t\t\t\t\t\t\t\t<p>Chez <strong>O2feel<\/strong>, nous d\u00e9fendons une vision claire : le v\u00e9lo, et plus encore le <strong>v\u00e9lo \u00e9lectrique,<\/strong> est l\u2019un des moteurs de la <strong>mobilit\u00e9 douce<\/strong>. Bien plus qu\u2019un simple mode de transport, il est vecteur d\u2019\u00e9motions, de rencontres et d\u2019inspiration. C\u2019est cette conviction qui nous a conduits \u00e0 devenir partenaire du <strong>festival Tous en Selle<\/strong>, un \u00e9v\u00e9nement majeur dans l\u2019univers du v\u00e9lo.  <\/p><p>En tant que <strong>marque fran\u00e7aise de v\u00e9los \u00e9lectriques<\/strong>, nous souhaitons soutenir les initiatives qui valorisent l\u2019exp\u00e9rience v\u00e9lo en France.<\/p>\t\t\t\t\t\t\t\t<\/div>\n\t\t\t\t<\/div>\n\t\t\t\t\t<\/div>\n\t\t\t\t<\/div>\n\t\t\t\t<section class=\"elementor-section elementor-top-section elementor-element elementor-element-cadd3aa elementor-section-boxed elementor-section-height-default elementor-section-height-default\" data-id=\"cadd3aa\" data-element_type=\"section\" data-e-type=\"section\">\n\t\t\t\t\t\t<div class=\"elementor-container elementor-column-gap-default\">\n\t\t\t\t\t<div class=\"elementor-column elementor-col-100 elementor-top-column elementor-element elementor-element-2d77270\" data-id=\"2d77270\" data-element_type=\"column\" data-e-type=\"column\">\n\t\t\t<div class=\"elementor-widget-wrap elementor-element-populated\">\n\t\t\t\t\t\t<div class=\"elementor-element elementor-element-669bdf0 elementor-widget elementor-widget-spacer\" data-id=\"669bdf0\" data-element_type=\"widget\" data-e-type=\"widget\" data-widget_type=\"spacer.default\">\n\t\t\t\t<div class=\"elementor-widget-container\">\n\t\t\t\t\t\t\t<div class=\"elementor-spacer\">\n\t\t\t<div class=\"elementor-spacer-inner\"><\/div>\n\t\t<\/div>\n\t\t\t\t\t\t<\/div>\n\t\t\t\t<\/div>\n\t\t\t\t\t<\/div>\n\t\t<\/div>\n\t\t\t\t\t<\/div>\n\t\t<\/section>\n\t\t<div class=\"elementor-element elementor-element-c2fa9e6 e-con-full e-flex e-con e-parent\" data-id=\"c2fa9e6\" data-element_type=\"container\" data-e-type=\"container\">\n\t\t<div class=\"elementor-element elementor-element-12ebb31 e-con-full e-flex e-con e-child\" data-id=\"12ebb31\" data-element_type=\"container\" data-e-type=\"container\">\n\t\t\t\t<div class=\"elementor-element elementor-element-2751efe elementor-widget__width-initial elementor-widget-tablet__width-initial elementor-widget-mobile__width-inherit elementor-widget elementor-widget-heading\" data-id=\"2751efe\" data-element_type=\"widget\" data-e-type=\"widget\" data-widget_type=\"heading.default\">\n\t\t\t\t<div class=\"elementor-widget-container\">\n\t\t\t\t\t<h2 class=\"elementor-heading-title elementor-size-default\">Une pr\u00e9sence remarqu\u00e9e au Grand Rex : visibilit\u00e9 et influence dans l\u2019univers v\u00e9lo<\/h2>\t\t\t\t<\/div>\n\t\t\t\t<\/div>\n\t\t\t\t<div class=\"elementor-element elementor-element-73ea4c8 elementor-widget elementor-widget-text-editor\" data-id=\"73ea4c8\" data-element_type=\"widget\" data-e-type=\"widget\" data-widget_type=\"text-editor.default\">\n\t\t\t\t<div class=\"elementor-widget-container\">\n\t\t\t\t\t\t\t\t\t<p>Voir le nom <strong>O2feel<\/strong> s\u2019afficher sur la fa\u00e7ade du <strong>Grand Rex<\/strong>, lieu iconique de la culture parisienne, a \u00e9t\u00e9 un moment fort de notre ann\u00e9e. Cette visibilit\u00e9 nationale renforce notre position sur le march\u00e9 du v\u00e9lo \u00e9lectrique et met en lumi\u00e8re notre engagement aupr\u00e8s de la communaut\u00e9 v\u00e9lo. <\/p><p>Le festival Tous en Selle est devenu un rendez-vous incontournable qui rassemble passionn\u00e9s, professionnels, marques et m\u00e9dias sp\u00e9cialis\u00e9s autour d\u2019un objectif commun : <strong>c\u00e9l\u00e9brer l\u2019univers du v\u00e9lo sous toutes ses formes<\/strong>.<\/p><p>Notre pr\u00e9sence au Grand Rex a permis de :<\/p><ul><li><p>pr\u00e9senter nos <strong>derni\u00e8res nouveaut\u00e9s<\/strong><\/p><\/li><li><p>renforcer nos liens avec les acteurs du secteur<\/p><\/li><li><p>\u00e9changer avec des passionn\u00e9s toujours plus curieux de d\u00e9couvrir le v\u00e9lo de demain<\/p><\/li><\/ul>\t\t\t\t\t\t\t\t<\/div>\n\t\t\t\t<\/div>\n\t\t\t\t<div class=\"elementor-element elementor-element-7067a84 elementor-widget__width-initial elementor-widget-tablet__width-initial elementor-widget-mobile__width-inherit elementor-widget elementor-widget-heading\" data-id=\"7067a84\" data-element_type=\"widget\" data-e-type=\"widget\" data-widget_type=\"heading.default\">\n\t\t\t\t<div class=\"elementor-widget-container\">\n\t\t\t\t\t<h2 class=\"elementor-heading-title elementor-size-default\">Un partenariat qui confirme notre r\u00f4le dans l\u2019\u00e9cosyst\u00e8me v\u00e9lo<\/h2>\t\t\t\t<\/div>\n\t\t\t\t<\/div>\n\t\t\t\t<div class=\"elementor-element elementor-element-153dfc2 elementor-widget elementor-widget-text-editor\" data-id=\"153dfc2\" data-element_type=\"widget\" data-e-type=\"widget\" data-widget_type=\"text-editor.default\">\n\t\t\t\t<div class=\"elementor-widget-container\">\n\t\t\t\t\t\t\t\t\t<p>Notre participation au festival <em>Tous en Selle<\/em>, en national comme en local, confirme notre engagement \u00e0 soutenir les \u00e9v\u00e9nements qui font progresser la culture v\u00e9lo en France.<\/p><p>Qu\u2019ils se d\u00e9roulent dans des lieux mythiques comme le Grand Rex ou dans des salles r\u00e9gionales comme le Kinepolis de Lomme, ces rendez-vous nourrissent notre ambition : <strong>faire avancer l\u2019exp\u00e9rience du v\u00e9lo, ensemble.<\/strong><\/p>\t\t\t\t\t\t\t\t<\/div>\n\t\t\t\t<\/div>\n\t\t\t\t<\/div>\n\t\t<div class=\"elementor-element elementor-element-7949523 e-con-full elementor-hidden-mobile e-flex e-con e-child\" data-id=\"7949523\" data-element_type=\"container\" data-e-type=\"container\" data-settings=\"{&quot;background_background&quot;:&quot;classic&quot;}\">\n\t\t\t\t<\/div>\n\t\t\t\t<\/div>\n\t\t\t\t<section class=\"elementor-section elementor-top-section elementor-element elementor-element-9f61a2f elementor-section-boxed elementor-section-height-default elementor-section-height-default\" data-id=\"9f61a2f\" data-element_type=\"section\" data-e-type=\"section\">\n\t\t\t\t\t\t<div class=\"elementor-container elementor-column-gap-default\">\n\t\t\t\t\t<div class=\"elementor-column elementor-col-100 elementor-top-column elementor-element elementor-element-2dba945\" data-id=\"2dba945\" data-element_type=\"column\" data-e-type=\"column\">\n\t\t\t<div class=\"elementor-widget-wrap elementor-element-populated\">\n\t\t\t\t\t\t<div class=\"elementor-element elementor-element-4c8e7bf elementor-widget elementor-widget-spacer\" data-id=\"4c8e7bf\" data-element_type=\"widget\" data-e-type=\"widget\" data-widget_type=\"spacer.default\">\n\t\t\t\t<div class=\"elementor-widget-container\">\n\t\t\t\t\t\t\t<div class=\"elementor-spacer\">\n\t\t\t<div class=\"elementor-spacer-inner\"><\/div>\n\t\t<\/div>\n\t\t\t\t\t\t<\/div>\n\t\t\t\t<\/div>\n\t\t\t\t\t<\/div>\n\t\t<\/div>\n\t\t\t\t\t<\/div>\n\t\t<\/section>\n\t\t<div class=\"elementor-element elementor-element-2925f19 e-con-full e-flex e-con e-parent\" data-id=\"2925f19\" data-element_type=\"container\" data-e-type=\"container\">\n\t\t<div class=\"elementor-element elementor-element-c8f8a09 e-con-full e-flex e-con e-child\" data-id=\"c8f8a09\" data-element_type=\"container\" data-e-type=\"container\" data-settings=\"{&quot;background_background&quot;:&quot;classic&quot;}\">\n\t\t\t\t<\/div>\n\t\t<div class=\"elementor-element elementor-element-c128704 e-con-full e-flex e-con e-child\" data-id=\"c128704\" data-element_type=\"container\" data-e-type=\"container\">\n\t\t\t\t<div class=\"elementor-element elementor-element-9197253 elementor-widget elementor-widget-heading\" data-id=\"9197253\" data-element_type=\"widget\" data-e-type=\"widget\" data-widget_type=\"heading.default\">\n\t\t\t\t<div class=\"elementor-widget-container\">\n\t\t\t\t\t<h2 class=\"elementor-heading-title elementor-size-default\">\u00catre fort en local pour \u00eatre fort au national : O2feel partenaire de la R\u00e9gion Nord<\/h2>\t\t\t\t<\/div>\n\t\t\t\t<\/div>\n\t\t\t\t<div class=\"elementor-element elementor-element-82487ba elementor-widget elementor-widget-text-editor\" data-id=\"82487ba\" data-element_type=\"widget\" data-e-type=\"widget\" data-widget_type=\"text-editor.default\">\n\t\t\t\t<div class=\"elementor-widget-container\">\n\t\t\t\t\t\t\t\t\t<p>Au-del\u00e0 de la sc\u00e8ne parisienne, nous avons \u00e9galement choisi d\u2019\u00eatre <strong>partenaire de la tourn\u00e9e Tous en Selle \u00e0 Lomme<\/strong>, au Kinepolis. Un choix strat\u00e9gique, car O2feel est profond\u00e9ment ancr\u00e9 dans le Nord, r\u00e9gion o\u00f9 nous concevons des v\u00e9los \u00e9lectriques pens\u00e9s pour allier performance, style et ergonomie. <\/p><p>Pr\u00e9sents au <strong>Kinepolis de Lomme<\/strong>, nous avons rencontr\u00e9 une communaut\u00e9 locale dynamique, engag\u00e9e et attach\u00e9e au v\u00e9lo dans toutes ses dimensions.<br>Pour nous, cette proximit\u00e9 est essentielle :<\/p><ul><li>Elle renforce notre relation avec nos utilisateurs et partenaires,<\/li><li>Elle refl\u00e8te notre conviction que <strong>la force d\u2019une marque se construit d\u2019abord sur son territoire<\/strong>.<\/li><\/ul><p>C\u2019est en \u00e9tant <strong>forts en local<\/strong> que nous pouvons ensuite rayonner au national et porter haut les couleurs de la mobilit\u00e9 douce.<\/p>\t\t\t\t\t\t\t\t<\/div>\n\t\t\t\t<\/div>\n\t\t\t\t<\/div>\n\t\t\t\t<\/div>\n\t\t\t\t<section class=\"elementor-section elementor-top-section elementor-element elementor-element-4bcfbe16 elementor-section-boxed elementor-section-height-default elementor-section-height-default\" data-id=\"4bcfbe16\" data-element_type=\"section\" data-e-type=\"section\">\n\t\t\t\t\t\t<div class=\"elementor-container elementor-column-gap-default\">\n\t\t\t\t\t<div class=\"elementor-column elementor-col-100 elementor-top-column elementor-element elementor-element-1466f951\" data-id=\"1466f951\" data-element_type=\"column\" data-e-type=\"column\">\n\t\t\t<div class=\"elementor-widget-wrap elementor-element-populated\">\n\t\t\t\t\t\t<div class=\"elementor-element elementor-element-4f2f7a62 elementor-widget elementor-widget-spacer\" data-id=\"4f2f7a62\" data-element_type=\"widget\" data-e-type=\"widget\" data-widget_type=\"spacer.default\">\n\t\t\t\t<div class=\"elementor-widget-container\">\n\t\t\t\t\t\t\t<div class=\"elementor-spacer\">\n\t\t\t<div class=\"elementor-spacer-inner\"><\/div>\n\t\t<\/div>\n\t\t\t\t\t\t<\/div>\n\t\t\t\t<\/div>\n\t\t\t\t\t<\/div>\n\t\t<\/div>\n\t\t\t\t\t<\/div>\n\t\t<\/section>\n\t\t<div class=\"elementor-element elementor-element-605ae952 e-flex e-con-boxed e-con e-parent\" data-id=\"605ae952\" data-element_type=\"container\" data-e-type=\"container\">\n\t\t\t\t\t<div class=\"e-con-inner\">\n\t\t\t\t<div class=\"elementor-element elementor-element-42667040 elementor-widget elementor-widget-heading\" data-id=\"42667040\" data-element_type=\"widget\" data-e-type=\"widget\" data-widget_type=\"heading.default\">\n\t\t\t\t<div class=\"elementor-widget-container\">\n\t\t\t\t\t<h2 class=\"elementor-heading-title elementor-size-default\">Des rencontres inspirantes au c\u0153ur de la communaut\u00e9 v\u00e9lo<\/h2>\t\t\t\t<\/div>\n\t\t\t\t<\/div>\n\t\t\t\t<div class=\"elementor-element elementor-element-625ffa94 elementor-widget elementor-widget-text-editor\" data-id=\"625ffa94\" data-element_type=\"widget\" data-e-type=\"widget\" data-widget_type=\"text-editor.default\">\n\t\t\t\t<div class=\"elementor-widget-container\">\n\t\t\t\t\t\t\t\t\t<p>Que ce soit au Grand Rex ou au Kinepolis de Lomme, le festival <em>Tous en Selle<\/em> nous a permis de dialoguer avec toutes celles et ceux qui font l\u2019\u00e9cosyst\u00e8me du v\u00e9lo : passionn\u00e9s, distributeurs, professionnels, m\u00e9dias sp\u00e9cialis\u00e9s et n\u00e9ophytes en qu\u00eate d\u2019inspiration.<\/p><p>Ces \u00e9changes nourrissent notre mission : proposer des <strong>v\u00e9los \u00e9lectriques <\/strong>qui r\u00e9pondent concr\u00e8tement aux besoins de mobilit\u00e9 d\u2019aujourd\u2019hui et de demain.<\/p>\t\t\t\t\t\t\t\t<\/div>\n\t\t\t\t<\/div>\n\t\t\t\t\t<\/div>\n\t\t\t\t<\/div>\n\t\t<div class=\"elementor-element elementor-element-d54d383 e-flex e-con-boxed e-con e-parent\" data-id=\"d54d383\" data-element_type=\"container\" data-e-type=\"container\">\n\t\t\t\t\t<div class=\"e-con-inner\">\n\t\t\t\t<div class=\"elementor-element elementor-element-f9d2fe5 elementor-widget-mobile__width-initial elementor-widget elementor-widget-heading\" data-id=\"f9d2fe5\" data-element_type=\"widget\" data-e-type=\"widget\" data-widget_type=\"heading.default\">\n\t\t\t\t<div class=\"elementor-widget-container\">\n\t\t\t\t\t<h2 class=\"elementor-heading-title elementor-size-default\">Un grand merci \u00e0 la communaut\u00e9 v\u00e9lo \u2764\ufe0f<\/h2>\t\t\t\t<\/div>\n\t\t\t\t<\/div>\n\t\t\t\t<div class=\"elementor-element elementor-element-7075a0b elementor-widget elementor-widget-text-editor\" data-id=\"7075a0b\" data-element_type=\"widget\" data-e-type=\"widget\" data-widget_type=\"text-editor.default\">\n\t\t\t\t<div class=\"elementor-widget-container\">\n\t\t\t\t\t\t\t\t\t<p>Nous remercions chaleureusement l\u2019\u00e9quipe <strong>Tous en Selle<\/strong>, le Grand Rex, le Kinepolis de Lomme, ainsi que tous les passionn\u00e9s et professionnels rencontr\u00e9s durant cette tourn\u00e9e.<\/p><p>Chez O2feel, nous continuerons de soutenir les initiatives qui valorisent la pratique du v\u00e9lo, la mobilit\u00e9 douce et l\u2019innovation au service des cyclistes.<\/p>\t\t\t\t\t\t\t\t<\/div>\n\t\t\t\t<\/div>\n\t\t\t\t\t<\/div>\n\t\t\t\t<\/div>\n\t\t\t\t<section class=\"elementor-section elementor-top-section elementor-element elementor-element-2ecd1755 elementor-section-boxed elementor-section-height-default elementor-section-height-default\" data-id=\"2ecd1755\" data-element_type=\"section\" data-e-type=\"section\">\n\t\t\t\t\t\t<div class=\"elementor-container elementor-column-gap-default\">\n\t\t\t\t\t<div class=\"elementor-column elementor-col-100 elementor-top-column elementor-element elementor-element-516e33fa\" data-id=\"516e33fa\" data-element_type=\"column\" data-e-type=\"column\">\n\t\t\t<div class=\"elementor-widget-wrap elementor-element-populated\">\n\t\t\t\t\t\t<div class=\"elementor-element elementor-element-4ac7d05c elementor-widget elementor-widget-spacer\" data-id=\"4ac7d05c\" data-element_type=\"widget\" data-e-type=\"widget\" data-widget_type=\"spacer.default\">\n\t\t\t\t<div class=\"elementor-widget-container\">\n\t\t\t\t\t\t\t<div class=\"elementor-spacer\">\n\t\t\t<div class=\"elementor-spacer-inner\"><\/div>\n\t\t<\/div>\n\t\t\t\t\t\t<\/div>\n\t\t\t\t<\/div>\n\t\t\t\t\t<\/div>\n\t\t<\/div>\n\t\t\t\t\t<\/div>\n\t\t<\/section>\n\t\t<div class=\"elementor-element elementor-element-cd32663 e-flex e-con-boxed e-con e-parent\" data-id=\"cd32663\" data-element_type=\"container\" data-e-type=\"container\">\n\t\t\t\t\t<div class=\"e-con-inner\">\n\t\t\t\t<div class=\"elementor-element elementor-element-12ad67f8 elementor-widget elementor-widget-heading\" data-id=\"12ad67f8\" data-element_type=\"widget\" data-e-type=\"widget\" data-widget_type=\"heading.default\">\n\t\t\t\t<div class=\"elementor-widget-container\">\n\t\t\t\t\t<h2 class=\"elementor-heading-title elementor-size-default\"><a href=\"https:\/\/www.o2feel.com\/actualites\/\">&lt; Revenir \u00e0 <u>Nos Actualit\u00e9s<\/u><\/a><\/h2>\t\t\t\t<\/div>\n\t\t\t\t<\/div>\n\t\t\t\t\t<\/div>\n\t\t\t\t<\/div>\n\t\t\t\t<\/div>\n\t\t","protected":false},"excerpt":{"rendered":"<p>&lt; Revenir \u00e0 Nos Actualit\u00e9s O2feel x Tous en Selle : un partenariat au c\u0153ur de la passion v\u00e9lo, du Kinepolis au &hellip;<\/p>\n","protected":false},"author":21,"featured_media":0,"parent":102690,"menu_order":0,"comment_status":"closed","ping_status":"closed","template":"","meta":{"footnotes":""},"class_list":["post-116945","page","type-page","status-publish","hentry"],"_links":{"self":[{"href":"https:\/\/www.o2feel.com\/fr-be\/wp-json\/wp\/v2\/pages\/116945","targetHints":{"allow":["GET"]}}],"collection":[{"href":"https:\/\/www.o2feel.com\/fr-be\/wp-json\/wp\/v2\/pages"}],"about":[{"href":"https:\/\/www.o2feel.com\/fr-be\/wp-json\/wp\/v2\/types\/page"}],"author":[{"embeddable":true,"href":"https:\/\/www.o2feel.com\/fr-be\/wp-json\/wp\/v2\/users\/21"}],"replies":[{"embeddable":true,"href":"https:\/\/www.o2feel.com\/fr-be\/wp-json\/wp\/v2\/comments?post=116945"}],"version-history":[{"count":0,"href":"https:\/\/www.o2feel.com\/fr-be\/wp-json\/wp\/v2\/pages\/116945\/revisions"}],"up":[{"embeddable":true,"href":"https:\/\/www.o2feel.com\/fr-be\/wp-json\/wp\/v2\/pages\/102690"}],"wp:attachment":[{"href":"https:\/\/www.o2feel.com\/fr-be\/wp-json\/wp\/v2\/media?parent=116945"}],"curies":[{"name":"wp","href":"https:\/\/api.w.org\/{rel}","templated":true}]}}