{"id":102727,"date":"2025-03-17T15:12:50","date_gmt":"2025-03-17T14:12:50","guid":{"rendered":"https:\/\/www.o2feel.com\/actualites\/o2feel-x-serie-mania-2025\/"},"modified":"2025-03-18T12:19:23","modified_gmt":"2025-03-18T11:19:23","slug":"o2feel-x-serie-mania-2025","status":"publish","type":"page","link":"https:\/\/www.o2feel.com\/fr-be\/actualites\/o2feel-x-serie-mania-2025\/","title":{"rendered":"O2feel x Serie Mania 2025"},"content":{"rendered":"\t\t<div data-elementor-type=\"wp-page\" data-elementor-id=\"102727\" class=\"elementor elementor-102727 elementor-102588\" data-elementor-post-type=\"page\">\n\t\t\t\t\t\t<section class=\"elementor-section elementor-top-section elementor-element elementor-element-1a3b443a elementor-section-boxed elementor-section-height-default elementor-section-height-default\" data-id=\"1a3b443a\" data-element_type=\"section\" data-e-type=\"section\">\n\t\t\t\t\t\t<div class=\"elementor-container elementor-column-gap-default\">\n\t\t\t\t\t<div class=\"elementor-column elementor-col-100 elementor-top-column elementor-element elementor-element-406e9e49\" data-id=\"406e9e49\" data-element_type=\"column\" data-e-type=\"column\">\n\t\t\t<div class=\"elementor-widget-wrap elementor-element-populated\">\n\t\t\t\t\t\t<div class=\"elementor-element elementor-element-68c100f9 elementor-widget elementor-widget-spacer\" data-id=\"68c100f9\" data-element_type=\"widget\" data-e-type=\"widget\" data-widget_type=\"spacer.default\">\n\t\t\t\t<div class=\"elementor-widget-container\">\n\t\t\t\t\t\t\t<div class=\"elementor-spacer\">\n\t\t\t<div class=\"elementor-spacer-inner\"><\/div>\n\t\t<\/div>\n\t\t\t\t\t\t<\/div>\n\t\t\t\t<\/div>\n\t\t\t\t\t<\/div>\n\t\t<\/div>\n\t\t\t\t\t<\/div>\n\t\t<\/section>\n\t\t<div class=\"elementor-element elementor-element-2aed27f6 e-flex e-con-boxed e-con e-parent\" data-id=\"2aed27f6\" data-element_type=\"container\" data-e-type=\"container\">\n\t\t\t\t\t<div class=\"e-con-inner\">\n\t\t\t\t<div class=\"elementor-element elementor-element-6668ac30 elementor-widget elementor-widget-heading\" data-id=\"6668ac30\" data-element_type=\"widget\" data-e-type=\"widget\" data-widget_type=\"heading.default\">\n\t\t\t\t<div class=\"elementor-widget-container\">\n\t\t\t\t\t<h2 class=\"elementor-heading-title elementor-size-default\"><a href=\"https:\/\/www.o2feel.com\/actualites\/\">&lt; <u>Nos Actualit\u00e9s<\/u><\/a><\/h2>\t\t\t\t<\/div>\n\t\t\t\t<\/div>\n\t\t\t\t\t<\/div>\n\t\t\t\t<\/div>\n\t\t\t\t<section class=\"elementor-section elementor-top-section elementor-element elementor-element-4d05323e elementor-section-boxed elementor-section-height-default elementor-section-height-default\" data-id=\"4d05323e\" data-element_type=\"section\" data-e-type=\"section\">\n\t\t\t\t\t\t<div class=\"elementor-container elementor-column-gap-default\">\n\t\t\t\t\t<div class=\"elementor-column elementor-col-100 elementor-top-column elementor-element elementor-element-6fea17d2\" data-id=\"6fea17d2\" data-element_type=\"column\" data-e-type=\"column\">\n\t\t\t<div class=\"elementor-widget-wrap elementor-element-populated\">\n\t\t\t\t\t\t<div class=\"elementor-element elementor-element-2b0649db elementor-widget elementor-widget-spacer\" data-id=\"2b0649db\" data-element_type=\"widget\" data-e-type=\"widget\" data-widget_type=\"spacer.default\">\n\t\t\t\t<div class=\"elementor-widget-container\">\n\t\t\t\t\t\t\t<div class=\"elementor-spacer\">\n\t\t\t<div class=\"elementor-spacer-inner\"><\/div>\n\t\t<\/div>\n\t\t\t\t\t\t<\/div>\n\t\t\t\t<\/div>\n\t\t\t\t\t<\/div>\n\t\t<\/div>\n\t\t\t\t\t<\/div>\n\t\t<\/section>\n\t\t<div class=\"elementor-element elementor-element-38b2e356 e-flex e-con-boxed e-con e-parent\" data-id=\"38b2e356\" data-element_type=\"container\" data-e-type=\"container\">\n\t\t\t\t\t<div class=\"e-con-inner\">\n\t\t\t\t<div class=\"elementor-element elementor-element-6fb4f7ed elementor-widget elementor-widget-heading\" data-id=\"6fb4f7ed\" data-element_type=\"widget\" data-e-type=\"widget\" data-widget_type=\"heading.default\">\n\t\t\t\t<div class=\"elementor-widget-container\">\n\t\t\t\t\t<h1 class=\"elementor-heading-title elementor-size-default\">O2feel x S\u00e9ries Mania : un partenariat RSE pour une mobilit\u00e9 durable et culturelle<\/h1>\t\t\t\t<\/div>\n\t\t\t\t<\/div>\n\t\t\t\t\t<\/div>\n\t\t\t\t<\/div>\n\t\t\t\t<section class=\"elementor-section elementor-top-section elementor-element elementor-element-62cdb60f elementor-section-boxed elementor-section-height-default elementor-section-height-default\" data-id=\"62cdb60f\" data-element_type=\"section\" data-e-type=\"section\">\n\t\t\t\t\t\t<div class=\"elementor-container elementor-column-gap-default\">\n\t\t\t\t\t<div class=\"elementor-column elementor-col-100 elementor-top-column elementor-element elementor-element-4aed4742\" data-id=\"4aed4742\" data-element_type=\"column\" data-e-type=\"column\">\n\t\t\t<div class=\"elementor-widget-wrap elementor-element-populated\">\n\t\t\t\t\t\t<div class=\"elementor-element elementor-element-2d045733 elementor-widget elementor-widget-spacer\" data-id=\"2d045733\" data-element_type=\"widget\" data-e-type=\"widget\" data-widget_type=\"spacer.default\">\n\t\t\t\t<div class=\"elementor-widget-container\">\n\t\t\t\t\t\t\t<div class=\"elementor-spacer\">\n\t\t\t<div class=\"elementor-spacer-inner\"><\/div>\n\t\t<\/div>\n\t\t\t\t\t\t<\/div>\n\t\t\t\t<\/div>\n\t\t\t\t\t<\/div>\n\t\t<\/div>\n\t\t\t\t\t<\/div>\n\t\t<\/section>\n\t\t\t\t<section class=\"elementor-section elementor-top-section elementor-element elementor-element-e4b97a4 elementor-section-stretched elementor-section-boxed elementor-section-height-default elementor-section-height-default\" data-id=\"e4b97a4\" data-element_type=\"section\" data-e-type=\"section\" data-settings=\"{&quot;stretch_section&quot;:&quot;section-stretched&quot;}\">\n\t\t\t\t\t\t<div class=\"elementor-container elementor-column-gap-default\">\n\t\t\t\t\t<div class=\"elementor-column elementor-col-100 elementor-top-column elementor-element elementor-element-420c1d43\" data-id=\"420c1d43\" data-element_type=\"column\" data-e-type=\"column\">\n\t\t\t<div class=\"elementor-widget-wrap elementor-element-populated\">\n\t\t\t\t\t\t<div class=\"elementor-element elementor-element-cad3668 elementor-widget elementor-widget-image\" data-id=\"cad3668\" data-element_type=\"widget\" data-e-type=\"widget\" data-widget_type=\"image.default\">\n\t\t\t\t<div class=\"elementor-widget-container\">\n\t\t\t\t\t\t\t\t\t\t\t\t\t\t\t<img fetchpriority=\"high\" decoding=\"async\" width=\"850\" height=\"400\" src=\"https:\/\/www.o2feel.com\/wp-content\/uploads\/2025\/03\/Banniere-o2feelxseriemania-Page-Nos-Actus-1.jpg\" class=\"attachment-full size-full wp-image-102667\" alt=\"\" srcset=\"https:\/\/www.o2feel.com\/wp-content\/uploads\/2025\/03\/Banniere-o2feelxseriemania-Page-Nos-Actus-1.jpg 850w, https:\/\/www.o2feel.com\/wp-content\/uploads\/2025\/03\/Banniere-o2feelxseriemania-Page-Nos-Actus-1-300x141.jpg 300w, https:\/\/www.o2feel.com\/wp-content\/uploads\/2025\/03\/Banniere-o2feelxseriemania-Page-Nos-Actus-1-768x361.jpg 768w, https:\/\/www.o2feel.com\/wp-content\/uploads\/2025\/03\/Banniere-o2feelxseriemania-Page-Nos-Actus-1-220x104.jpg 220w, https:\/\/www.o2feel.com\/wp-content\/uploads\/2025\/03\/Banniere-o2feelxseriemania-Page-Nos-Actus-1-800x376.jpg 800w\" sizes=\"(max-width: 850px) 100vw, 850px\" \/>\t\t\t\t\t\t\t\t\t\t\t\t\t\t\t<\/div>\n\t\t\t\t<\/div>\n\t\t\t\t\t<\/div>\n\t\t<\/div>\n\t\t\t\t\t<\/div>\n\t\t<\/section>\n\t\t\t\t<section class=\"elementor-section elementor-top-section elementor-element elementor-element-448de9 elementor-section-boxed elementor-section-height-default elementor-section-height-default\" data-id=\"448de9\" data-element_type=\"section\" data-e-type=\"section\">\n\t\t\t\t\t\t<div class=\"elementor-container elementor-column-gap-default\">\n\t\t\t\t\t<div class=\"elementor-column elementor-col-100 elementor-top-column elementor-element elementor-element-436153fc\" data-id=\"436153fc\" data-element_type=\"column\" data-e-type=\"column\">\n\t\t\t<div class=\"elementor-widget-wrap elementor-element-populated\">\n\t\t\t\t\t\t<div class=\"elementor-element elementor-element-4fcc436d elementor-widget elementor-widget-spacer\" data-id=\"4fcc436d\" data-element_type=\"widget\" data-e-type=\"widget\" data-widget_type=\"spacer.default\">\n\t\t\t\t<div class=\"elementor-widget-container\">\n\t\t\t\t\t\t\t<div class=\"elementor-spacer\">\n\t\t\t<div class=\"elementor-spacer-inner\"><\/div>\n\t\t<\/div>\n\t\t\t\t\t\t<\/div>\n\t\t\t\t<\/div>\n\t\t\t\t\t<\/div>\n\t\t<\/div>\n\t\t\t\t\t<\/div>\n\t\t<\/section>\n\t\t<div class=\"elementor-element elementor-element-2de87f3 e-con-full e-flex e-con e-parent\" data-id=\"2de87f3\" data-element_type=\"container\" data-e-type=\"container\">\n\t\t<div class=\"elementor-element elementor-element-42fa816 e-con-full e-flex e-con e-child\" data-id=\"42fa816\" data-element_type=\"container\" data-e-type=\"container\">\n\t\t\t\t<div class=\"elementor-element elementor-element-56f619fe elementor-widget elementor-widget-heading\" data-id=\"56f619fe\" data-element_type=\"widget\" data-e-type=\"widget\" data-widget_type=\"heading.default\">\n\t\t\t\t<div class=\"elementor-widget-container\">\n\t\t\t\t\t<h2 class=\"elementor-heading-title elementor-size-default\">O2feel, partenaire officiel du Festival S\u00e9ries Mania 2025<\/h2>\t\t\t\t<\/div>\n\t\t\t\t<\/div>\n\t\t\t\t<div class=\"elementor-element elementor-element-32a1e742 elementor-widget elementor-widget-text-editor\" data-id=\"32a1e742\" data-element_type=\"widget\" data-e-type=\"widget\" data-widget_type=\"text-editor.default\">\n\t\t\t\t<div class=\"elementor-widget-container\">\n\t\t\t\t\t\t\t\t\t<p>Cette ann\u00e9e encore, <strong>O2feel s\u2019engage aux c\u00f4t\u00e9s du festival S\u00e9ries Mania<\/strong> en tant que <strong>partenaire RSE<\/strong> pour promouvoir une mobilit\u00e9 plus douce et responsable. Bas\u00e9s tous deux dans les Hauts-de-France, <strong>O2feel et S\u00e9ries Mania partagent des valeurs communes<\/strong> : la d\u00e9couverte, la simplicit\u00e9 et l\u2019am\u00e9lioration de la qualit\u00e9 de vie, que ce soit \u00e0 travers la culture ou la mobilit\u00e9 durable. <\/p>\n\t\t\t\t\t\t\t\t<\/div>\n\t\t\t\t<\/div>\n\t\t\t\t<div class=\"elementor-element elementor-element-e1f02aa elementor-widget elementor-widget-heading\" data-id=\"e1f02aa\" data-element_type=\"widget\" data-e-type=\"widget\" data-widget_type=\"heading.default\">\n\t\t\t\t<div class=\"elementor-widget-container\">\n\t\t\t\t\t<h2 class=\"elementor-heading-title elementor-size-default\">Des v\u00e9los \u00e9lectriques O2feel au service du festival\n<\/h2>\t\t\t\t<\/div>\n\t\t\t\t<\/div>\n\t\t\t\t<div class=\"elementor-element elementor-element-3c3a4e5 elementor-widget elementor-widget-text-editor\" data-id=\"3c3a4e5\" data-element_type=\"widget\" data-e-type=\"widget\" data-widget_type=\"text-editor.default\">\n\t\t\t\t<div class=\"elementor-widget-container\">\n\t\t\t\t\t\t\t\t\t<p>Pour cette \u00e9dition 2025, <strong>O2feel met \u00e0 disposition une flotte de v\u00e9los \u00e9lectriques<\/strong> destin\u00e9e aux <strong>salari\u00e9s et b\u00e9n\u00e9voles<\/strong> du festival. Une solution pratique, \u00e9cologique et rapide pour se d\u00e9placer entre les diff\u00e9rents lieux de projection et d\u2019\u00e9v\u00e9nements. <\/p>\n\t\t\t\t\t\t\t\t<\/div>\n\t\t\t\t<\/div>\n\t\t\t\t<div class=\"elementor-element elementor-element-936814c elementor-widget elementor-widget-text-editor\" data-id=\"936814c\" data-element_type=\"widget\" data-e-type=\"widget\" data-widget_type=\"text-editor.default\">\n\t\t\t\t<div class=\"elementor-widget-container\">\n\t\t\t\t\t\t\t\t\t<p><strong>Nouveaut\u00e9 cette ann\u00e9e<\/strong> : un <strong>parking s\u00e9curis\u00e9 gratuit<\/strong> sera install\u00e9 sur le festival, avec plusieurs avantages exclusifs pour les cyclistes :<br \/><strong>&#8211; Recharge gratuite<\/strong> pour les v\u00e9los \u00e9lectriques<br \/><strong>&#8211; Consigne pour casque<\/strong> pendant une projection ou une masterclass<br \/><strong>&#8211; Emplacements surveill\u00e9s<\/strong> pour garer son v\u00e9lo en toute s\u00e9r\u00e9nit\u00e9<\/p>\n\t\t\t\t\t\t\t\t<\/div>\n\t\t\t\t<\/div>\n\t\t\t\t<\/div>\n\t\t<div class=\"elementor-element elementor-element-d1a5917 e-con-full e-flex e-con e-child\" data-id=\"d1a5917\" data-element_type=\"container\" data-e-type=\"container\" data-settings=\"{&quot;background_background&quot;:&quot;classic&quot;}\">\n\t\t\t\t<\/div>\n\t\t\t\t<\/div>\n\t\t\t\t<section class=\"elementor-section elementor-top-section elementor-element elementor-element-82d35b2 elementor-section-boxed elementor-section-height-default elementor-section-height-default\" data-id=\"82d35b2\" data-element_type=\"section\" data-e-type=\"section\">\n\t\t\t\t\t\t<div class=\"elementor-container elementor-column-gap-default\">\n\t\t\t\t\t<div class=\"elementor-column elementor-col-100 elementor-top-column elementor-element elementor-element-c8fa33f\" data-id=\"c8fa33f\" data-element_type=\"column\" data-e-type=\"column\">\n\t\t\t<div class=\"elementor-widget-wrap elementor-element-populated\">\n\t\t\t\t\t\t<div class=\"elementor-element elementor-element-3e45aae elementor-widget elementor-widget-spacer\" data-id=\"3e45aae\" data-element_type=\"widget\" data-e-type=\"widget\" data-widget_type=\"spacer.default\">\n\t\t\t\t<div class=\"elementor-widget-container\">\n\t\t\t\t\t\t\t<div class=\"elementor-spacer\">\n\t\t\t<div class=\"elementor-spacer-inner\"><\/div>\n\t\t<\/div>\n\t\t\t\t\t\t<\/div>\n\t\t\t\t<\/div>\n\t\t\t\t\t<\/div>\n\t\t<\/div>\n\t\t\t\t\t<\/div>\n\t\t<\/section>\n\t\t<div class=\"elementor-element elementor-element-7fb4410e e-flex e-con-boxed e-con e-parent\" data-id=\"7fb4410e\" data-element_type=\"container\" data-e-type=\"container\">\n\t\t\t\t\t<div class=\"e-con-inner\">\n\t\t\t\t<div class=\"elementor-element elementor-element-38447ee elementor-widget elementor-widget-heading\" data-id=\"38447ee\" data-element_type=\"widget\" data-e-type=\"widget\" data-widget_type=\"heading.default\">\n\t\t\t\t<div class=\"elementor-widget-container\">\n\t\t\t\t\t<h2 class=\"elementor-heading-title elementor-size-default\">2025 : Un parcours in\u00e9dit \u00e0 v\u00e9lo sur les lieux de tournage \u00e0 Lille<\/h2>\t\t\t\t<\/div>\n\t\t\t\t<\/div>\n\t\t\t\t<div class=\"elementor-element elementor-element-3383eced elementor-widget elementor-widget-text-editor\" data-id=\"3383eced\" data-element_type=\"widget\" data-e-type=\"widget\" data-widget_type=\"text-editor.default\">\n\t\t\t\t<div class=\"elementor-widget-container\">\n\t\t\t\t\t\t\t\t\t<p>O2feel et S\u00e9ries Mania poursuivent leur engagement en <strong>2025 avec une exp\u00e9rience unique<\/strong> : un <strong>parcours d\u00e9couverte des lieux de tournage \u00e0 Lille \u00e0 v\u00e9lo<\/strong>, accompagn\u00e9 par un guide de l\u2019Office du Tourisme et les \u00e9quipes O2feel. Une nouvelle fa\u00e7on d\u2019explorer la ville sous un autre regard, en alliant <strong>passion pour les s\u00e9ries et plaisir du v\u00e9lo<\/strong>. <\/p>\n\t\t\t\t\t\t\t\t<\/div>\n\t\t\t\t<\/div>\n\t\t\t\t\t<\/div>\n\t\t\t\t<\/div>\n\t\t<div class=\"elementor-element elementor-element-388e19c9 e-flex e-con-boxed e-con e-parent\" data-id=\"388e19c9\" data-element_type=\"container\" data-e-type=\"container\">\n\t\t\t\t\t<div class=\"e-con-inner\">\n\t\t\t\t<div class=\"elementor-element elementor-element-3135cc2e elementor-widget elementor-widget-heading\" data-id=\"3135cc2e\" data-element_type=\"widget\" data-e-type=\"widget\" data-widget_type=\"heading.default\">\n\t\t\t\t<div class=\"elementor-widget-container\">\n\t\t\t\t\t<h2 class=\"elementor-heading-title elementor-size-default\">Un engagement commun pour une mobilit\u00e9 culturelle et durable<\/h2>\t\t\t\t<\/div>\n\t\t\t\t<\/div>\n\t\t\t\t<div class=\"elementor-element elementor-element-7c0b6941 elementor-widget elementor-widget-text-editor\" data-id=\"7c0b6941\" data-element_type=\"widget\" data-e-type=\"widget\" data-widget_type=\"text-editor.default\">\n\t\t\t\t<div class=\"elementor-widget-container\">\n\t\t\t\t\t\t\t\t\t<p>S\u2019associer \u00e0 <strong>S\u00e9ries Mania<\/strong>, c\u2019est affirmer notre engagement en faveur d\u2019une <strong>mobilit\u00e9 plus intelligente, plus fluide et plus agr\u00e9able en ville<\/strong>. Ce partenariat incarne notre vision : <strong>faciliter les d\u00e9placements tout en valorisant l\u2019exp\u00e9rience culturelle<\/strong>. <\/p>\n<p><strong>Retrouvez-nous sur le festival et d\u00e9couvrez comment le v\u00e9lo \u00e9lectrique peut transformer votre quotidien !<\/strong><\/p>\n\t\t\t\t\t\t\t\t<\/div>\n\t\t\t\t<\/div>\n\t\t\t\t\t<\/div>\n\t\t\t\t<\/div>\n\t\t\t\t<section class=\"elementor-section elementor-top-section elementor-element elementor-element-722a6942 elementor-section-boxed elementor-section-height-default elementor-section-height-default\" data-id=\"722a6942\" data-element_type=\"section\" data-e-type=\"section\">\n\t\t\t\t\t\t<div class=\"elementor-container elementor-column-gap-default\">\n\t\t\t\t\t<div class=\"elementor-column elementor-col-100 elementor-top-column elementor-element elementor-element-63ec43e3\" data-id=\"63ec43e3\" data-element_type=\"column\" data-e-type=\"column\">\n\t\t\t<div class=\"elementor-widget-wrap elementor-element-populated\">\n\t\t\t\t\t\t<div class=\"elementor-element elementor-element-7448a3 elementor-widget elementor-widget-spacer\" data-id=\"7448a3\" data-element_type=\"widget\" data-e-type=\"widget\" data-widget_type=\"spacer.default\">\n\t\t\t\t<div class=\"elementor-widget-container\">\n\t\t\t\t\t\t\t<div class=\"elementor-spacer\">\n\t\t\t<div class=\"elementor-spacer-inner\"><\/div>\n\t\t<\/div>\n\t\t\t\t\t\t<\/div>\n\t\t\t\t<\/div>\n\t\t\t\t\t<\/div>\n\t\t<\/div>\n\t\t\t\t\t<\/div>\n\t\t<\/section>\n\t\t<div class=\"elementor-element elementor-element-37e11cac e-flex e-con-boxed e-con e-parent\" data-id=\"37e11cac\" data-element_type=\"container\" data-e-type=\"container\">\n\t\t\t\t\t<div class=\"e-con-inner\">\n\t\t\t\t<div class=\"elementor-element elementor-element-677adf0c elementor-widget elementor-widget-heading\" data-id=\"677adf0c\" data-element_type=\"widget\" data-e-type=\"widget\" data-widget_type=\"heading.default\">\n\t\t\t\t<div class=\"elementor-widget-container\">\n\t\t\t\t\t<h2 class=\"elementor-heading-title elementor-size-default\"><a href=\"https:\/\/www.o2feel.com\/actualites\/\">&lt; <u>Nos Actualit\u00e9s<\/u><\/a><\/h2>\t\t\t\t<\/div>\n\t\t\t\t<\/div>\n\t\t\t\t\t<\/div>\n\t\t\t\t<\/div>\n\t\t\t\t<\/div>\n\t\t","protected":false},"excerpt":{"rendered":"<p>&lt; Nos Actualit\u00e9s O2feel x S\u00e9ries Mania : un partenariat RSE pour une mobilit\u00e9 durable et culturelle O2feel, partenaire officiel du Festival &hellip;<\/p>\n","protected":false},"author":21,"featured_media":0,"parent":102690,"menu_order":0,"comment_status":"closed","ping_status":"closed","template":"","meta":{"footnotes":""},"class_list":["post-102727","page","type-page","status-publish","hentry"],"_links":{"self":[{"href":"https:\/\/www.o2feel.com\/fr-be\/wp-json\/wp\/v2\/pages\/102727","targetHints":{"allow":["GET"]}}],"collection":[{"href":"https:\/\/www.o2feel.com\/fr-be\/wp-json\/wp\/v2\/pages"}],"about":[{"href":"https:\/\/www.o2feel.com\/fr-be\/wp-json\/wp\/v2\/types\/page"}],"author":[{"embeddable":true,"href":"https:\/\/www.o2feel.com\/fr-be\/wp-json\/wp\/v2\/users\/21"}],"replies":[{"embeddable":true,"href":"https:\/\/www.o2feel.com\/fr-be\/wp-json\/wp\/v2\/comments?post=102727"}],"version-history":[{"count":0,"href":"https:\/\/www.o2feel.com\/fr-be\/wp-json\/wp\/v2\/pages\/102727\/revisions"}],"up":[{"embeddable":true,"href":"https:\/\/www.o2feel.com\/fr-be\/wp-json\/wp\/v2\/pages\/102690"}],"wp:attachment":[{"href":"https:\/\/www.o2feel.com\/fr-be\/wp-json\/wp\/v2\/media?parent=102727"}],"curies":[{"name":"wp","href":"https:\/\/api.w.org\/{rel}","templated":true}]}}