{"id":100639,"date":"2025-01-28T11:29:29","date_gmt":"2025-01-28T10:29:29","guid":{"rendered":"https:\/\/www.o2feel.com\/?page_id=100639"},"modified":"2025-01-29T12:14:48","modified_gmt":"2025-01-29T11:14:48","slug":"assurance","status":"publish","type":"page","link":"https:\/\/www.o2feel.com\/fr-be\/assurance\/","title":{"rendered":"Assurance"},"content":{"rendered":"\t\t<div data-elementor-type=\"wp-page\" data-elementor-id=\"100639\" class=\"elementor elementor-100639 elementor-100616\" data-elementor-post-type=\"page\">\n\t\t\t\t\t\t<section class=\"elementor-section elementor-top-section elementor-element elementor-element-dd35aac elementor-section-boxed elementor-section-height-default elementor-section-height-default\" data-id=\"dd35aac\" data-element_type=\"section\" data-e-type=\"section\">\n\t\t\t\t\t\t<div class=\"elementor-container elementor-column-gap-default\">\n\t\t\t\t\t<div class=\"elementor-column elementor-col-100 elementor-top-column elementor-element elementor-element-9b59c3b\" data-id=\"9b59c3b\" data-element_type=\"column\" data-e-type=\"column\">\n\t\t\t<div class=\"elementor-widget-wrap elementor-element-populated\">\n\t\t\t\t\t\t<div class=\"elementor-element elementor-element-3cb304f elementor-widget elementor-widget-spacer\" data-id=\"3cb304f\" data-element_type=\"widget\" data-e-type=\"widget\" data-widget_type=\"spacer.default\">\n\t\t\t\t<div class=\"elementor-widget-container\">\n\t\t\t\t\t\t\t<div class=\"elementor-spacer\">\n\t\t\t<div class=\"elementor-spacer-inner\"><\/div>\n\t\t<\/div>\n\t\t\t\t\t\t<\/div>\n\t\t\t\t<\/div>\n\t\t\t\t\t<\/div>\n\t\t<\/div>\n\t\t\t\t\t<\/div>\n\t\t<\/section>\n\t\t\t\t<section class=\"elementor-section elementor-top-section elementor-element elementor-element-24e7b90 elementor-section-full_width elementor-section-stretched elementor-section-height-default elementor-section-height-default\" data-id=\"24e7b90\" data-element_type=\"section\" data-e-type=\"section\" data-settings=\"{&quot;stretch_section&quot;:&quot;section-stretched&quot;}\">\n\t\t\t\t\t\t<div class=\"elementor-container elementor-column-gap-default\">\n\t\t\t\t\t<div class=\"elementor-column elementor-col-100 elementor-top-column elementor-element elementor-element-d039dad\" data-id=\"d039dad\" data-element_type=\"column\" data-e-type=\"column\" data-settings=\"{&quot;background_background&quot;:&quot;classic&quot;}\">\n\t\t\t<div class=\"elementor-widget-wrap elementor-element-populated\">\n\t\t\t\t\t\t<div class=\"elementor-element elementor-element-fc79e1c elementor-widget elementor-widget-spacer\" data-id=\"fc79e1c\" data-element_type=\"widget\" data-e-type=\"widget\" data-widget_type=\"spacer.default\">\n\t\t\t\t<div class=\"elementor-widget-container\">\n\t\t\t\t\t\t\t<div class=\"elementor-spacer\">\n\t\t\t<div class=\"elementor-spacer-inner\"><\/div>\n\t\t<\/div>\n\t\t\t\t\t\t<\/div>\n\t\t\t\t<\/div>\n\t\t\t\t<div class=\"elementor-element elementor-element-62e2cfd elementor-widget elementor-widget-heading\" data-id=\"62e2cfd\" data-element_type=\"widget\" data-e-type=\"widget\" data-widget_type=\"heading.default\">\n\t\t\t\t<div class=\"elementor-widget-container\">\n\t\t\t\t\t<h1 class=\"elementor-heading-title elementor-size-default\">Assurance v\u00e9los \u00e9lectriques<\/h1>\t\t\t\t<\/div>\n\t\t\t\t<\/div>\n\t\t\t\t<div class=\"elementor-element elementor-element-be8321f elementor-widget elementor-widget-spacer\" data-id=\"be8321f\" data-element_type=\"widget\" data-e-type=\"widget\" data-widget_type=\"spacer.default\">\n\t\t\t\t<div class=\"elementor-widget-container\">\n\t\t\t\t\t\t\t<div class=\"elementor-spacer\">\n\t\t\t<div class=\"elementor-spacer-inner\"><\/div>\n\t\t<\/div>\n\t\t\t\t\t\t<\/div>\n\t\t\t\t<\/div>\n\t\t\t\t\t<\/div>\n\t\t<\/div>\n\t\t\t\t\t<\/div>\n\t\t<\/section>\n\t\t\t\t<section class=\"elementor-section elementor-top-section elementor-element elementor-element-eca3398 elementor-section-boxed elementor-section-height-default elementor-section-height-default\" data-id=\"eca3398\" data-element_type=\"section\" data-e-type=\"section\">\n\t\t\t\t\t\t<div class=\"elementor-container elementor-column-gap-default\">\n\t\t\t\t\t<div class=\"elementor-column elementor-col-100 elementor-top-column elementor-element elementor-element-58cff97\" data-id=\"58cff97\" data-element_type=\"column\" data-e-type=\"column\">\n\t\t\t<div class=\"elementor-widget-wrap elementor-element-populated\">\n\t\t\t\t\t\t<div class=\"elementor-element elementor-element-ba1a2a1 elementor-widget elementor-widget-spacer\" data-id=\"ba1a2a1\" data-element_type=\"widget\" data-e-type=\"widget\" data-widget_type=\"spacer.default\">\n\t\t\t\t<div class=\"elementor-widget-container\">\n\t\t\t\t\t\t\t<div class=\"elementor-spacer\">\n\t\t\t<div class=\"elementor-spacer-inner\"><\/div>\n\t\t<\/div>\n\t\t\t\t\t\t<\/div>\n\t\t\t\t<\/div>\n\t\t\t\t\t<\/div>\n\t\t<\/div>\n\t\t\t\t\t<\/div>\n\t\t<\/section>\n\t\t\t\t<section class=\"elementor-section elementor-top-section elementor-element elementor-element-bf6db9f elementor-section-boxed elementor-section-height-default elementor-section-height-default\" data-id=\"bf6db9f\" data-element_type=\"section\" data-e-type=\"section\">\n\t\t\t\t\t\t<div class=\"elementor-container elementor-column-gap-default\">\n\t\t\t\t\t<div class=\"elementor-column elementor-col-100 elementor-top-column elementor-element elementor-element-e330723\" data-id=\"e330723\" data-element_type=\"column\" data-e-type=\"column\">\n\t\t\t<div class=\"elementor-widget-wrap elementor-element-populated\">\n\t\t\t\t\t\t<div class=\"elementor-element elementor-element-42f5a27 elementor-widget elementor-widget-text-editor\" data-id=\"42f5a27\" data-element_type=\"widget\" data-e-type=\"widget\" data-widget_type=\"text-editor.default\">\n\t\t\t\t<div class=\"elementor-widget-container\">\n\t\t\t\t\t\t\t\t\t<p>Prot\u00e9gez votre v\u00e9lo \u00e9lectrique O2feel contre le vol ou les dommages mat\u00e9riels<\/p>\n\t\t\t\t\t\t\t\t<\/div>\n\t\t\t\t<\/div>\n\t\t\t\t<div class=\"elementor-element elementor-element-e504ba9 elementor-widget elementor-widget-text-editor\" data-id=\"e504ba9\" data-element_type=\"widget\" data-e-type=\"widget\" data-widget_type=\"text-editor.default\">\n\t\t\t\t<div class=\"elementor-widget-container\">\n\t\t\t\t\t\t\t\t\t<p>Chez O2feel, votre s\u00e9curit\u00e9 est notre priorit\u00e9. Nous savons combien il est important de profiter pleinement de chaque trajet \u00e0 v\u00e9lo, sans avoir \u00e0 vous soucier des impr\u00e9vus. C&#8217;est pourquoi nous avons con\u00e7u une assurance sp\u00e9cialement d\u00e9di\u00e9e aux v\u00e9los \u00e9lectriques avec notre partenaire <a href=\"https:\/\/laka.co\/fr\/o2feel-bikes?utm_source=o2feel&amp;utm_medium=page&amp;utm_campaign=15jofferts\" target=\"_blank\" rel=\"noopener\"><span style=\"text-decoration: underline;\"><strong>Laka<\/strong><\/span><\/a>, vous offrant une protection optimale \u00e0 un prix imbattable.<\/p><p>Avec notre couverture, vous pouvez rouler l\u2019esprit l\u00e9ger, en sachant que vous \u00eates prot\u00e9g\u00e9 contre le vol, les dommages et bien plus encore. Notre engagement ? Vous offrir une tranquillit\u00e9 d&#8217;esprit totale pour que chaque sortie reste un plaisir.<\/p><ul><li><strong>Une protection compl\u00e8te<\/strong> : contre le vol, les dommages et la casse.<\/li><li><strong>Une assistance rapide<\/strong> : pour vous accompagner en cas de p\u00e9pin.<\/li><li><strong>Un tarif comp\u00e9titif<\/strong> : la meilleure couverture, au meilleur prix.<\/li><li><strong>Praticit\u00e9<\/strong> : Pas de franchise, pas de v\u00e9tust\u00e9, sans engagement<\/li><\/ul>\t\t\t\t\t\t\t\t<\/div>\n\t\t\t\t<\/div>\n\t\t\t\t\t<\/div>\n\t\t<\/div>\n\t\t\t\t\t<\/div>\n\t\t<\/section>\n\t\t\t\t<section class=\"elementor-section elementor-top-section elementor-element elementor-element-2063839 elementor-section-boxed elementor-section-height-default elementor-section-height-default\" data-id=\"2063839\" data-element_type=\"section\" data-e-type=\"section\">\n\t\t\t\t\t\t<div class=\"elementor-container elementor-column-gap-default\">\n\t\t\t\t\t<div class=\"elementor-column elementor-col-100 elementor-top-column elementor-element elementor-element-16301f8\" data-id=\"16301f8\" data-element_type=\"column\" data-e-type=\"column\">\n\t\t\t<div class=\"elementor-widget-wrap elementor-element-populated\">\n\t\t\t\t\t\t<div class=\"elementor-element elementor-element-797eed8 elementor-align-center elementor-widget elementor-widget-button\" data-id=\"797eed8\" data-element_type=\"widget\" data-e-type=\"widget\" data-widget_type=\"button.default\">\n\t\t\t\t<div class=\"elementor-widget-container\">\n\t\t\t\t\t\t\t\t\t<div class=\"elementor-button-wrapper\">\n\t\t\t\t\t<a class=\"elementor-button elementor-button-link elementor-size-sm\" href=\"https:\/\/laka.co\/fr\/o2feel-bikes?utm_source=o2feel&#038;utm_medium=page&#038;utm_campaign=15jofferts\" target=\"_blank\" rel=\"noopener\">\n\t\t\t\t\t\t<span class=\"elementor-button-content-wrapper\">\n\t\t\t\t\t\t\t\t\t<span class=\"elementor-button-text\">Simuler mon tarif et profiter de 15j offerts<\/span>\n\t\t\t\t\t<\/span>\n\t\t\t\t\t<\/a>\n\t\t\t\t<\/div>\n\t\t\t\t\t\t\t\t<\/div>\n\t\t\t\t<\/div>\n\t\t\t\t\t<\/div>\n\t\t<\/div>\n\t\t\t\t\t<\/div>\n\t\t<\/section>\n\t\t\t\t<section class=\"elementor-section elementor-top-section elementor-element elementor-element-60ae6c2 elementor-section-boxed elementor-section-height-default elementor-section-height-default\" data-id=\"60ae6c2\" data-element_type=\"section\" data-e-type=\"section\">\n\t\t\t\t\t\t<div class=\"elementor-container elementor-column-gap-default\">\n\t\t\t\t\t<div class=\"elementor-column elementor-col-100 elementor-top-column elementor-element elementor-element-629ffad\" data-id=\"629ffad\" data-element_type=\"column\" data-e-type=\"column\">\n\t\t\t<div class=\"elementor-widget-wrap elementor-element-populated\">\n\t\t\t\t\t\t<div class=\"elementor-element elementor-element-4b30669 elementor-widget elementor-widget-spacer\" data-id=\"4b30669\" data-element_type=\"widget\" data-e-type=\"widget\" data-widget_type=\"spacer.default\">\n\t\t\t\t<div class=\"elementor-widget-container\">\n\t\t\t\t\t\t\t<div class=\"elementor-spacer\">\n\t\t\t<div class=\"elementor-spacer-inner\"><\/div>\n\t\t<\/div>\n\t\t\t\t\t\t<\/div>\n\t\t\t\t<\/div>\n\t\t\t\t\t<\/div>\n\t\t<\/div>\n\t\t\t\t\t<\/div>\n\t\t<\/section>\n\t\t\t\t<section class=\"elementor-section elementor-top-section elementor-element elementor-element-9bc8708 elementor-section-full_width elementor-section-stretched elementor-hidden-mobile elementor-section-height-default elementor-section-height-default\" data-id=\"9bc8708\" data-element_type=\"section\" data-e-type=\"section\" data-settings=\"{&quot;stretch_section&quot;:&quot;section-stretched&quot;}\">\n\t\t\t\t\t\t<div class=\"elementor-container elementor-column-gap-default\">\n\t\t\t\t\t<div class=\"elementor-column elementor-col-100 elementor-top-column elementor-element elementor-element-cd7fff6\" data-id=\"cd7fff6\" data-element_type=\"column\" data-e-type=\"column\">\n\t\t\t<div class=\"elementor-widget-wrap elementor-element-populated\">\n\t\t\t\t\t\t<div class=\"elementor-element elementor-element-cab4181 elementor-widget elementor-widget-image\" data-id=\"cab4181\" data-element_type=\"widget\" data-e-type=\"widget\" data-widget_type=\"image.default\">\n\t\t\t\t<div class=\"elementor-widget-container\">\n\t\t\t\t\t\t\t\t\t\t\t\t\t\t\t\t<a href=\"https:\/\/laka.co\/fr\/o2feel-bikes?utm_source=o2feel&#038;utm_medium=page&#038;utm_campaign=15jofferts\" target=\"_blank\" rel=\"noopener\">\n\t\t\t\t\t\t\t<img fetchpriority=\"high\" decoding=\"async\" width=\"1000\" height=\"150\" src=\"https:\/\/www.o2feel.com\/wp-content\/uploads\/2025\/01\/Banniere-Laka-x-O2feel-1.jpg\" class=\"attachment-large size-large wp-image-100622\" alt=\"\" srcset=\"https:\/\/www.o2feel.com\/wp-content\/uploads\/2025\/01\/Banniere-Laka-x-O2feel-1.jpg 1000w, https:\/\/www.o2feel.com\/wp-content\/uploads\/2025\/01\/Banniere-Laka-x-O2feel-1-300x45.jpg 300w, https:\/\/www.o2feel.com\/wp-content\/uploads\/2025\/01\/Banniere-Laka-x-O2feel-1-768x115.jpg 768w, https:\/\/www.o2feel.com\/wp-content\/uploads\/2025\/01\/Banniere-Laka-x-O2feel-1-220x33.jpg 220w, https:\/\/www.o2feel.com\/wp-content\/uploads\/2025\/01\/Banniere-Laka-x-O2feel-1-800x120.jpg 800w\" sizes=\"(max-width: 1000px) 100vw, 1000px\" \/>\t\t\t\t\t\t\t\t<\/a>\n\t\t\t\t\t\t\t\t\t\t\t\t\t\t\t<\/div>\n\t\t\t\t<\/div>\n\t\t\t\t\t<\/div>\n\t\t<\/div>\n\t\t\t\t\t<\/div>\n\t\t<\/section>\n\t\t\t\t<section class=\"elementor-section elementor-top-section elementor-element elementor-element-29646d6 elementor-section-full_width elementor-section-stretched elementor-hidden-desktop elementor-hidden-tablet elementor-section-height-default elementor-section-height-default\" data-id=\"29646d6\" data-element_type=\"section\" data-e-type=\"section\" data-settings=\"{&quot;stretch_section&quot;:&quot;section-stretched&quot;}\">\n\t\t\t\t\t\t<div class=\"elementor-container elementor-column-gap-default\">\n\t\t\t\t\t<div class=\"elementor-column elementor-col-100 elementor-top-column elementor-element elementor-element-2095bcc\" data-id=\"2095bcc\" data-element_type=\"column\" data-e-type=\"column\">\n\t\t\t<div class=\"elementor-widget-wrap elementor-element-populated\">\n\t\t\t\t\t\t<div class=\"elementor-element elementor-element-fe1eb9a elementor-widget elementor-widget-image\" data-id=\"fe1eb9a\" data-element_type=\"widget\" data-e-type=\"widget\" data-widget_type=\"image.default\">\n\t\t\t\t<div class=\"elementor-widget-container\">\n\t\t\t\t\t\t\t\t\t\t\t\t\t\t\t\t<a href=\"https:\/\/laka.co\/fr\/o2feel-bikes?utm_source=o2feel&#038;utm_medium=page&#038;utm_campaign=15jofferts\" target=\"_blank\" rel=\"noopener\">\n\t\t\t\t\t\t\t<img decoding=\"async\" width=\"250\" height=\"250\" src=\"https:\/\/www.o2feel.com\/wp-content\/uploads\/2025\/01\/Banniere-Mobile-Laka-x-O2feel.jpg\" class=\"attachment-full size-full wp-image-100629\" alt=\"\" srcset=\"https:\/\/www.o2feel.com\/wp-content\/uploads\/2025\/01\/Banniere-Mobile-Laka-x-O2feel.jpg 250w, https:\/\/www.o2feel.com\/wp-content\/uploads\/2025\/01\/Banniere-Mobile-Laka-x-O2feel-150x150.jpg 150w, https:\/\/www.o2feel.com\/wp-content\/uploads\/2025\/01\/Banniere-Mobile-Laka-x-O2feel-154x154.jpg 154w, https:\/\/www.o2feel.com\/wp-content\/uploads\/2025\/01\/Banniere-Mobile-Laka-x-O2feel-120x120.jpg 120w, https:\/\/www.o2feel.com\/wp-content\/uploads\/2025\/01\/Banniere-Mobile-Laka-x-O2feel-50x50.jpg 50w, https:\/\/www.o2feel.com\/wp-content\/uploads\/2025\/01\/Banniere-Mobile-Laka-x-O2feel-100x100.jpg 100w\" sizes=\"(max-width: 250px) 100vw, 250px\" \/>\t\t\t\t\t\t\t\t<\/a>\n\t\t\t\t\t\t\t\t\t\t\t\t\t\t\t<\/div>\n\t\t\t\t<\/div>\n\t\t\t\t\t<\/div>\n\t\t<\/div>\n\t\t\t\t\t<\/div>\n\t\t<\/section>\n\t\t\t\t<\/div>\n\t\t","protected":false},"excerpt":{"rendered":"<p>Assurance v\u00e9los \u00e9lectriques Prot\u00e9gez votre v\u00e9lo \u00e9lectrique O2feel contre le vol ou les dommages mat\u00e9riels Chez O2feel, votre s\u00e9curit\u00e9 est notre priorit\u00e9. &hellip;<\/p>\n","protected":false},"author":21,"featured_media":0,"parent":0,"menu_order":0,"comment_status":"closed","ping_status":"closed","template":"","meta":{"footnotes":""},"class_list":["post-100639","page","type-page","status-publish","hentry"],"_links":{"self":[{"href":"https:\/\/www.o2feel.com\/fr-be\/wp-json\/wp\/v2\/pages\/100639","targetHints":{"allow":["GET"]}}],"collection":[{"href":"https:\/\/www.o2feel.com\/fr-be\/wp-json\/wp\/v2\/pages"}],"about":[{"href":"https:\/\/www.o2feel.com\/fr-be\/wp-json\/wp\/v2\/types\/page"}],"author":[{"embeddable":true,"href":"https:\/\/www.o2feel.com\/fr-be\/wp-json\/wp\/v2\/users\/21"}],"replies":[{"embeddable":true,"href":"https:\/\/www.o2feel.com\/fr-be\/wp-json\/wp\/v2\/comments?post=100639"}],"version-history":[{"count":0,"href":"https:\/\/www.o2feel.com\/fr-be\/wp-json\/wp\/v2\/pages\/100639\/revisions"}],"wp:attachment":[{"href":"https:\/\/www.o2feel.com\/fr-be\/wp-json\/wp\/v2\/media?parent=100639"}],"curies":[{"name":"wp","href":"https:\/\/api.w.org\/{rel}","templated":true}]}}