{"id":60110,"date":"2021-07-01T09:52:34","date_gmt":"2021-07-01T07:52:34","guid":{"rendered":"https:\/\/www.o2feel.com\/traduction-en-attente\/"},"modified":"2024-08-28T09:52:06","modified_gmt":"2024-08-28T07:52:06","slug":"garantiebedingungen","status":"publish","type":"page","link":"https:\/\/www.o2feel.com\/de\/garantiebedingungen\/","title":{"rendered":"Bedingungen f\u00fcr Garantien"},"content":{"rendered":"\t\t<div data-elementor-type=\"wp-page\" data-elementor-id=\"60110\" class=\"elementor elementor-60110 elementor-3467\" data-elementor-post-type=\"page\">\n\t\t\t\t\t\t<section class=\"elementor-section elementor-top-section elementor-element elementor-element-e4be09b elementor-section-boxed elementor-section-height-default elementor-section-height-default\" data-id=\"e4be09b\" data-element_type=\"section\" data-e-type=\"section\">\n\t\t\t\t\t\t<div class=\"elementor-container elementor-column-gap-default\">\n\t\t\t\t\t<div class=\"elementor-column elementor-col-100 elementor-top-column elementor-element elementor-element-d94cbc0\" data-id=\"d94cbc0\" data-element_type=\"column\" data-e-type=\"column\">\n\t\t\t<div class=\"elementor-widget-wrap elementor-element-populated\">\n\t\t\t\t\t\t<div class=\"elementor-element elementor-element-87026d7 elementor-widget elementor-widget-spacer\" data-id=\"87026d7\" data-element_type=\"widget\" data-e-type=\"widget\" data-widget_type=\"spacer.default\">\n\t\t\t\t<div class=\"elementor-widget-container\">\n\t\t\t\t\t\t\t<div class=\"elementor-spacer\">\n\t\t\t<div class=\"elementor-spacer-inner\"><\/div>\n\t\t<\/div>\n\t\t\t\t\t\t<\/div>\n\t\t\t\t<\/div>\n\t\t\t\t\t<\/div>\n\t\t<\/div>\n\t\t\t\t\t<\/div>\n\t\t<\/section>\n\t\t\t\t<section class=\"elementor-section elementor-top-section elementor-element elementor-element-3f6682c elementor-hidden-phone elementor-section-full_width elementor-section-height-default elementor-section-height-default\" data-id=\"3f6682c\" data-element_type=\"section\" data-e-type=\"section\">\n\t\t\t\t\t\t<div class=\"elementor-container elementor-column-gap-default\">\n\t\t\t\t\t<div class=\"elementor-column elementor-col-100 elementor-top-column elementor-element elementor-element-4ea4bbe\" data-id=\"4ea4bbe\" data-element_type=\"column\" data-e-type=\"column\">\n\t\t\t<div class=\"elementor-widget-wrap elementor-element-populated\">\n\t\t\t\t\t\t<div class=\"elementor-element elementor-element-e075952 elementor-widget elementor-widget-heading\" data-id=\"e075952\" data-element_type=\"widget\" data-e-type=\"widget\" data-widget_type=\"heading.default\">\n\t\t\t\t<div class=\"elementor-widget-container\">\n\t\t\t\t\t<h1 class=\"elementor-heading-title elementor-size-default\">Bedingungen<\/h1>\t\t\t\t<\/div>\n\t\t\t\t<\/div>\n\t\t\t\t<div class=\"elementor-element elementor-element-bba8c04 elementor-widget elementor-widget-heading\" data-id=\"bba8c04\" data-element_type=\"widget\" data-e-type=\"widget\" data-widget_type=\"heading.default\">\n\t\t\t\t<div class=\"elementor-widget-container\">\n\t\t\t\t\t<h1 class=\"elementor-heading-title elementor-size-default\">F\u00dcR GARANTIEN<\/h1>\t\t\t\t<\/div>\n\t\t\t\t<\/div>\n\t\t\t\t\t<\/div>\n\t\t<\/div>\n\t\t\t\t\t<\/div>\n\t\t<\/section>\n\t\t\t\t<section class=\"elementor-section elementor-top-section elementor-element elementor-element-b6c1303 elementor-section-boxed elementor-section-height-default elementor-section-height-default\" data-id=\"b6c1303\" data-element_type=\"section\" data-e-type=\"section\">\n\t\t\t\t\t\t<div class=\"elementor-container elementor-column-gap-default\">\n\t\t\t\t\t<div class=\"elementor-column elementor-col-100 elementor-top-column elementor-element elementor-element-58ce6c1\" data-id=\"58ce6c1\" data-element_type=\"column\" data-e-type=\"column\">\n\t\t\t<div class=\"elementor-widget-wrap elementor-element-populated\">\n\t\t\t\t\t\t<div class=\"elementor-element elementor-element-f402023 elementor-widget elementor-widget-spacer\" data-id=\"f402023\" data-element_type=\"widget\" data-e-type=\"widget\" data-widget_type=\"spacer.default\">\n\t\t\t\t<div class=\"elementor-widget-container\">\n\t\t\t\t\t\t\t<div class=\"elementor-spacer\">\n\t\t\t<div class=\"elementor-spacer-inner\"><\/div>\n\t\t<\/div>\n\t\t\t\t\t\t<\/div>\n\t\t\t\t<\/div>\n\t\t\t\t\t<\/div>\n\t\t<\/div>\n\t\t\t\t\t<\/div>\n\t\t<\/section>\n\t\t\t\t<section class=\"elementor-section elementor-top-section elementor-element elementor-element-7083efb elementor-section-boxed elementor-section-height-default elementor-section-height-default\" data-id=\"7083efb\" data-element_type=\"section\" data-e-type=\"section\">\n\t\t\t\t\t\t<div class=\"elementor-container elementor-column-gap-default\">\n\t\t\t\t\t<div class=\"elementor-column elementor-col-100 elementor-top-column elementor-element elementor-element-f86e18f\" data-id=\"f86e18f\" data-element_type=\"column\" data-e-type=\"column\">\n\t\t\t<div class=\"elementor-widget-wrap elementor-element-populated\">\n\t\t\t\t\t\t<div class=\"elementor-element elementor-element-c289d29 elementor-widget elementor-widget-heading\" data-id=\"c289d29\" data-element_type=\"widget\" data-e-type=\"widget\" data-widget_type=\"heading.default\">\n\t\t\t\t<div class=\"elementor-widget-container\">\n\t\t\t\t\t<h4 class=\"elementor-heading-title elementor-size-default\">Seite im Aufbau <\/h4>\t\t\t\t<\/div>\n\t\t\t\t<\/div>\n\t\t\t\t<div class=\"elementor-element elementor-element-153e705 elementor-widget elementor-widget-text-editor\" data-id=\"153e705\" data-element_type=\"widget\" data-e-type=\"widget\" data-widget_type=\"text-editor.default\">\n\t\t\t\t<div class=\"elementor-widget-container\">\n\t\t\t\t\t\t\t\t\t<ul>\n<li>Rahmen 5 Jahre<\/li>\n<li>Elektrische Komponenten (au\u00dfer Verschlei\u00dfteile) 2 Jahre<\/li>\n<li>Mechanische Komponenten (au\u00dfer Verschlei\u00dfteile) 2 Jahre<\/li>\n<li>Batterie* 4 Jahre oder 40.000 km (je nachdem, was zuerst eintritt)<\/li>\n<\/ul>\n<p>Voraussetzung f\u00fcr die Inanspruchnahme der Garantie ist, dass Sie den\/die Akku(s) auf unserer Website unter der Registerkarte \u201e<a href=\"https:\/\/www.o2feel.com\/de\/4-jahre-garantie\/\"><strong><u>4 Jahre Garantie<\/u><\/strong><\/a>\u201c registriert haben. <br \/>Es ist m\u00f6glich, dass wir Sie bitten, die Rechnung f\u00fcr den Kauf des E-Bikes vorzulegen, auf der die Identit\u00e4t des Kunden, das gekaufte Produkt, das Datum und die Seriennummer des Rahmens und des Akkus vermerkt sind.<br \/><em>*<span style=\"font-size: 10pt;\">Die erweiterte 4-j\u00e4hrige Garantie auf unsere Akkus gilt nicht f\u00fcr general\u00fcberholte Akkus. Sie haben eine Garantie von einem Jahr ab dem Kaufdatum.<\/span><\/em><\/p>\n<p>Der O2FEEL-Kundendienst bestimmt anhand der beanstandeten Elemente den \u00dcbergang in die Garantie oder in die kostenpflichtige Variante, um die Ursache der Panne oder des Defekts festzustellen. Zu diesem Zweck kann der Kundendienst Fotos, Videos oder die Abgabe des E-Bikes in einer Werkstatt bei einem H\u00e4ndler anfordern.<\/p>\n<p>F\u00fcr Produkte, die in einem Gesch\u00e4ft geliefert werden: Ihr O2FEEL-H\u00e4ndler bleibt Ihr Ansprechpartner.<\/p>\n\t\t\t\t\t\t\t\t<\/div>\n\t\t\t\t<\/div>\n\t\t\t\t\t<\/div>\n\t\t<\/div>\n\t\t\t\t\t<\/div>\n\t\t<\/section>\n\t\t\t\t<section class=\"elementor-section elementor-top-section elementor-element elementor-element-ea28551 elementor-section-boxed elementor-section-height-default elementor-section-height-default\" data-id=\"ea28551\" data-element_type=\"section\" data-e-type=\"section\">\n\t\t\t\t\t\t<div class=\"elementor-container elementor-column-gap-default\">\n\t\t\t\t\t<div class=\"elementor-column elementor-col-100 elementor-top-column elementor-element elementor-element-28c68c4\" data-id=\"28c68c4\" data-element_type=\"column\" data-e-type=\"column\">\n\t\t\t<div class=\"elementor-widget-wrap elementor-element-populated\">\n\t\t\t\t\t\t<div class=\"elementor-element elementor-element-369c05e elementor-widget elementor-widget-spacer\" data-id=\"369c05e\" data-element_type=\"widget\" data-e-type=\"widget\" data-widget_type=\"spacer.default\">\n\t\t\t\t<div class=\"elementor-widget-container\">\n\t\t\t\t\t\t\t<div class=\"elementor-spacer\">\n\t\t\t<div class=\"elementor-spacer-inner\"><\/div>\n\t\t<\/div>\n\t\t\t\t\t\t<\/div>\n\t\t\t\t<\/div>\n\t\t\t\t\t<\/div>\n\t\t<\/div>\n\t\t\t\t\t<\/div>\n\t\t<\/section>\n\t\t\t\t<section class=\"elementor-section elementor-top-section elementor-element elementor-element-e869dbf elementor-section-boxed elementor-section-height-default elementor-section-height-default\" data-id=\"e869dbf\" data-element_type=\"section\" data-e-type=\"section\">\n\t\t\t\t\t\t<div class=\"elementor-container elementor-column-gap-default\">\n\t\t\t\t\t<div class=\"elementor-column elementor-col-100 elementor-top-column elementor-element elementor-element-238ebe3\" data-id=\"238ebe3\" data-element_type=\"column\" data-e-type=\"column\">\n\t\t\t<div class=\"elementor-widget-wrap elementor-element-populated\">\n\t\t\t\t\t\t<div class=\"elementor-element elementor-element-c288863 elementor-align-center elementor-widget elementor-widget-button\" data-id=\"c288863\" data-element_type=\"widget\" data-e-type=\"widget\" data-widget_type=\"button.default\">\n\t\t\t\t<div class=\"elementor-widget-container\">\n\t\t\t\t\t\t\t\t\t<div class=\"elementor-button-wrapper\">\n\t\t\t\t\t<a class=\"elementor-button elementor-button-link elementor-size-sm\" href=\"https:\/\/www.o2feel.com\/wp-content\/uploads\/2024\/08\/CGG-O2FEEL-27082024.pdf\">\n\t\t\t\t\t\t<span class=\"elementor-button-content-wrapper\">\n\t\t\t\t\t\t\t\t\t<span class=\"elementor-button-text\">Download<\/span>\n\t\t\t\t\t<\/span>\n\t\t\t\t\t<\/a>\n\t\t\t\t<\/div>\n\t\t\t\t\t\t\t\t<\/div>\n\t\t\t\t<\/div>\n\t\t\t\t\t<\/div>\n\t\t<\/div>\n\t\t\t\t\t<\/div>\n\t\t<\/section>\n\t\t\t\t<section class=\"elementor-section elementor-top-section elementor-element elementor-element-1ad94b3 elementor-section-boxed elementor-section-height-default elementor-section-height-default\" data-id=\"1ad94b3\" data-element_type=\"section\" data-e-type=\"section\">\n\t\t\t\t\t\t<div class=\"elementor-container elementor-column-gap-default\">\n\t\t\t\t\t<div class=\"elementor-column elementor-col-100 elementor-top-column elementor-element elementor-element-e781af7\" data-id=\"e781af7\" data-element_type=\"column\" data-e-type=\"column\">\n\t\t\t<div class=\"elementor-widget-wrap elementor-element-populated\">\n\t\t\t\t\t\t<div class=\"elementor-element elementor-element-2ac1dda elementor-widget elementor-widget-spacer\" data-id=\"2ac1dda\" data-element_type=\"widget\" data-e-type=\"widget\" data-widget_type=\"spacer.default\">\n\t\t\t\t<div class=\"elementor-widget-container\">\n\t\t\t\t\t\t\t<div class=\"elementor-spacer\">\n\t\t\t<div class=\"elementor-spacer-inner\"><\/div>\n\t\t<\/div>\n\t\t\t\t\t\t<\/div>\n\t\t\t\t<\/div>\n\t\t\t\t\t<\/div>\n\t\t<\/div>\n\t\t\t\t\t<\/div>\n\t\t<\/section>\n\t\t\t\t<\/div>\n\t\t","protected":false},"excerpt":{"rendered":"<p>Bedingungen F\u00dcR GARANTIEN Seite im Aufbau Rahmen 5 Jahre Elektrische Komponenten (au\u00dfer Verschlei\u00dfteile) 2 Jahre Mechanische Komponenten (au\u00dfer Verschlei\u00dfteile) 2 Jahre Batterie* &hellip;<\/p>\n","protected":false},"author":1,"featured_media":0,"parent":0,"menu_order":0,"comment_status":"closed","ping_status":"closed","template":"elementor_header_footer","meta":{"footnotes":""},"class_list":["post-60110","page","type-page","status-publish","hentry"],"_links":{"self":[{"href":"https:\/\/www.o2feel.com\/de\/wp-json\/wp\/v2\/pages\/60110","targetHints":{"allow":["GET"]}}],"collection":[{"href":"https:\/\/www.o2feel.com\/de\/wp-json\/wp\/v2\/pages"}],"about":[{"href":"https:\/\/www.o2feel.com\/de\/wp-json\/wp\/v2\/types\/page"}],"author":[{"embeddable":true,"href":"https:\/\/www.o2feel.com\/de\/wp-json\/wp\/v2\/users\/1"}],"replies":[{"embeddable":true,"href":"https:\/\/www.o2feel.com\/de\/wp-json\/wp\/v2\/comments?post=60110"}],"version-history":[{"count":0,"href":"https:\/\/www.o2feel.com\/de\/wp-json\/wp\/v2\/pages\/60110\/revisions"}],"wp:attachment":[{"href":"https:\/\/www.o2feel.com\/de\/wp-json\/wp\/v2\/media?parent=60110"}],"curies":[{"name":"wp","href":"https:\/\/api.w.org\/{rel}","templated":true}]}}