{"id":59756,"date":"2021-07-13T10:52:51","date_gmt":"2021-07-13T08:52:51","guid":{"rendered":"https:\/\/www.o2feel.com\/sport-e-bikes\/"},"modified":"2025-08-05T11:04:47","modified_gmt":"2025-08-05T09:04:47","slug":"sport-e-bikes","status":"publish","type":"page","link":"https:\/\/www.o2feel.com\/de\/sport-e-bikes\/","title":{"rendered":"Sport E-Bikes"},"content":{"rendered":"\t\t<div data-elementor-type=\"wp-page\" data-elementor-id=\"59756\" class=\"elementor elementor-59756 elementor-5910\" data-elementor-post-type=\"page\">\n\t\t\t\t\t\t<section class=\"elementor-section elementor-top-section elementor-element elementor-element-1807f13c elementor-hidden-desktop elementor-hidden-tablet elementor-section-boxed elementor-section-height-default elementor-section-height-default\" data-id=\"1807f13c\" data-element_type=\"section\" data-e-type=\"section\">\n\t\t\t\t\t\t<div class=\"elementor-container elementor-column-gap-default\">\n\t\t\t\t\t<div class=\"elementor-column elementor-col-100 elementor-top-column elementor-element elementor-element-4f092114\" data-id=\"4f092114\" data-element_type=\"column\" data-e-type=\"column\">\n\t\t\t<div class=\"elementor-widget-wrap elementor-element-populated\">\n\t\t\t\t\t\t<div class=\"elementor-element elementor-element-19c5359a elementor-widget elementor-widget-spacer\" data-id=\"19c5359a\" data-element_type=\"widget\" data-e-type=\"widget\" data-widget_type=\"spacer.default\">\n\t\t\t\t<div class=\"elementor-widget-container\">\n\t\t\t\t\t\t\t<div class=\"elementor-spacer\">\n\t\t\t<div class=\"elementor-spacer-inner\"><\/div>\n\t\t<\/div>\n\t\t\t\t\t\t<\/div>\n\t\t\t\t<\/div>\n\t\t\t\t\t<\/div>\n\t\t<\/div>\n\t\t\t\t\t<\/div>\n\t\t<\/section>\n\t\t<div class=\"elementor-element elementor-element-3734acc6 e-con-full e-flex e-con e-parent\" data-id=\"3734acc6\" data-element_type=\"container\" data-e-type=\"container\" data-settings=\"{&quot;background_background&quot;:&quot;classic&quot;}\">\n\t\t\t\t<div class=\"elementor-element elementor-element-4386194a elementor-widget elementor-widget-heading\" data-id=\"4386194a\" data-element_type=\"widget\" data-e-type=\"widget\" data-widget_type=\"heading.default\">\n\t\t\t\t<div class=\"elementor-widget-container\">\n\t\t\t\t\t<h1 class=\"elementor-heading-title elementor-size-default\">SPORT<\/h1>\t\t\t\t<\/div>\n\t\t\t\t<\/div>\n\t\t\t\t<div class=\"elementor-element elementor-element-45ec133c elementor-widget elementor-widget-text-editor\" data-id=\"45ec133c\" data-element_type=\"widget\" data-e-type=\"widget\" data-widget_type=\"text-editor.default\">\n\t\t\t\t<div class=\"elementor-widget-container\">\n\t\t\t\t\t\t\t\t\t<p>Leistung, Emotion, Ausdauer<\/p>\t\t\t\t\t\t\t\t<\/div>\n\t\t\t\t<\/div>\n\t\t\t\t<\/div>\n\t\t\t\t<section class=\"elementor-section elementor-top-section elementor-element elementor-element-564093ee elementor-section-boxed elementor-section-height-default elementor-section-height-default\" data-id=\"564093ee\" data-element_type=\"section\" data-e-type=\"section\">\n\t\t\t\t\t\t<div class=\"elementor-container elementor-column-gap-default\">\n\t\t\t\t\t<div class=\"elementor-column elementor-col-100 elementor-top-column elementor-element elementor-element-2f9f6f84\" data-id=\"2f9f6f84\" data-element_type=\"column\" data-e-type=\"column\">\n\t\t\t<div class=\"elementor-widget-wrap elementor-element-populated\">\n\t\t\t\t\t\t<div class=\"elementor-element elementor-element-3f691f03 elementor-widget elementor-widget-spacer\" data-id=\"3f691f03\" data-element_type=\"widget\" data-e-type=\"widget\" data-widget_type=\"spacer.default\">\n\t\t\t\t<div class=\"elementor-widget-container\">\n\t\t\t\t\t\t\t<div class=\"elementor-spacer\">\n\t\t\t<div class=\"elementor-spacer-inner\"><\/div>\n\t\t<\/div>\n\t\t\t\t\t\t<\/div>\n\t\t\t\t<\/div>\n\t\t\t\t\t<\/div>\n\t\t<\/div>\n\t\t\t\t\t<\/div>\n\t\t<\/section>\n\t\t<div class=\"elementor-element elementor-element-614b5f7 e-flex e-con-boxed e-con e-parent\" data-id=\"614b5f7\" data-element_type=\"container\" data-e-type=\"container\">\n\t\t\t\t\t<div class=\"e-con-inner\">\n\t\t<div class=\"elementor-element elementor-element-75492ad9 e-con-full e-flex e-con e-child\" data-id=\"75492ad9\" data-element_type=\"container\" data-e-type=\"container\">\n\t\t\t\t<div class=\"elementor-element elementor-element-7e0680ee elementor-widget elementor-widget-heading\" data-id=\"7e0680ee\" data-element_type=\"widget\" data-e-type=\"widget\" data-widget_type=\"heading.default\">\n\t\t\t\t<div class=\"elementor-widget-container\">\n\t\t\t\t\t<h2 class=\"elementor-heading-title elementor-size-default\">Kontrollierte Leistung, maximierter Fahrspa\u00df<\/h2>\t\t\t\t<\/div>\n\t\t\t\t<\/div>\n\t\t\t\t<div class=\"elementor-element elementor-element-24a9feb2 elementor-widget elementor-widget-text-editor\" data-id=\"24a9feb2\" data-element_type=\"widget\" data-e-type=\"widget\" data-settings=\"{&quot;_animation&quot;:&quot;none&quot;}\" data-widget_type=\"text-editor.default\">\n\t\t\t\t<div class=\"elementor-widget-container\">\n\t\t\t\t\t\t\t\t\t<p data-start=\"156\" data-end=\"472\">F\u00fcr alle, die Nervenkitzel mit Komfort verbinden m\u00f6chten, l\u00e4dt unsere <strong>Sport<\/strong>-Serie dazu ein, jeden Trail mit Leidenschaft und Freiheit zu erkunden. Kraftvoll und wendig sind diese E-Bikes deine treuen Begleiter auf Abenteuern, mit denen du die Freude am Fahren inmitten der Natur und in deinem eigenen Tempo neu entdecken kannst. Wage den Ausbruch, \u00fcberschreite deine Grenzen und genie\u00dfe jeden Moment eines einzigartigen und anspruchsvollen Fahrerlebnisses.  <\/p>\t\t\t\t\t\t\t\t<\/div>\n\t\t\t\t<\/div>\n\t\t\t\t<\/div>\n\t\t\t\t\t<\/div>\n\t\t\t\t<\/div>\n\t\t\t\t<section class=\"elementor-section elementor-top-section elementor-element elementor-element-7e565747 elementor-section-boxed elementor-section-height-default elementor-section-height-default\" data-id=\"7e565747\" data-element_type=\"section\" data-e-type=\"section\">\n\t\t\t\t\t\t<div class=\"elementor-container elementor-column-gap-default\">\n\t\t\t\t\t<div class=\"elementor-column elementor-col-100 elementor-top-column elementor-element elementor-element-27d1a2f9\" data-id=\"27d1a2f9\" data-element_type=\"column\" data-e-type=\"column\">\n\t\t\t<div class=\"elementor-widget-wrap elementor-element-populated\">\n\t\t\t\t\t\t<div class=\"elementor-element elementor-element-4de38af6 elementor-widget elementor-widget-spacer\" data-id=\"4de38af6\" data-element_type=\"widget\" data-e-type=\"widget\" data-widget_type=\"spacer.default\">\n\t\t\t\t<div class=\"elementor-widget-container\">\n\t\t\t\t\t\t\t<div class=\"elementor-spacer\">\n\t\t\t<div class=\"elementor-spacer-inner\"><\/div>\n\t\t<\/div>\n\t\t\t\t\t\t<\/div>\n\t\t\t\t<\/div>\n\t\t\t\t\t<\/div>\n\t\t<\/div>\n\t\t\t\t\t<\/div>\n\t\t<\/section>\n\t\t<div class=\"elementor-element elementor-element-14252983 e-con-full e-flex e-con e-parent\" data-id=\"14252983\" data-element_type=\"container\" data-e-type=\"container\">\n\t\t<div class=\"elementor-element elementor-element-193cf4f1 e-con-full e-flex e-con e-child\" data-id=\"193cf4f1\" data-element_type=\"container\" data-e-type=\"container\">\n\t\t\t\t<div class=\"elementor-element elementor-element-d4c8c8d elementor-widget elementor-widget-image\" data-id=\"d4c8c8d\" data-element_type=\"widget\" data-e-type=\"widget\" data-widget_type=\"image.default\">\n\t\t\t\t<div class=\"elementor-widget-container\">\n\t\t\t\t\t\t\t\t\t\t\t\t\t\t\t\t<a href=\"https:\/\/www.o2feel.com\/karma\/\">\n\t\t\t\t\t\t\t<img decoding=\"async\" src=\"https:\/\/www.o2feel.com\/wp-content\/uploads\/elementor\/thumbs\/Logo-Karma-qvu7wkye0xxx8hnx1dgdyu34apxy6i7p97jt5g5vbm.png\" title=\"Logo Karma\" alt=\"Logo Karma\" loading=\"lazy\" \/>\t\t\t\t\t\t\t\t<\/a>\n\t\t\t\t\t\t\t\t\t\t\t\t\t\t\t<\/div>\n\t\t\t\t<\/div>\n\t\t\t\t<div class=\"elementor-element elementor-element-7e60b99 elementor-widget elementor-widget-text-editor\" data-id=\"7e60b99\" data-element_type=\"widget\" data-e-type=\"widget\" data-settings=\"{&quot;_animation&quot;:&quot;none&quot;}\" data-widget_type=\"text-editor.default\">\n\t\t\t\t<div class=\"elementor-widget-container\">\n\t\t\t\t\t\t\t\t\t<p><strong>Die perfekte Balance zwischen Komfort und Leistung<\/strong><\/p><p>Dieses semi-rigide E-MTB begleitet dich mit Agilit\u00e4t und Sicherheit auf h\u00fcgeligem Terrain. Mit seiner sanften Unterst\u00fctzung und seinem zuverl\u00e4ssigen Design ist es die ideale Wahl f\u00fcr sportliche Ausfahrten in v\u00f6lliger Gelassenheit. <\/p>\t\t\t\t\t\t\t\t<\/div>\n\t\t\t\t<\/div>\n\t\t\t\t<div class=\"elementor-element elementor-element-49e99c24 elementor-widget elementor-widget-text-editor\" data-id=\"49e99c24\" data-element_type=\"widget\" data-e-type=\"widget\" data-settings=\"{&quot;_animation&quot;:&quot;none&quot;}\" data-widget_type=\"text-editor.default\">\n\t\t\t\t<div class=\"elementor-widget-container\">\n\t\t\t\t\t\t\t\t\t<p>Ab 2 399\u20ac<\/p>\t\t\t\t\t\t\t\t<\/div>\n\t\t\t\t<\/div>\n\t\t\t\t<div class=\"elementor-element elementor-element-4c784a44 elementor-align-center elementor-widget elementor-widget-button\" data-id=\"4c784a44\" data-element_type=\"widget\" data-e-type=\"widget\" data-widget_type=\"button.default\">\n\t\t\t\t<div class=\"elementor-widget-container\">\n\t\t\t\t\t\t\t\t\t<div class=\"elementor-button-wrapper\">\n\t\t\t\t\t<a class=\"elementor-button elementor-button-link elementor-size-sm\" href=\"https:\/\/www.o2feel.com\/de\/karma\/\">\n\t\t\t\t\t\t<span class=\"elementor-button-content-wrapper\">\n\t\t\t\t\t\t<span class=\"elementor-button-icon\">\n\t\t\t\t<i aria-hidden=\"true\" class=\"fas fa-caret-right\"><\/i>\t\t\t<\/span>\n\t\t\t\t\t\t\t\t\t<span class=\"elementor-button-text\">Mehr lesen<\/span>\n\t\t\t\t\t<\/span>\n\t\t\t\t\t<\/a>\n\t\t\t\t<\/div>\n\t\t\t\t\t\t\t\t<\/div>\n\t\t\t\t<\/div>\n\t\t\t\t<\/div>\n\t\t<div class=\"elementor-element elementor-element-23064b28 e-con-full e-flex e-con e-child\" data-id=\"23064b28\" data-element_type=\"container\" data-e-type=\"container\">\n\t\t\t\t<div class=\"elementor-element elementor-element-939529a elementor-widget elementor-widget-image\" data-id=\"939529a\" data-element_type=\"widget\" data-e-type=\"widget\" data-widget_type=\"image.default\">\n\t\t\t\t<div class=\"elementor-widget-container\">\n\t\t\t\t\t\t\t\t\t\t\t\t\t\t\t\t<a href=\"https:\/\/www.o2feel.com\/karma\/\">\n\t\t\t\t\t\t\t<img fetchpriority=\"high\" decoding=\"async\" width=\"800\" height=\"400\" src=\"https:\/\/www.o2feel.com\/wp-content\/uploads\/2025\/08\/Page-Categorie-Affichage-Karma.jpg\" class=\"attachment-full size-full wp-image-112745\" alt=\"\" srcset=\"https:\/\/www.o2feel.com\/wp-content\/uploads\/2025\/08\/Page-Categorie-Affichage-Karma.jpg 800w, https:\/\/www.o2feel.com\/wp-content\/uploads\/2025\/08\/Page-Categorie-Affichage-Karma-300x150.jpg 300w, https:\/\/www.o2feel.com\/wp-content\/uploads\/2025\/08\/Page-Categorie-Affichage-Karma-768x384.jpg 768w, https:\/\/www.o2feel.com\/wp-content\/uploads\/2025\/08\/Page-Categorie-Affichage-Karma-220x110.jpg 220w\" sizes=\"(max-width: 800px) 100vw, 800px\" \/>\t\t\t\t\t\t\t\t<\/a>\n\t\t\t\t\t\t\t\t\t\t\t\t\t\t\t<\/div>\n\t\t\t\t<\/div>\n\t\t\t\t<\/div>\n\t\t\t\t<\/div>\n\t\t\t\t<section class=\"elementor-section elementor-top-section elementor-element elementor-element-60e6be03 elementor-section-boxed elementor-section-height-default elementor-section-height-default\" data-id=\"60e6be03\" data-element_type=\"section\" data-e-type=\"section\">\n\t\t\t\t\t\t<div class=\"elementor-container elementor-column-gap-default\">\n\t\t\t\t\t<div class=\"elementor-column elementor-col-100 elementor-top-column elementor-element elementor-element-7e4e1212\" data-id=\"7e4e1212\" data-element_type=\"column\" data-e-type=\"column\">\n\t\t\t<div class=\"elementor-widget-wrap elementor-element-populated\">\n\t\t\t\t\t\t<div class=\"elementor-element elementor-element-51c7b50d elementor-widget elementor-widget-spacer\" data-id=\"51c7b50d\" data-element_type=\"widget\" data-e-type=\"widget\" data-widget_type=\"spacer.default\">\n\t\t\t\t<div class=\"elementor-widget-container\">\n\t\t\t\t\t\t\t<div class=\"elementor-spacer\">\n\t\t\t<div class=\"elementor-spacer-inner\"><\/div>\n\t\t<\/div>\n\t\t\t\t\t\t<\/div>\n\t\t\t\t<\/div>\n\t\t\t\t\t<\/div>\n\t\t<\/div>\n\t\t\t\t\t<\/div>\n\t\t<\/section>\n\t\t<div class=\"elementor-element elementor-element-3355dee0 e-con-full e-flex e-con e-parent\" data-id=\"3355dee0\" data-element_type=\"container\" data-e-type=\"container\">\n\t\t<div class=\"elementor-element elementor-element-470f8b8 e-con-full e-flex e-con e-child\" data-id=\"470f8b8\" data-element_type=\"container\" data-e-type=\"container\">\n\t\t\t\t<div class=\"elementor-element elementor-element-6ee5e3b8 elementor-widget elementor-widget-image\" data-id=\"6ee5e3b8\" data-element_type=\"widget\" data-e-type=\"widget\" data-widget_type=\"image.default\">\n\t\t\t\t<div class=\"elementor-widget-container\">\n\t\t\t\t\t\t\t\t\t\t\t\t\t\t\t\t<a href=\"https:\/\/www.o2feel.com\/amplitude\/\">\n\t\t\t\t\t\t\t<img decoding=\"async\" src=\"https:\/\/www.o2feel.com\/wp-content\/uploads\/elementor\/thumbs\/Logo-Amplitude-qvu7wj2q0fi3xozhd7aqwjgpazxfyvdlkfz1fffc2w.png\" title=\"Logo Amplitude\" alt=\"Logo Amplitude\" loading=\"lazy\" \/>\t\t\t\t\t\t\t\t<\/a>\n\t\t\t\t\t\t\t\t\t\t\t\t\t\t\t<\/div>\n\t\t\t\t<\/div>\n\t\t\t\t<div class=\"elementor-element elementor-element-5ec6d952 elementor-widget elementor-widget-text-editor\" data-id=\"5ec6d952\" data-element_type=\"widget\" data-e-type=\"widget\" data-settings=\"{&quot;_animation&quot;:&quot;none&quot;}\" data-widget_type=\"text-editor.default\">\n\t\t\t\t<div class=\"elementor-widget-container\">\n\t\t\t\t\t\t\t\t\t<p><strong>Folge dem Ruf des Offroads<\/strong><\/p><p>F\u00fcr alle, die den Spa\u00df am elektrischen Mountainbiken entdecken m\u00f6chten, kombiniert dieses All-Mountain-Modell Agilit\u00e4t, Komfort und Power. Dank seines reaktionsschnellen Motors wird jede Fahrt zum Freiheitsmoment \u2013 sei es, um in der Natur zu entfliehen oder neue Herausforderungen m\u00fchelos zu meistern. <\/p>\t\t\t\t\t\t\t\t<\/div>\n\t\t\t\t<\/div>\n\t\t\t\t<div class=\"elementor-element elementor-element-5ff264d1 elementor-widget elementor-widget-text-editor\" data-id=\"5ff264d1\" data-element_type=\"widget\" data-e-type=\"widget\" data-settings=\"{&quot;_animation&quot;:&quot;none&quot;}\" data-widget_type=\"text-editor.default\">\n\t\t\t\t<div class=\"elementor-widget-container\">\n\t\t\t\t\t\t\t\t\t<p>Ab 3 499\u20ac<\/p>\t\t\t\t\t\t\t\t<\/div>\n\t\t\t\t<\/div>\n\t\t\t\t<div class=\"elementor-element elementor-element-52ace523 elementor-align-center elementor-widget elementor-widget-button\" data-id=\"52ace523\" data-element_type=\"widget\" data-e-type=\"widget\" data-widget_type=\"button.default\">\n\t\t\t\t<div class=\"elementor-widget-container\">\n\t\t\t\t\t\t\t\t\t<div class=\"elementor-button-wrapper\">\n\t\t\t\t\t<a class=\"elementor-button elementor-button-link elementor-size-sm\" href=\"https:\/\/www.o2feel.com\/de\/amplitude\/\">\n\t\t\t\t\t\t<span class=\"elementor-button-content-wrapper\">\n\t\t\t\t\t\t<span class=\"elementor-button-icon\">\n\t\t\t\t<i aria-hidden=\"true\" class=\"fas fa-caret-right\"><\/i>\t\t\t<\/span>\n\t\t\t\t\t\t\t\t\t<span class=\"elementor-button-text\">Mehr lesen<\/span>\n\t\t\t\t\t<\/span>\n\t\t\t\t\t<\/a>\n\t\t\t\t<\/div>\n\t\t\t\t\t\t\t\t<\/div>\n\t\t\t\t<\/div>\n\t\t\t\t<\/div>\n\t\t<div class=\"elementor-element elementor-element-5d845113 e-con-full e-flex e-con e-child\" data-id=\"5d845113\" data-element_type=\"container\" data-e-type=\"container\">\n\t\t\t\t<div class=\"elementor-element elementor-element-f546aa5 elementor-widget elementor-widget-image\" data-id=\"f546aa5\" data-element_type=\"widget\" data-e-type=\"widget\" data-widget_type=\"image.default\">\n\t\t\t\t<div class=\"elementor-widget-container\">\n\t\t\t\t\t\t\t\t\t\t\t\t\t\t\t\t<a href=\"https:\/\/www.o2feel.com\/amplitude\/\">\n\t\t\t\t\t\t\t<img decoding=\"async\" width=\"800\" height=\"400\" src=\"https:\/\/www.o2feel.com\/wp-content\/uploads\/2025\/08\/Page-Categorie-Affichage-Amplitude.jpg\" class=\"attachment-full size-full wp-image-112752\" alt=\"\" srcset=\"https:\/\/www.o2feel.com\/wp-content\/uploads\/2025\/08\/Page-Categorie-Affichage-Amplitude.jpg 800w, https:\/\/www.o2feel.com\/wp-content\/uploads\/2025\/08\/Page-Categorie-Affichage-Amplitude-300x150.jpg 300w, https:\/\/www.o2feel.com\/wp-content\/uploads\/2025\/08\/Page-Categorie-Affichage-Amplitude-768x384.jpg 768w, https:\/\/www.o2feel.com\/wp-content\/uploads\/2025\/08\/Page-Categorie-Affichage-Amplitude-220x110.jpg 220w\" sizes=\"(max-width: 800px) 100vw, 800px\" \/>\t\t\t\t\t\t\t\t<\/a>\n\t\t\t\t\t\t\t\t\t\t\t\t\t\t\t<\/div>\n\t\t\t\t<\/div>\n\t\t\t\t<\/div>\n\t\t\t\t<\/div>\n\t\t\t\t<section class=\"elementor-section elementor-top-section elementor-element elementor-element-70f0eb3e elementor-section-boxed elementor-section-height-default elementor-section-height-default\" data-id=\"70f0eb3e\" data-element_type=\"section\" data-e-type=\"section\">\n\t\t\t\t\t\t<div class=\"elementor-container elementor-column-gap-default\">\n\t\t\t\t\t<div class=\"elementor-column elementor-col-100 elementor-top-column elementor-element elementor-element-2b7c4abf\" data-id=\"2b7c4abf\" data-element_type=\"column\" data-e-type=\"column\">\n\t\t\t<div class=\"elementor-widget-wrap elementor-element-populated\">\n\t\t\t\t\t\t<div class=\"elementor-element elementor-element-200f39bc elementor-widget elementor-widget-spacer\" data-id=\"200f39bc\" data-element_type=\"widget\" data-e-type=\"widget\" data-widget_type=\"spacer.default\">\n\t\t\t\t<div class=\"elementor-widget-container\">\n\t\t\t\t\t\t\t<div class=\"elementor-spacer\">\n\t\t\t<div class=\"elementor-spacer-inner\"><\/div>\n\t\t<\/div>\n\t\t\t\t\t\t<\/div>\n\t\t\t\t<\/div>\n\t\t\t\t\t<\/div>\n\t\t<\/div>\n\t\t\t\t\t<\/div>\n\t\t<\/section>\n\t\t<div class=\"elementor-element elementor-element-18972409 e-con-full e-flex e-con e-parent\" data-id=\"18972409\" data-element_type=\"container\" data-e-type=\"container\">\n\t\t<div class=\"elementor-element elementor-element-4d307e9f e-con-full e-flex e-con e-child\" data-id=\"4d307e9f\" data-element_type=\"container\" data-e-type=\"container\">\n\t\t\t\t<div class=\"elementor-element elementor-element-2b219db6 elementor-widget elementor-widget-image\" data-id=\"2b219db6\" data-element_type=\"widget\" data-e-type=\"widget\" data-widget_type=\"image.default\">\n\t\t\t\t<div class=\"elementor-widget-container\">\n\t\t\t\t\t\t\t\t\t\t\t\t\t\t\t\t<a href=\"https:\/\/www.o2feel.com\/soar\/\">\n\t\t\t\t\t\t\t<img decoding=\"async\" src=\"https:\/\/www.o2feel.com\/wp-content\/uploads\/elementor\/thumbs\/Logo-Soar-qvu7wlw87rz7k3mjvvv0jbukw3tbe7bflc7amq4h5e.png\" title=\"Logo Soar\" alt=\"Logo Soar\" loading=\"lazy\" \/>\t\t\t\t\t\t\t\t<\/a>\n\t\t\t\t\t\t\t\t\t\t\t\t\t\t\t<\/div>\n\t\t\t\t<\/div>\n\t\t\t\t<div class=\"elementor-element elementor-element-1dc9d752 elementor-widget elementor-widget-text-editor\" data-id=\"1dc9d752\" data-element_type=\"widget\" data-e-type=\"widget\" data-settings=\"{&quot;_animation&quot;:&quot;none&quot;}\" data-widget_type=\"text-editor.default\">\n\t\t\t\t<div class=\"elementor-widget-container\">\n\t\t\t\t\t\t\t\t\t<p><strong>Der Verb\u00fcndete f\u00fcr gro\u00dfe Touren<\/strong><\/p><p>Dieses All-Mountain E-MTB wurde f\u00fcr Erkundungstouren entwickelt und vereint Leistung, Reichweite und Komfort, um dich weiter und h\u00f6her zu bringen. Von technischen Trails bis zu entspannten Ausfl\u00fcgen \u2013 jede Fahrt wird zu einem elektrisierenden Abenteuer. <\/p>\t\t\t\t\t\t\t\t<\/div>\n\t\t\t\t<\/div>\n\t\t\t\t<div class=\"elementor-element elementor-element-5d2fdbe5 elementor-widget elementor-widget-text-editor\" data-id=\"5d2fdbe5\" data-element_type=\"widget\" data-e-type=\"widget\" data-settings=\"{&quot;_animation&quot;:&quot;none&quot;}\" data-widget_type=\"text-editor.default\">\n\t\t\t\t<div class=\"elementor-widget-container\">\n\t\t\t\t\t\t\t\t\t<p>Ab 5 499\u20ac<\/p>\t\t\t\t\t\t\t\t<\/div>\n\t\t\t\t<\/div>\n\t\t\t\t<div class=\"elementor-element elementor-element-42f9c244 elementor-align-center elementor-widget elementor-widget-button\" data-id=\"42f9c244\" data-element_type=\"widget\" data-e-type=\"widget\" data-widget_type=\"button.default\">\n\t\t\t\t<div class=\"elementor-widget-container\">\n\t\t\t\t\t\t\t\t\t<div class=\"elementor-button-wrapper\">\n\t\t\t\t\t<a class=\"elementor-button elementor-button-link elementor-size-sm\" href=\"https:\/\/www.o2feel.com\/de\/soar\/\">\n\t\t\t\t\t\t<span class=\"elementor-button-content-wrapper\">\n\t\t\t\t\t\t<span class=\"elementor-button-icon\">\n\t\t\t\t<i aria-hidden=\"true\" class=\"fas fa-caret-right\"><\/i>\t\t\t<\/span>\n\t\t\t\t\t\t\t\t\t<span class=\"elementor-button-text\">Mehr lesen<\/span>\n\t\t\t\t\t<\/span>\n\t\t\t\t\t<\/a>\n\t\t\t\t<\/div>\n\t\t\t\t\t\t\t\t<\/div>\n\t\t\t\t<\/div>\n\t\t\t\t<\/div>\n\t\t<div class=\"elementor-element elementor-element-4451fabe e-con-full e-flex e-con e-child\" data-id=\"4451fabe\" data-element_type=\"container\" data-e-type=\"container\">\n\t\t\t\t<div class=\"elementor-element elementor-element-5676f24c elementor-widget elementor-widget-image\" data-id=\"5676f24c\" data-element_type=\"widget\" data-e-type=\"widget\" data-widget_type=\"image.default\">\n\t\t\t\t<div class=\"elementor-widget-container\">\n\t\t\t\t\t\t\t\t\t\t\t\t\t\t\t\t<a href=\"https:\/\/www.o2feel.com\/soar\/\">\n\t\t\t\t\t\t\t<img decoding=\"async\" width=\"800\" height=\"400\" src=\"https:\/\/www.o2feel.com\/wp-content\/uploads\/2025\/08\/Page-Categorie-Affichage-Soar.jpg\" class=\"attachment-full size-full wp-image-112759\" alt=\"\" srcset=\"https:\/\/www.o2feel.com\/wp-content\/uploads\/2025\/08\/Page-Categorie-Affichage-Soar.jpg 800w, https:\/\/www.o2feel.com\/wp-content\/uploads\/2025\/08\/Page-Categorie-Affichage-Soar-300x150.jpg 300w, https:\/\/www.o2feel.com\/wp-content\/uploads\/2025\/08\/Page-Categorie-Affichage-Soar-768x384.jpg 768w, https:\/\/www.o2feel.com\/wp-content\/uploads\/2025\/08\/Page-Categorie-Affichage-Soar-220x110.jpg 220w\" sizes=\"(max-width: 800px) 100vw, 800px\" \/>\t\t\t\t\t\t\t\t<\/a>\n\t\t\t\t\t\t\t\t\t\t\t\t\t\t\t<\/div>\n\t\t\t\t<\/div>\n\t\t\t\t<\/div>\n\t\t\t\t<\/div>\n\t\t\t\t<section class=\"elementor-section elementor-top-section elementor-element elementor-element-39b13c17 elementor-section-boxed elementor-section-height-default elementor-section-height-default\" data-id=\"39b13c17\" data-element_type=\"section\" data-e-type=\"section\">\n\t\t\t\t\t\t<div class=\"elementor-container elementor-column-gap-default\">\n\t\t\t\t\t<div class=\"elementor-column elementor-col-100 elementor-top-column elementor-element elementor-element-921c9fb\" data-id=\"921c9fb\" data-element_type=\"column\" data-e-type=\"column\">\n\t\t\t<div class=\"elementor-widget-wrap elementor-element-populated\">\n\t\t\t\t\t\t<div class=\"elementor-element elementor-element-231dbde5 elementor-widget elementor-widget-spacer\" data-id=\"231dbde5\" data-element_type=\"widget\" data-e-type=\"widget\" data-widget_type=\"spacer.default\">\n\t\t\t\t<div class=\"elementor-widget-container\">\n\t\t\t\t\t\t\t<div class=\"elementor-spacer\">\n\t\t\t<div class=\"elementor-spacer-inner\"><\/div>\n\t\t<\/div>\n\t\t\t\t\t\t<\/div>\n\t\t\t\t<\/div>\n\t\t\t\t\t<\/div>\n\t\t<\/div>\n\t\t\t\t\t<\/div>\n\t\t<\/section>\n\t\t\t\t<\/div>\n\t\t","protected":false},"excerpt":{"rendered":"<p>SPORT Leistung, Emotion, Ausdauer Kontrollierte Leistung, maximierter Fahrspa\u00df F\u00fcr alle, die Nervenkitzel mit Komfort verbinden m\u00f6chten, l\u00e4dt unsere Sport-Serie dazu ein, jeden &hellip;<\/p>\n","protected":false},"author":1,"featured_media":112814,"parent":0,"menu_order":0,"comment_status":"closed","ping_status":"closed","template":"elementor_header_footer","meta":{"footnotes":""},"class_list":["post-59756","page","type-page","status-publish","has-post-thumbnail","hentry"],"_links":{"self":[{"href":"https:\/\/www.o2feel.com\/de\/wp-json\/wp\/v2\/pages\/59756","targetHints":{"allow":["GET"]}}],"collection":[{"href":"https:\/\/www.o2feel.com\/de\/wp-json\/wp\/v2\/pages"}],"about":[{"href":"https:\/\/www.o2feel.com\/de\/wp-json\/wp\/v2\/types\/page"}],"author":[{"embeddable":true,"href":"https:\/\/www.o2feel.com\/de\/wp-json\/wp\/v2\/users\/1"}],"replies":[{"embeddable":true,"href":"https:\/\/www.o2feel.com\/de\/wp-json\/wp\/v2\/comments?post=59756"}],"version-history":[{"count":0,"href":"https:\/\/www.o2feel.com\/de\/wp-json\/wp\/v2\/pages\/59756\/revisions"}],"wp:featuredmedia":[{"embeddable":true,"href":"https:\/\/www.o2feel.com\/de\/wp-json\/wp\/v2\/media\/112814"}],"wp:attachment":[{"href":"https:\/\/www.o2feel.com\/de\/wp-json\/wp\/v2\/media?parent=59756"}],"curies":[{"name":"wp","href":"https:\/\/api.w.org\/{rel}","templated":true}]}}