{"id":120603,"date":"2026-04-10T09:39:20","date_gmt":"2026-04-10T07:39:20","guid":{"rendered":"https:\/\/www.o2feel.com\/neuigkeiten\/o2feel-x-serie-mania-2026\/"},"modified":"2026-04-10T10:43:18","modified_gmt":"2026-04-10T08:43:18","slug":"o2feel-x-serie-mania-2026","status":"publish","type":"page","link":"https:\/\/www.o2feel.com\/de\/neuigkeiten\/o2feel-x-serie-mania-2026\/","title":{"rendered":"O2feel x Serie Mania 2026"},"content":{"rendered":"\t\t<div data-elementor-type=\"wp-page\" data-elementor-id=\"120603\" class=\"elementor elementor-120603 elementor-120551\" data-elementor-post-type=\"page\">\n\t\t\t\t\t\t<section class=\"elementor-section elementor-top-section elementor-element elementor-element-1561cccf elementor-section-boxed elementor-section-height-default elementor-section-height-default\" data-id=\"1561cccf\" data-element_type=\"section\" data-e-type=\"section\">\n\t\t\t\t\t\t<div class=\"elementor-container elementor-column-gap-default\">\n\t\t\t\t\t<div class=\"elementor-column elementor-col-100 elementor-top-column elementor-element elementor-element-5d1b2036\" data-id=\"5d1b2036\" data-element_type=\"column\" data-e-type=\"column\">\n\t\t\t<div class=\"elementor-widget-wrap elementor-element-populated\">\n\t\t\t\t\t\t<div class=\"elementor-element elementor-element-5260cc1 elementor-widget elementor-widget-spacer\" data-id=\"5260cc1\" data-element_type=\"widget\" data-e-type=\"widget\" data-widget_type=\"spacer.default\">\n\t\t\t\t<div class=\"elementor-widget-container\">\n\t\t\t\t\t\t\t<div class=\"elementor-spacer\">\n\t\t\t<div class=\"elementor-spacer-inner\"><\/div>\n\t\t<\/div>\n\t\t\t\t\t\t<\/div>\n\t\t\t\t<\/div>\n\t\t\t\t\t<\/div>\n\t\t<\/div>\n\t\t\t\t\t<\/div>\n\t\t<\/section>\n\t\t<div class=\"elementor-element elementor-element-137475da e-flex e-con-boxed e-con e-parent\" data-id=\"137475da\" data-element_type=\"container\" data-e-type=\"container\">\n\t\t\t\t\t<div class=\"e-con-inner\">\n\t\t\t\t<div class=\"elementor-element elementor-element-5cabb767 elementor-widget elementor-widget-heading\" data-id=\"5cabb767\" data-element_type=\"widget\" data-e-type=\"widget\" data-widget_type=\"heading.default\">\n\t\t\t\t<div class=\"elementor-widget-container\">\n\t\t\t\t\t<h2 class=\"elementor-heading-title elementor-size-default\"><a href=\"https:\/\/www.o2feel.com\/actualites\/\">&lt; Zur\u00fcck zu <u>Unsere Neuigkeiten<\/u><\/a><\/h2>\t\t\t\t<\/div>\n\t\t\t\t<\/div>\n\t\t\t\t\t<\/div>\n\t\t\t\t<\/div>\n\t\t\t\t<section class=\"elementor-section elementor-top-section elementor-element elementor-element-1184a3a7 elementor-section-boxed elementor-section-height-default elementor-section-height-default\" data-id=\"1184a3a7\" data-element_type=\"section\" data-e-type=\"section\">\n\t\t\t\t\t\t<div class=\"elementor-container elementor-column-gap-default\">\n\t\t\t\t\t<div class=\"elementor-column elementor-col-100 elementor-top-column elementor-element elementor-element-2bc407c2\" data-id=\"2bc407c2\" data-element_type=\"column\" data-e-type=\"column\">\n\t\t\t<div class=\"elementor-widget-wrap elementor-element-populated\">\n\t\t\t\t\t\t<div class=\"elementor-element elementor-element-2e9f40b6 elementor-widget elementor-widget-spacer\" data-id=\"2e9f40b6\" data-element_type=\"widget\" data-e-type=\"widget\" data-widget_type=\"spacer.default\">\n\t\t\t\t<div class=\"elementor-widget-container\">\n\t\t\t\t\t\t\t<div class=\"elementor-spacer\">\n\t\t\t<div class=\"elementor-spacer-inner\"><\/div>\n\t\t<\/div>\n\t\t\t\t\t\t<\/div>\n\t\t\t\t<\/div>\n\t\t\t\t\t<\/div>\n\t\t<\/div>\n\t\t\t\t\t<\/div>\n\t\t<\/section>\n\t\t<div class=\"elementor-element elementor-element-3ec511ed e-flex e-con-boxed e-con e-parent\" data-id=\"3ec511ed\" data-element_type=\"container\" data-e-type=\"container\">\n\t\t\t\t\t<div class=\"e-con-inner\">\n\t\t\t\t<div class=\"elementor-element elementor-element-3ee91aa5 elementor-widget elementor-widget-heading\" data-id=\"3ee91aa5\" data-element_type=\"widget\" data-e-type=\"widget\" data-widget_type=\"heading.default\">\n\t\t\t\t<div class=\"elementor-widget-container\">\n\t\t\t\t\t<h1 class=\"elementor-heading-title elementor-size-default\">O2feel x S\u00e9ries Mania: eine CSR-Partnerschaft f\u00fcr nachhaltige und kulturelle Mobilit\u00e4t<\/h1>\t\t\t\t<\/div>\n\t\t\t\t<\/div>\n\t\t\t\t\t<\/div>\n\t\t\t\t<\/div>\n\t\t\t\t<section class=\"elementor-section elementor-top-section elementor-element elementor-element-19b57815 elementor-section-boxed elementor-section-height-default elementor-section-height-default\" data-id=\"19b57815\" data-element_type=\"section\" data-e-type=\"section\">\n\t\t\t\t\t\t<div class=\"elementor-container elementor-column-gap-default\">\n\t\t\t\t\t<div class=\"elementor-column elementor-col-100 elementor-top-column elementor-element elementor-element-5191d874\" data-id=\"5191d874\" data-element_type=\"column\" data-e-type=\"column\">\n\t\t\t<div class=\"elementor-widget-wrap elementor-element-populated\">\n\t\t\t\t\t\t<div class=\"elementor-element elementor-element-6eddbebe elementor-widget elementor-widget-spacer\" data-id=\"6eddbebe\" data-element_type=\"widget\" data-e-type=\"widget\" data-widget_type=\"spacer.default\">\n\t\t\t\t<div class=\"elementor-widget-container\">\n\t\t\t\t\t\t\t<div class=\"elementor-spacer\">\n\t\t\t<div class=\"elementor-spacer-inner\"><\/div>\n\t\t<\/div>\n\t\t\t\t\t\t<\/div>\n\t\t\t\t<\/div>\n\t\t\t\t\t<\/div>\n\t\t<\/div>\n\t\t\t\t\t<\/div>\n\t\t<\/section>\n\t\t\t\t<section class=\"elementor-section elementor-top-section elementor-element elementor-element-4e141d6a elementor-section-stretched elementor-section-boxed elementor-section-height-default elementor-section-height-default\" data-id=\"4e141d6a\" data-element_type=\"section\" data-e-type=\"section\" data-settings=\"{&quot;stretch_section&quot;:&quot;section-stretched&quot;}\">\n\t\t\t\t\t\t<div class=\"elementor-container elementor-column-gap-default\">\n\t\t\t\t\t<div class=\"elementor-column elementor-col-100 elementor-top-column elementor-element elementor-element-72c56e29\" data-id=\"72c56e29\" data-element_type=\"column\" data-e-type=\"column\">\n\t\t\t<div class=\"elementor-widget-wrap elementor-element-populated\">\n\t\t\t\t\t\t<div class=\"elementor-element elementor-element-877c389 elementor-widget elementor-widget-image\" data-id=\"877c389\" data-element_type=\"widget\" data-e-type=\"widget\" data-widget_type=\"image.default\">\n\t\t\t\t<div class=\"elementor-widget-container\">\n\t\t\t\t\t\t\t\t\t\t\t\t\t\t\t<img fetchpriority=\"high\" decoding=\"async\" width=\"850\" height=\"400\" src=\"https:\/\/www.o2feel.com\/wp-content\/uploads\/2026\/04\/Banniere-Articles-Serie-Mania-26.jpg\" class=\"attachment-full size-full wp-image-120570\" alt=\"\" srcset=\"https:\/\/www.o2feel.com\/wp-content\/uploads\/2026\/04\/Banniere-Articles-Serie-Mania-26.jpg 850w, https:\/\/www.o2feel.com\/wp-content\/uploads\/2026\/04\/Banniere-Articles-Serie-Mania-26-300x141.jpg 300w, https:\/\/www.o2feel.com\/wp-content\/uploads\/2026\/04\/Banniere-Articles-Serie-Mania-26-768x361.jpg 768w, https:\/\/www.o2feel.com\/wp-content\/uploads\/2026\/04\/Banniere-Articles-Serie-Mania-26-800x376.jpg 800w, https:\/\/www.o2feel.com\/wp-content\/uploads\/2026\/04\/Banniere-Articles-Serie-Mania-26-220x104.jpg 220w\" sizes=\"(max-width: 850px) 100vw, 850px\" \/>\t\t\t\t\t\t\t\t\t\t\t\t\t\t\t<\/div>\n\t\t\t\t<\/div>\n\t\t\t\t\t<\/div>\n\t\t<\/div>\n\t\t\t\t\t<\/div>\n\t\t<\/section>\n\t\t\t\t<section class=\"elementor-section elementor-top-section elementor-element elementor-element-659dd9b7 elementor-section-boxed elementor-section-height-default elementor-section-height-default\" data-id=\"659dd9b7\" data-element_type=\"section\" data-e-type=\"section\">\n\t\t\t\t\t\t<div class=\"elementor-container elementor-column-gap-default\">\n\t\t\t\t\t<div class=\"elementor-column elementor-col-100 elementor-top-column elementor-element elementor-element-3645106f\" data-id=\"3645106f\" data-element_type=\"column\" data-e-type=\"column\">\n\t\t\t<div class=\"elementor-widget-wrap elementor-element-populated\">\n\t\t\t\t\t\t<div class=\"elementor-element elementor-element-30662e25 elementor-widget elementor-widget-spacer\" data-id=\"30662e25\" data-element_type=\"widget\" data-e-type=\"widget\" data-widget_type=\"spacer.default\">\n\t\t\t\t<div class=\"elementor-widget-container\">\n\t\t\t\t\t\t\t<div class=\"elementor-spacer\">\n\t\t\t<div class=\"elementor-spacer-inner\"><\/div>\n\t\t<\/div>\n\t\t\t\t\t\t<\/div>\n\t\t\t\t<\/div>\n\t\t\t\t\t<\/div>\n\t\t<\/div>\n\t\t\t\t\t<\/div>\n\t\t<\/section>\n\t\t<div class=\"elementor-element elementor-element-30da7e46 e-con-full e-flex e-con e-parent\" data-id=\"30da7e46\" data-element_type=\"container\" data-e-type=\"container\">\n\t\t<div class=\"elementor-element elementor-element-6da513b e-con-full e-flex e-con e-child\" data-id=\"6da513b\" data-element_type=\"container\" data-e-type=\"container\">\n\t\t\t\t<div class=\"elementor-element elementor-element-2a361513 elementor-widget elementor-widget-heading\" data-id=\"2a361513\" data-element_type=\"widget\" data-e-type=\"widget\" data-widget_type=\"heading.default\">\n\t\t\t\t<div class=\"elementor-widget-container\">\n\t\t\t\t\t<h2 class=\"elementor-heading-title elementor-size-default\">O2feel, offizieller Partner des Festivals S\u00e9ries Mania 2026<\/h2>\t\t\t\t<\/div>\n\t\t\t\t<\/div>\n\t\t\t\t<div class=\"elementor-element elementor-element-12173adc elementor-widget elementor-widget-text-editor\" data-id=\"12173adc\" data-element_type=\"widget\" data-e-type=\"widget\" data-widget_type=\"text-editor.default\">\n\t\t\t\t<div class=\"elementor-widget-container\">\n\t\t\t\t\t\t\t\t\t<p><span style=\"font-weight: 400;\">Zum dritten Mal in Folge engagiert sich O2feel an der Seite des Festivals S\u00e9ries Mania als CSR-Partner. Vom 20. bis 27. M\u00e4rz 2026 pulsierte Lille erneut im Rhythmus der Serien und versammelte Tausende von Festivalbesuchern um ein vielf\u00e4ltiges und internationales Programm. <\/span><\/p><p><span style=\"font-weight: 400;\">Tief verwurzelt in der Region Hauts-de-France teilen O2feel und S\u00e9ries Mania gemeinsame Werte: Entdeckungen f\u00f6rdern, den Alltag vereinfachen und die Region aufwerten \u2013 sei es durch Kultur oder Mobilit\u00e4t.<\/span><\/p>\t\t\t\t\t\t\t\t<\/div>\n\t\t\t\t<\/div>\n\t\t\t\t<div class=\"elementor-element elementor-element-3f37c945 elementor-widget elementor-widget-heading\" data-id=\"3f37c945\" data-element_type=\"widget\" data-e-type=\"widget\" data-widget_type=\"heading.default\">\n\t\t\t\t<div class=\"elementor-widget-container\">\n\t\t\t\t\t<h2 class=\"elementor-heading-title elementor-size-default\">O2feel E-Bikes im Einsatz f\u00fcr das Festival\n<\/h2>\t\t\t\t<\/div>\n\t\t\t\t<\/div>\n\t\t\t\t<div class=\"elementor-element elementor-element-4de6201e elementor-widget elementor-widget-text-editor\" data-id=\"4de6201e\" data-element_type=\"widget\" data-e-type=\"widget\" data-widget_type=\"text-editor.default\">\n\t\t\t\t<div class=\"elementor-widget-container\">\n\t\t\t\t\t\t\t\t\t<p><span style=\"font-weight: 400;\">F\u00fcr diese Ausgabe 2026 hat O2feel den Festivalteams \u2013 Mitarbeitern, Freiwilligen und Organisatoren \u2013 eine Flotte von E-Bikes zur Verf\u00fcgung gestellt.<\/span><\/p><p><span style=\"font-weight: 400;\">Diese Fahrr\u00e4der erleichterten die Wege zwischen den verschiedenen Veranstaltungsorten und boten eine fl\u00fcssige, praktische L\u00f6sung, die perfekt auf ein st\u00e4dtisches Event wie S\u00e9ries Mania zugeschnitten ist. Eine konkrete Art, Mobilit\u00e4t auf lokaler Ebene neu zu denken. <\/span><\/p>\t\t\t\t\t\t\t\t<\/div>\n\t\t\t\t<\/div>\n\t\t\t\t<div class=\"elementor-element elementor-element-3f12e34f elementor-widget elementor-widget-text-editor\" data-id=\"3f12e34f\" data-element_type=\"widget\" data-e-type=\"widget\" data-widget_type=\"text-editor.default\">\n\t\t\t\t<div class=\"elementor-widget-container\">\n\t\t\t\t\t\t\t\t\t<p><b>Ein gesicherter Fahrradparkplatz f\u00fcr Festivalbesucher<\/b><br><span style=\"font-weight: 400;\">Um die Nutzung des Fahrrads in der breiten \u00d6ffentlichkeit zu f\u00f6rdern, hat O2feel zudem einen gesicherten Fahrradparkplatz auf dem Festivalgel\u00e4nde eingerichtet.<\/span><\/p><p><span style=\"font-weight: 400;\">Dieser Bereich wurde konzipiert, um Radfahrern Komfort und Sicherheit zu bieten und umfasste:<\/span><br><span style=\"font-weight: 400;\">&#8211; Einen gesicherten und bewachten Parkplatz<\/span><br><span style=\"font-weight: 400;\">&#8211; Kostenlose Ladestationen f\u00fcr E-Bikes<\/span><br><span style=\"font-weight: 400;\">&#8211; Eine Helmabgabe w\u00e4hrend der Vorf\u00fchrungen oder Veranstaltungen<\/span><\/p><p><span style=\"font-weight: 400;\">Eine Initiative, die den Zugang zum Festival erleichtert und die Besucher bei ihren Wegen durch Lille unterst\u00fctzt.<\/span><\/p>\t\t\t\t\t\t\t\t<\/div>\n\t\t\t\t<\/div>\n\t\t\t\t<\/div>\n\t\t<div class=\"elementor-element elementor-element-5991d23 e-con-full e-flex e-con e-child\" data-id=\"5991d23\" data-element_type=\"container\" data-e-type=\"container\" data-settings=\"{&quot;background_background&quot;:&quot;classic&quot;}\">\n\t\t\t\t<\/div>\n\t\t\t\t<\/div>\n\t\t\t\t<section class=\"elementor-section elementor-top-section elementor-element elementor-element-241c957a elementor-section-boxed elementor-section-height-default elementor-section-height-default\" data-id=\"241c957a\" data-element_type=\"section\" data-e-type=\"section\">\n\t\t\t\t\t\t<div class=\"elementor-container elementor-column-gap-default\">\n\t\t\t\t\t<div class=\"elementor-column elementor-col-100 elementor-top-column elementor-element elementor-element-72e25a06\" data-id=\"72e25a06\" data-element_type=\"column\" data-e-type=\"column\">\n\t\t\t<div class=\"elementor-widget-wrap elementor-element-populated\">\n\t\t\t\t\t\t<div class=\"elementor-element elementor-element-3baa96e8 elementor-widget elementor-widget-spacer\" data-id=\"3baa96e8\" data-element_type=\"widget\" data-e-type=\"widget\" data-widget_type=\"spacer.default\">\n\t\t\t\t<div class=\"elementor-widget-container\">\n\t\t\t\t\t\t\t<div class=\"elementor-spacer\">\n\t\t\t<div class=\"elementor-spacer-inner\"><\/div>\n\t\t<\/div>\n\t\t\t\t\t\t<\/div>\n\t\t\t\t<\/div>\n\t\t\t\t\t<\/div>\n\t\t<\/div>\n\t\t\t\t\t<\/div>\n\t\t<\/section>\n\t\t<div class=\"elementor-element elementor-element-4a75dba9 e-flex e-con-boxed e-con e-parent\" data-id=\"4a75dba9\" data-element_type=\"container\" data-e-type=\"container\">\n\t\t\t\t\t<div class=\"e-con-inner\">\n\t\t\t\t<div class=\"elementor-element elementor-element-3f7fde99 elementor-widget elementor-widget-heading\" data-id=\"3f7fde99\" data-element_type=\"widget\" data-e-type=\"widget\" data-widget_type=\"heading.default\">\n\t\t\t\t<div class=\"elementor-widget-container\">\n\t\t\t\t\t<h2 class=\"elementor-heading-title elementor-size-default\">Ein Engagement f\u00fcr eine in der Region verankerte Mobilit\u00e4t<\/h2>\t\t\t\t<\/div>\n\t\t\t\t<\/div>\n\t\t\t\t<div class=\"elementor-element elementor-element-54724550 elementor-widget elementor-widget-text-editor\" data-id=\"54724550\" data-element_type=\"widget\" data-e-type=\"widget\" data-widget_type=\"text-editor.default\">\n\t\t\t\t<div class=\"elementor-widget-container\">\n\t\t\t\t\t\t\t\t\t<p><span style=\"font-weight: 400;\">Durch diese Partnerschaft best\u00e4tigt O2feel seinen Willen, die Nutzungsgewohnheiten bei Gro\u00dfveranstaltungen zu ver\u00e4ndern, indem konkrete, zug\u00e4ngliche und an den lokalen Kontext angepasste L\u00f6sungen angeboten werden.<\/span><\/p><p><span style=\"font-weight: 400;\">Die Partnerschaft mit S\u00e9ries Mania bedeutet, Teil einer starken regionalen Dynamik zu sein und gemeinsam mit lokalen Akteuren daran zu arbeiten, die Mobilit\u00e4t fl\u00fcssiger zu gestalten und besser in das Stadtleben von Lille zu integrieren.<\/span><\/p>\t\t\t\t\t\t\t\t<\/div>\n\t\t\t\t<\/div>\n\t\t\t\t\t<\/div>\n\t\t\t\t<\/div>\n\t\t<div class=\"elementor-element elementor-element-56b4148d e-flex e-con-boxed e-con e-parent\" data-id=\"56b4148d\" data-element_type=\"container\" data-e-type=\"container\">\n\t\t\t\t\t<div class=\"e-con-inner\">\n\t\t\t\t<div class=\"elementor-element elementor-element-1e97d0ac elementor-widget elementor-widget-heading\" data-id=\"1e97d0ac\" data-element_type=\"widget\" data-e-type=\"widget\" data-widget_type=\"heading.default\">\n\t\t\t\t<div class=\"elementor-widget-container\">\n\t\t\t\t\t<h2 class=\"elementor-heading-title elementor-size-default\">Wir sehen uns in Lille f\u00fcr die n\u00e4chsten Ausgaben<\/h2>\t\t\t\t<\/div>\n\t\t\t\t<\/div>\n\t\t\t\t<div class=\"elementor-element elementor-element-3fd074fc elementor-widget elementor-widget-text-editor\" data-id=\"3fd074fc\" data-element_type=\"widget\" data-e-type=\"widget\" data-widget_type=\"text-editor.default\">\n\t\t\t\t<div class=\"elementor-widget-container\">\n\t\t\t\t\t\t\t\t\t<p><span style=\"font-weight: 400;\">Mit dieser erneuten erfolgreichen Zusammenarbeit bekr\u00e4ftigen O2feel und S\u00e9ries Mania ihr gemeinsames Engagement f\u00fcr lokale und kulturelle Mobilit\u00e4t.<\/span><\/p><p><span style=\"font-weight: 400;\">Das E-Bike erweist sich mehr denn je als unverzichtbarer Verb\u00fcndeter bei st\u00e4dtischen Veranstaltungen, sowohl f\u00fcr die Teams als auch f\u00fcr die Besucher.<\/span><\/p><p><span style=\"font-weight: 400;\">Durch konkrete Aktionen in unserer Region tragen wir unsere Ambitionen auf die nationale Ebene.<\/span><\/p>\t\t\t\t\t\t\t\t<\/div>\n\t\t\t\t<\/div>\n\t\t\t\t\t<\/div>\n\t\t\t\t<\/div>\n\t\t\t\t<section class=\"elementor-section elementor-top-section elementor-element elementor-element-658e9db0 elementor-section-boxed elementor-section-height-default elementor-section-height-default\" data-id=\"658e9db0\" data-element_type=\"section\" data-e-type=\"section\">\n\t\t\t\t\t\t<div class=\"elementor-container elementor-column-gap-default\">\n\t\t\t\t\t<div class=\"elementor-column elementor-col-100 elementor-top-column elementor-element elementor-element-576fb2e5\" data-id=\"576fb2e5\" data-element_type=\"column\" data-e-type=\"column\">\n\t\t\t<div class=\"elementor-widget-wrap elementor-element-populated\">\n\t\t\t\t\t\t<div class=\"elementor-element elementor-element-7f0255b0 elementor-widget elementor-widget-spacer\" data-id=\"7f0255b0\" data-element_type=\"widget\" data-e-type=\"widget\" data-widget_type=\"spacer.default\">\n\t\t\t\t<div class=\"elementor-widget-container\">\n\t\t\t\t\t\t\t<div class=\"elementor-spacer\">\n\t\t\t<div class=\"elementor-spacer-inner\"><\/div>\n\t\t<\/div>\n\t\t\t\t\t\t<\/div>\n\t\t\t\t<\/div>\n\t\t\t\t\t<\/div>\n\t\t<\/div>\n\t\t\t\t\t<\/div>\n\t\t<\/section>\n\t\t<div class=\"elementor-element elementor-element-28be99bd e-flex e-con-boxed e-con e-parent\" data-id=\"28be99bd\" data-element_type=\"container\" data-e-type=\"container\">\n\t\t\t\t\t<div class=\"e-con-inner\">\n\t\t\t\t<div class=\"elementor-element elementor-element-44fb9a6f elementor-widget elementor-widget-heading\" data-id=\"44fb9a6f\" data-element_type=\"widget\" data-e-type=\"widget\" data-widget_type=\"heading.default\">\n\t\t\t\t<div class=\"elementor-widget-container\">\n\t\t\t\t\t<h2 class=\"elementor-heading-title elementor-size-default\"><a href=\"https:\/\/www.o2feel.com\/actualites\/\">&lt; Zur\u00fcck zu <u>Unsere Neuigkeiten<\/u><\/a><\/h2>\t\t\t\t<\/div>\n\t\t\t\t<\/div>\n\t\t\t\t\t<\/div>\n\t\t\t\t<\/div>\n\t\t\t\t<\/div>\n\t\t","protected":false},"excerpt":{"rendered":"<p>&lt; Zur\u00fcck zu Unsere Neuigkeiten O2feel x S\u00e9ries Mania: eine CSR-Partnerschaft f\u00fcr nachhaltige und kulturelle Mobilit\u00e4t O2feel, offizieller Partner des Festivals S\u00e9ries &hellip;<\/p>\n","protected":false},"author":21,"featured_media":0,"parent":102719,"menu_order":0,"comment_status":"closed","ping_status":"closed","template":"","meta":{"footnotes":""},"class_list":["post-120603","page","type-page","status-publish","hentry"],"_links":{"self":[{"href":"https:\/\/www.o2feel.com\/de\/wp-json\/wp\/v2\/pages\/120603","targetHints":{"allow":["GET"]}}],"collection":[{"href":"https:\/\/www.o2feel.com\/de\/wp-json\/wp\/v2\/pages"}],"about":[{"href":"https:\/\/www.o2feel.com\/de\/wp-json\/wp\/v2\/types\/page"}],"author":[{"embeddable":true,"href":"https:\/\/www.o2feel.com\/de\/wp-json\/wp\/v2\/users\/21"}],"replies":[{"embeddable":true,"href":"https:\/\/www.o2feel.com\/de\/wp-json\/wp\/v2\/comments?post=120603"}],"version-history":[{"count":1,"href":"https:\/\/www.o2feel.com\/de\/wp-json\/wp\/v2\/pages\/120603\/revisions"}],"predecessor-version":[{"id":120604,"href":"https:\/\/www.o2feel.com\/de\/wp-json\/wp\/v2\/pages\/120603\/revisions\/120604"}],"up":[{"embeddable":true,"href":"https:\/\/www.o2feel.com\/de\/wp-json\/wp\/v2\/pages\/102719"}],"wp:attachment":[{"href":"https:\/\/www.o2feel.com\/de\/wp-json\/wp\/v2\/media?parent=120603"}],"curies":[{"name":"wp","href":"https:\/\/api.w.org\/{rel}","templated":true}]}}