{"id":116947,"date":"2025-12-02T08:53:08","date_gmt":"2025-12-02T07:53:08","guid":{"rendered":"https:\/\/www.o2feel.com\/neuigkeiten\/o2feel-x-tous-en-selle\/"},"modified":"2025-12-02T11:59:21","modified_gmt":"2025-12-02T10:59:21","slug":"o2feel-x-tous-en-selle","status":"publish","type":"page","link":"https:\/\/www.o2feel.com\/de\/neuigkeiten\/o2feel-x-tous-en-selle\/","title":{"rendered":"O2feel x Tous en Selle"},"content":{"rendered":"\t\t<div data-elementor-type=\"wp-page\" data-elementor-id=\"116947\" class=\"elementor elementor-116947 elementor-116796\" data-elementor-post-type=\"page\">\n\t\t\t\t\t\t<section class=\"elementor-section elementor-top-section elementor-element elementor-element-3487a706 elementor-section-boxed elementor-section-height-default elementor-section-height-default\" data-id=\"3487a706\" data-element_type=\"section\" data-e-type=\"section\">\n\t\t\t\t\t\t<div class=\"elementor-container elementor-column-gap-default\">\n\t\t\t\t\t<div class=\"elementor-column elementor-col-100 elementor-top-column elementor-element elementor-element-384aec91\" data-id=\"384aec91\" data-element_type=\"column\" data-e-type=\"column\">\n\t\t\t<div class=\"elementor-widget-wrap elementor-element-populated\">\n\t\t\t\t\t\t<div class=\"elementor-element elementor-element-fa6565 elementor-widget elementor-widget-spacer\" data-id=\"fa6565\" data-element_type=\"widget\" data-e-type=\"widget\" data-widget_type=\"spacer.default\">\n\t\t\t\t<div class=\"elementor-widget-container\">\n\t\t\t\t\t\t\t<div class=\"elementor-spacer\">\n\t\t\t<div class=\"elementor-spacer-inner\"><\/div>\n\t\t<\/div>\n\t\t\t\t\t\t<\/div>\n\t\t\t\t<\/div>\n\t\t\t\t\t<\/div>\n\t\t<\/div>\n\t\t\t\t\t<\/div>\n\t\t<\/section>\n\t\t<div class=\"elementor-element elementor-element-58996410 e-flex e-con-boxed e-con e-parent\" data-id=\"58996410\" data-element_type=\"container\" data-e-type=\"container\">\n\t\t\t\t\t<div class=\"e-con-inner\">\n\t\t\t\t<div class=\"elementor-element elementor-element-3803d476 elementor-widget elementor-widget-heading\" data-id=\"3803d476\" data-element_type=\"widget\" data-e-type=\"widget\" data-widget_type=\"heading.default\">\n\t\t\t\t<div class=\"elementor-widget-container\">\n\t\t\t\t\t<h2 class=\"elementor-heading-title elementor-size-default\"><a href=\"https:\/\/www.o2feel.com\/actualites\/\">&lt; Zur\u00fcck zu <u>Unsere Neuigkeiten<\/u><\/a><\/h2>\t\t\t\t<\/div>\n\t\t\t\t<\/div>\n\t\t\t\t\t<\/div>\n\t\t\t\t<\/div>\n\t\t\t\t<section class=\"elementor-section elementor-top-section elementor-element elementor-element-3b189cc7 elementor-section-boxed elementor-section-height-default elementor-section-height-default\" data-id=\"3b189cc7\" data-element_type=\"section\" data-e-type=\"section\">\n\t\t\t\t\t\t<div class=\"elementor-container elementor-column-gap-default\">\n\t\t\t\t\t<div class=\"elementor-column elementor-col-100 elementor-top-column elementor-element elementor-element-3e7113ec\" data-id=\"3e7113ec\" data-element_type=\"column\" data-e-type=\"column\">\n\t\t\t<div class=\"elementor-widget-wrap elementor-element-populated\">\n\t\t\t\t\t\t<div class=\"elementor-element elementor-element-7aa146cc elementor-widget elementor-widget-spacer\" data-id=\"7aa146cc\" data-element_type=\"widget\" data-e-type=\"widget\" data-widget_type=\"spacer.default\">\n\t\t\t\t<div class=\"elementor-widget-container\">\n\t\t\t\t\t\t\t<div class=\"elementor-spacer\">\n\t\t\t<div class=\"elementor-spacer-inner\"><\/div>\n\t\t<\/div>\n\t\t\t\t\t\t<\/div>\n\t\t\t\t<\/div>\n\t\t\t\t\t<\/div>\n\t\t<\/div>\n\t\t\t\t\t<\/div>\n\t\t<\/section>\n\t\t<div class=\"elementor-element elementor-element-7b28935a e-flex e-con-boxed e-con e-parent\" data-id=\"7b28935a\" data-element_type=\"container\" data-e-type=\"container\">\n\t\t\t\t\t<div class=\"e-con-inner\">\n\t\t\t\t<div class=\"elementor-element elementor-element-7bbb514a elementor-widget__width-initial elementor-widget-tablet__width-initial elementor-widget-mobile__width-initial elementor-widget elementor-widget-heading\" data-id=\"7bbb514a\" data-element_type=\"widget\" data-e-type=\"widget\" data-widget_type=\"heading.default\">\n\t\t\t\t<div class=\"elementor-widget-container\">\n\t\t\t\t\t<h1 class=\"elementor-heading-title elementor-size-default\">O2feel x Tous en Selle: eine Partnerschaft aus Leidenschaft f\u00fcrs Fahrrad, vom Kinepolis bis zum Grand Rex<\/h1>\t\t\t\t<\/div>\n\t\t\t\t<\/div>\n\t\t\t\t\t<\/div>\n\t\t\t\t<\/div>\n\t\t\t\t<section class=\"elementor-section elementor-top-section elementor-element elementor-element-7731d90 elementor-section-boxed elementor-section-height-default elementor-section-height-default\" data-id=\"7731d90\" data-element_type=\"section\" data-e-type=\"section\">\n\t\t\t\t\t\t<div class=\"elementor-container elementor-column-gap-default\">\n\t\t\t\t\t<div class=\"elementor-column elementor-col-100 elementor-top-column elementor-element elementor-element-090b153\" data-id=\"090b153\" data-element_type=\"column\" data-e-type=\"column\">\n\t\t\t<div class=\"elementor-widget-wrap elementor-element-populated\">\n\t\t\t\t\t\t<div class=\"elementor-element elementor-element-c282fd7 elementor-widget elementor-widget-spacer\" data-id=\"c282fd7\" data-element_type=\"widget\" data-e-type=\"widget\" data-widget_type=\"spacer.default\">\n\t\t\t\t<div class=\"elementor-widget-container\">\n\t\t\t\t\t\t\t<div class=\"elementor-spacer\">\n\t\t\t<div class=\"elementor-spacer-inner\"><\/div>\n\t\t<\/div>\n\t\t\t\t\t\t<\/div>\n\t\t\t\t<\/div>\n\t\t\t\t\t<\/div>\n\t\t<\/div>\n\t\t\t\t\t<\/div>\n\t\t<\/section>\n\t\t<div class=\"elementor-element elementor-element-49ed6f7 e-flex e-con-boxed e-con e-parent\" data-id=\"49ed6f7\" data-element_type=\"container\" data-e-type=\"container\">\n\t\t\t\t\t<div class=\"e-con-inner\">\n\t\t<div class=\"elementor-element elementor-element-7f4a0b6 e-con-full e-flex e-con e-child\" data-id=\"7f4a0b6\" data-element_type=\"container\" data-e-type=\"container\">\n\t\t\t\t<div class=\"elementor-element elementor-element-0578d06 elementor-widget elementor-widget-image\" data-id=\"0578d06\" data-element_type=\"widget\" data-e-type=\"widget\" data-widget_type=\"image.default\">\n\t\t\t\t<div class=\"elementor-widget-container\">\n\t\t\t\t\t\t\t\t\t\t\t\t\t\t\t<img fetchpriority=\"high\" decoding=\"async\" width=\"1024\" height=\"768\" src=\"https:\/\/www.o2feel.com\/wp-content\/uploads\/2025\/12\/Paysage_TES-3-1024x768.jpg\" class=\"attachment-large size-large wp-image-116805\" alt=\"\" srcset=\"https:\/\/www.o2feel.com\/wp-content\/uploads\/2025\/12\/Paysage_TES-3-1024x768.jpg 1024w, https:\/\/www.o2feel.com\/wp-content\/uploads\/2025\/12\/Paysage_TES-3-300x225.jpg 300w, https:\/\/www.o2feel.com\/wp-content\/uploads\/2025\/12\/Paysage_TES-3-768x576.jpg 768w, https:\/\/www.o2feel.com\/wp-content\/uploads\/2025\/12\/Paysage_TES-3-1536x1152.jpg 1536w, https:\/\/www.o2feel.com\/wp-content\/uploads\/2025\/12\/Paysage_TES-3-2048x1536.jpg 2048w, https:\/\/www.o2feel.com\/wp-content\/uploads\/2025\/12\/Paysage_TES-3-1920x1440.jpg 1920w, https:\/\/www.o2feel.com\/wp-content\/uploads\/2025\/12\/Paysage_TES-3-800x600.jpg 800w, https:\/\/www.o2feel.com\/wp-content\/uploads\/2025\/12\/Paysage_TES-3-205x154.jpg 205w\" sizes=\"(max-width: 1024px) 100vw, 1024px\" \/>\t\t\t\t\t\t\t\t\t\t\t\t\t\t\t<\/div>\n\t\t\t\t<\/div>\n\t\t\t\t<\/div>\n\t\t\t\t\t<\/div>\n\t\t\t\t<\/div>\n\t\t\t\t<section class=\"elementor-section elementor-top-section elementor-element elementor-element-7ba2809 elementor-section-boxed elementor-section-height-default elementor-section-height-default\" data-id=\"7ba2809\" data-element_type=\"section\" data-e-type=\"section\">\n\t\t\t\t\t\t<div class=\"elementor-container elementor-column-gap-default\">\n\t\t\t\t\t<div class=\"elementor-column elementor-col-100 elementor-top-column elementor-element elementor-element-74616f6\" data-id=\"74616f6\" data-element_type=\"column\" data-e-type=\"column\">\n\t\t\t<div class=\"elementor-widget-wrap elementor-element-populated\">\n\t\t\t\t\t\t<div class=\"elementor-element elementor-element-54eca0b elementor-widget elementor-widget-spacer\" data-id=\"54eca0b\" data-element_type=\"widget\" data-e-type=\"widget\" data-widget_type=\"spacer.default\">\n\t\t\t\t<div class=\"elementor-widget-container\">\n\t\t\t\t\t\t\t<div class=\"elementor-spacer\">\n\t\t\t<div class=\"elementor-spacer-inner\"><\/div>\n\t\t<\/div>\n\t\t\t\t\t\t<\/div>\n\t\t\t\t<\/div>\n\t\t\t\t\t<\/div>\n\t\t<\/div>\n\t\t\t\t\t<\/div>\n\t\t<\/section>\n\t\t<div class=\"elementor-element elementor-element-ccb4f1a e-flex e-con-boxed e-con e-parent\" data-id=\"ccb4f1a\" data-element_type=\"container\" data-e-type=\"container\">\n\t\t\t\t\t<div class=\"e-con-inner\">\n\t\t\t\t<div class=\"elementor-element elementor-element-2ab0499 elementor-widget elementor-widget-heading\" data-id=\"2ab0499\" data-element_type=\"widget\" data-e-type=\"widget\" data-widget_type=\"heading.default\">\n\t\t\t\t<div class=\"elementor-widget-container\">\n\t\t\t\t\t<h2 class=\"elementor-heading-title elementor-size-default\">Lokale Produktion f\u00fcr optimale Qualit\u00e4t<\/h2>\t\t\t\t<\/div>\n\t\t\t\t<\/div>\n\t\t\t\t<div class=\"elementor-element elementor-element-f89376f elementor-widget elementor-widget-text-editor\" data-id=\"f89376f\" data-element_type=\"widget\" data-e-type=\"widget\" data-widget_type=\"text-editor.default\">\n\t\t\t\t<div class=\"elementor-widget-container\">\n\t\t\t\t\t\t\t\t\t<p>Bei <strong>O2feel <\/strong>vertreten wir eine klare Vision: Das Fahrrad \u2013 insbesondere das <strong>E-Bike<\/strong> \u2013 ist ein Motor der <strong>sanften Mobilit\u00e4t<\/strong>. Es ist weit mehr als ein Fortbewegungsmittel, es ist ein Tr\u00e4ger von Emotionen, Begegnungen und Inspiration. Diese \u00dcberzeugung hat uns dazu gef\u00fchrt, Partner des <strong>Festivals Tous en Selle<\/strong> zu werden, einem bedeutenden Ereignis in der Fahrradwelt.  <\/p><p>Als <strong>franz\u00f6sische Marke f\u00fcr E-Bikes<\/strong> m\u00f6chten wir Initiativen unterst\u00fctzen, die das Radfahren in Frankreich f\u00f6rdern.<\/p>\t\t\t\t\t\t\t\t<\/div>\n\t\t\t\t<\/div>\n\t\t\t\t\t<\/div>\n\t\t\t\t<\/div>\n\t\t\t\t<section class=\"elementor-section elementor-top-section elementor-element elementor-element-cadd3aa elementor-section-boxed elementor-section-height-default elementor-section-height-default\" data-id=\"cadd3aa\" data-element_type=\"section\" data-e-type=\"section\">\n\t\t\t\t\t\t<div class=\"elementor-container elementor-column-gap-default\">\n\t\t\t\t\t<div class=\"elementor-column elementor-col-100 elementor-top-column elementor-element elementor-element-2d77270\" data-id=\"2d77270\" data-element_type=\"column\" data-e-type=\"column\">\n\t\t\t<div class=\"elementor-widget-wrap elementor-element-populated\">\n\t\t\t\t\t\t<div class=\"elementor-element elementor-element-669bdf0 elementor-widget elementor-widget-spacer\" data-id=\"669bdf0\" data-element_type=\"widget\" data-e-type=\"widget\" data-widget_type=\"spacer.default\">\n\t\t\t\t<div class=\"elementor-widget-container\">\n\t\t\t\t\t\t\t<div class=\"elementor-spacer\">\n\t\t\t<div class=\"elementor-spacer-inner\"><\/div>\n\t\t<\/div>\n\t\t\t\t\t\t<\/div>\n\t\t\t\t<\/div>\n\t\t\t\t\t<\/div>\n\t\t<\/div>\n\t\t\t\t\t<\/div>\n\t\t<\/section>\n\t\t<div class=\"elementor-element elementor-element-c2fa9e6 e-con-full e-flex e-con e-parent\" data-id=\"c2fa9e6\" data-element_type=\"container\" data-e-type=\"container\">\n\t\t<div class=\"elementor-element elementor-element-12ebb31 e-con-full e-flex e-con e-child\" data-id=\"12ebb31\" data-element_type=\"container\" data-e-type=\"container\">\n\t\t\t\t<div class=\"elementor-element elementor-element-2751efe elementor-widget__width-initial elementor-widget-tablet__width-initial elementor-widget-mobile__width-inherit elementor-widget elementor-widget-heading\" data-id=\"2751efe\" data-element_type=\"widget\" data-e-type=\"widget\" data-widget_type=\"heading.default\">\n\t\t\t\t<div class=\"elementor-widget-container\">\n\t\t\t\t\t<h2 class=\"elementor-heading-title elementor-size-default\">Auff\u00e4llige Pr\u00e4senz im Grand Rex: Sichtbarkeit und Einfluss in der Fahrradwelt<\/h2>\t\t\t\t<\/div>\n\t\t\t\t<\/div>\n\t\t\t\t<div class=\"elementor-element elementor-element-73ea4c8 elementor-widget elementor-widget-text-editor\" data-id=\"73ea4c8\" data-element_type=\"widget\" data-e-type=\"widget\" data-widget_type=\"text-editor.default\">\n\t\t\t\t<div class=\"elementor-widget-container\">\n\t\t\t\t\t\t\t\t\t<p>Den Namen <strong>O2feel <\/strong>an der Fassade des <strong>Grand Rex<\/strong> zu sehen \u2013 einer ikonischen Pariser Kulturst\u00e4tte \u2013 war ein besonderer Moment f\u00fcr uns. Diese nationale Sichtbarkeit st\u00e4rkt unsere Position auf dem E-Bike-Markt und unterstreicht unser Engagement f\u00fcr die Fahrrad-Community. <\/p><p>Das Festival Tous en Selle ist ein unverzichtbarer Treffpunkt geworden, bei dem sich Enthusiasten, Profis, Marken und Fachmedien vereinen, um die Fahrradwelt in all ihren Facetten zu feiern.<\/p><p>Unsere Pr\u00e4senz im Grand Rex erm\u00f6glichte es uns:<\/p><ul><li><p>unsere <strong>neuesten Innovationen<\/strong> zu pr\u00e4sentieren<\/p><\/li><li><p>unsere Beziehungen zu Akteuren der Branche zu st\u00e4rken<\/p><\/li><li><p>mit begeisterten Besucher:innen ins Gespr\u00e4ch zu kommen, die neugierig auf das Fahrrad der Zukunft sind<\/p><\/li><\/ul>\t\t\t\t\t\t\t\t<\/div>\n\t\t\t\t<\/div>\n\t\t\t\t<div class=\"elementor-element elementor-element-7067a84 elementor-widget__width-initial elementor-widget-tablet__width-initial elementor-widget-mobile__width-inherit elementor-widget elementor-widget-heading\" data-id=\"7067a84\" data-element_type=\"widget\" data-e-type=\"widget\" data-widget_type=\"heading.default\">\n\t\t\t\t<div class=\"elementor-widget-container\">\n\t\t\t\t\t<h2 class=\"elementor-heading-title elementor-size-default\">Eine Partnerschaft, die unsere Rolle im Fahrrad-\u00d6kosystem best\u00e4tigt<\/h2>\t\t\t\t<\/div>\n\t\t\t\t<\/div>\n\t\t\t\t<div class=\"elementor-element elementor-element-153dfc2 elementor-widget elementor-widget-text-editor\" data-id=\"153dfc2\" data-element_type=\"widget\" data-e-type=\"widget\" data-widget_type=\"text-editor.default\">\n\t\t\t\t<div class=\"elementor-widget-container\">\n\t\t\t\t\t\t\t\t\t<p>Unsere Teilnahme am Festival <em>Tous en Selle<\/em> \u2013 sowohl national als auch lokal \u2013 best\u00e4tigt unser Engagement, Veranstaltungen zu unterst\u00fctzen, die die Fahrradkultur in Frankreich voranbringen.<\/p><p>Ob an symboltr\u00e4chtigen Orten wie dem Grand Rex oder in regionalen Kinos wie dem Kinepolis in Lomme \u2013 diese Begegnungen st\u00e4rken unsere Ambition: <strong>gemeinsam das Radfahrerlebnis weiterentwickeln<\/strong>.<\/p>\t\t\t\t\t\t\t\t<\/div>\n\t\t\t\t<\/div>\n\t\t\t\t<\/div>\n\t\t<div class=\"elementor-element elementor-element-7949523 e-con-full elementor-hidden-mobile e-flex e-con e-child\" data-id=\"7949523\" data-element_type=\"container\" data-e-type=\"container\" data-settings=\"{&quot;background_background&quot;:&quot;classic&quot;}\">\n\t\t\t\t<\/div>\n\t\t\t\t<\/div>\n\t\t\t\t<section class=\"elementor-section elementor-top-section elementor-element elementor-element-9f61a2f elementor-section-boxed elementor-section-height-default elementor-section-height-default\" data-id=\"9f61a2f\" data-element_type=\"section\" data-e-type=\"section\">\n\t\t\t\t\t\t<div class=\"elementor-container elementor-column-gap-default\">\n\t\t\t\t\t<div class=\"elementor-column elementor-col-100 elementor-top-column elementor-element elementor-element-2dba945\" data-id=\"2dba945\" data-element_type=\"column\" data-e-type=\"column\">\n\t\t\t<div class=\"elementor-widget-wrap elementor-element-populated\">\n\t\t\t\t\t\t<div class=\"elementor-element elementor-element-4c8e7bf elementor-widget elementor-widget-spacer\" data-id=\"4c8e7bf\" data-element_type=\"widget\" data-e-type=\"widget\" data-widget_type=\"spacer.default\">\n\t\t\t\t<div class=\"elementor-widget-container\">\n\t\t\t\t\t\t\t<div class=\"elementor-spacer\">\n\t\t\t<div class=\"elementor-spacer-inner\"><\/div>\n\t\t<\/div>\n\t\t\t\t\t\t<\/div>\n\t\t\t\t<\/div>\n\t\t\t\t\t<\/div>\n\t\t<\/div>\n\t\t\t\t\t<\/div>\n\t\t<\/section>\n\t\t<div class=\"elementor-element elementor-element-2925f19 e-con-full e-flex e-con e-parent\" data-id=\"2925f19\" data-element_type=\"container\" data-e-type=\"container\">\n\t\t<div class=\"elementor-element elementor-element-c8f8a09 e-con-full e-flex e-con e-child\" data-id=\"c8f8a09\" data-element_type=\"container\" data-e-type=\"container\" data-settings=\"{&quot;background_background&quot;:&quot;classic&quot;}\">\n\t\t\t\t<\/div>\n\t\t<div class=\"elementor-element elementor-element-c128704 e-con-full e-flex e-con e-child\" data-id=\"c128704\" data-element_type=\"container\" data-e-type=\"container\">\n\t\t\t\t<div class=\"elementor-element elementor-element-9197253 elementor-widget elementor-widget-heading\" data-id=\"9197253\" data-element_type=\"widget\" data-e-type=\"widget\" data-widget_type=\"heading.default\">\n\t\t\t\t<div class=\"elementor-widget-container\">\n\t\t\t\t\t<h2 class=\"elementor-heading-title elementor-size-default\">Lokal stark, national pr\u00e4sent: O2feel als Partner der Region Nord<\/h2>\t\t\t\t<\/div>\n\t\t\t\t<\/div>\n\t\t\t\t<div class=\"elementor-element elementor-element-82487ba elementor-widget elementor-widget-text-editor\" data-id=\"82487ba\" data-element_type=\"widget\" data-e-type=\"widget\" data-widget_type=\"text-editor.default\">\n\t\t\t\t<div class=\"elementor-widget-container\">\n\t\t\t\t\t\t\t\t\t<p>Abseits der Pariser B\u00fchne entschieden wir uns auch f\u00fcr eine <strong>Partnerschaft mit der Tous en Selle-Tour in Lomme<\/strong> im Kinepolis. Eine strategische Entscheidung, denn O2feel ist tief in Nordfrankreich verwurzelt \u2013 dort, wo wir unsere E-Bikes mit Fokus auf Leistung, Design und Ergonomie entwickeln. <\/p><p>Im <strong>Kinepolis Lomme<\/strong> trafen wir auf eine dynamische, engagierte lokale Community, die das Radfahren in all seinen Facetten liebt. <br>Diese N\u00e4he ist f\u00fcr uns essenziell:<\/p><ul><li>Sie st\u00e4rkt unsere Beziehung zu Nutzer:innen und Partner:innen<\/li><li>Sie spiegelt unsere \u00dcberzeugung wider, dass die St\u00e4rke einer Marke zuerst vor Ort aufgebaut wird<\/li><\/ul><p>Wer <strong>lokal stark<\/strong> ist, kann national strahlen und sanfte Mobilit\u00e4t in den Fokus r\u00fccken<\/p>\t\t\t\t\t\t\t\t<\/div>\n\t\t\t\t<\/div>\n\t\t\t\t<\/div>\n\t\t\t\t<\/div>\n\t\t\t\t<section class=\"elementor-section elementor-top-section elementor-element elementor-element-4bcfbe16 elementor-section-boxed elementor-section-height-default elementor-section-height-default\" data-id=\"4bcfbe16\" data-element_type=\"section\" data-e-type=\"section\">\n\t\t\t\t\t\t<div class=\"elementor-container elementor-column-gap-default\">\n\t\t\t\t\t<div class=\"elementor-column elementor-col-100 elementor-top-column elementor-element elementor-element-1466f951\" data-id=\"1466f951\" data-element_type=\"column\" data-e-type=\"column\">\n\t\t\t<div class=\"elementor-widget-wrap elementor-element-populated\">\n\t\t\t\t\t\t<div class=\"elementor-element elementor-element-4f2f7a62 elementor-widget elementor-widget-spacer\" data-id=\"4f2f7a62\" data-element_type=\"widget\" data-e-type=\"widget\" data-widget_type=\"spacer.default\">\n\t\t\t\t<div class=\"elementor-widget-container\">\n\t\t\t\t\t\t\t<div class=\"elementor-spacer\">\n\t\t\t<div class=\"elementor-spacer-inner\"><\/div>\n\t\t<\/div>\n\t\t\t\t\t\t<\/div>\n\t\t\t\t<\/div>\n\t\t\t\t\t<\/div>\n\t\t<\/div>\n\t\t\t\t\t<\/div>\n\t\t<\/section>\n\t\t<div class=\"elementor-element elementor-element-605ae952 e-flex e-con-boxed e-con e-parent\" data-id=\"605ae952\" data-element_type=\"container\" data-e-type=\"container\">\n\t\t\t\t\t<div class=\"e-con-inner\">\n\t\t\t\t<div class=\"elementor-element elementor-element-42667040 elementor-widget elementor-widget-heading\" data-id=\"42667040\" data-element_type=\"widget\" data-e-type=\"widget\" data-widget_type=\"heading.default\">\n\t\t\t\t<div class=\"elementor-widget-container\">\n\t\t\t\t\t<h2 class=\"elementor-heading-title elementor-size-default\">Inspirierende Begegnungen im Herzen der Fahrrad-Community<\/h2>\t\t\t\t<\/div>\n\t\t\t\t<\/div>\n\t\t\t\t<div class=\"elementor-element elementor-element-625ffa94 elementor-widget elementor-widget-text-editor\" data-id=\"625ffa94\" data-element_type=\"widget\" data-e-type=\"widget\" data-widget_type=\"text-editor.default\">\n\t\t\t\t<div class=\"elementor-widget-container\">\n\t\t\t\t\t\t\t\t\t<p>Ob im Grand Rex oder im Kinepolis Lomme \u2013 das Festival <em>Tous en Selle<\/em> gab uns die M\u00f6glichkeit, mit all jenen zu sprechen, die das Fahrrad-\u00d6kosystem mitgestalten: Enthusiasten, H\u00e4ndler, Profis, Fachmedien und neugierige Neueinsteiger.<\/p><p>Diese Gespr\u00e4che st\u00e4rken unsere Mission: <strong>E-Bikes<\/strong> anzubieten, die den Mobilit\u00e4tsbed\u00fcrfnissen von heute und morgen gerecht werden.<\/p>\t\t\t\t\t\t\t\t<\/div>\n\t\t\t\t<\/div>\n\t\t\t\t\t<\/div>\n\t\t\t\t<\/div>\n\t\t<div class=\"elementor-element elementor-element-d54d383 e-flex e-con-boxed e-con e-parent\" data-id=\"d54d383\" data-element_type=\"container\" data-e-type=\"container\">\n\t\t\t\t\t<div class=\"e-con-inner\">\n\t\t\t\t<div class=\"elementor-element elementor-element-f9d2fe5 elementor-widget-mobile__width-initial elementor-widget elementor-widget-heading\" data-id=\"f9d2fe5\" data-element_type=\"widget\" data-e-type=\"widget\" data-widget_type=\"heading.default\">\n\t\t\t\t<div class=\"elementor-widget-container\">\n\t\t\t\t\t<h2 class=\"elementor-heading-title elementor-size-default\">Ein gro\u00dfes Dankesch\u00f6n an die Fahrrad-Community \u2764\ufe0f<\/h2>\t\t\t\t<\/div>\n\t\t\t\t<\/div>\n\t\t\t\t<div class=\"elementor-element elementor-element-7075a0b elementor-widget elementor-widget-text-editor\" data-id=\"7075a0b\" data-element_type=\"widget\" data-e-type=\"widget\" data-widget_type=\"text-editor.default\">\n\t\t\t\t<div class=\"elementor-widget-container\">\n\t\t\t\t\t\t\t\t\t<p>Wir danken dem Team von <strong>Tous en Selle<\/strong>, dem Grand Rex, dem Kinepolis Lomme und allen Enthusiasten und Fachleuten, die wir auf dieser Tour getroffen haben.<\/p><p>Bei O2feel werden wir weiterhin Initiativen unterst\u00fctzen, die das Radfahren, sanfte Mobilit\u00e4t und Innovation im Dienst der Radfahrer:innen f\u00f6rdern.<\/p>\t\t\t\t\t\t\t\t<\/div>\n\t\t\t\t<\/div>\n\t\t\t\t\t<\/div>\n\t\t\t\t<\/div>\n\t\t\t\t<section class=\"elementor-section elementor-top-section elementor-element elementor-element-2ecd1755 elementor-section-boxed elementor-section-height-default elementor-section-height-default\" data-id=\"2ecd1755\" data-element_type=\"section\" data-e-type=\"section\">\n\t\t\t\t\t\t<div class=\"elementor-container elementor-column-gap-default\">\n\t\t\t\t\t<div class=\"elementor-column elementor-col-100 elementor-top-column elementor-element elementor-element-516e33fa\" data-id=\"516e33fa\" data-element_type=\"column\" data-e-type=\"column\">\n\t\t\t<div class=\"elementor-widget-wrap elementor-element-populated\">\n\t\t\t\t\t\t<div class=\"elementor-element elementor-element-4ac7d05c elementor-widget elementor-widget-spacer\" data-id=\"4ac7d05c\" data-element_type=\"widget\" data-e-type=\"widget\" data-widget_type=\"spacer.default\">\n\t\t\t\t<div class=\"elementor-widget-container\">\n\t\t\t\t\t\t\t<div class=\"elementor-spacer\">\n\t\t\t<div class=\"elementor-spacer-inner\"><\/div>\n\t\t<\/div>\n\t\t\t\t\t\t<\/div>\n\t\t\t\t<\/div>\n\t\t\t\t\t<\/div>\n\t\t<\/div>\n\t\t\t\t\t<\/div>\n\t\t<\/section>\n\t\t<div class=\"elementor-element elementor-element-cd32663 e-flex e-con-boxed e-con e-parent\" data-id=\"cd32663\" data-element_type=\"container\" data-e-type=\"container\">\n\t\t\t\t\t<div class=\"e-con-inner\">\n\t\t\t\t<div class=\"elementor-element elementor-element-12ad67f8 elementor-widget elementor-widget-heading\" data-id=\"12ad67f8\" data-element_type=\"widget\" data-e-type=\"widget\" data-widget_type=\"heading.default\">\n\t\t\t\t<div class=\"elementor-widget-container\">\n\t\t\t\t\t<h2 class=\"elementor-heading-title elementor-size-default\"><a href=\"https:\/\/www.o2feel.com\/actualites\/\">&lt; Zur\u00fcck zu <u>Unsere Neuigkeiten<\/u><\/a><\/h2>\t\t\t\t<\/div>\n\t\t\t\t<\/div>\n\t\t\t\t\t<\/div>\n\t\t\t\t<\/div>\n\t\t\t\t<\/div>\n\t\t","protected":false},"excerpt":{"rendered":"<p>&lt; Zur\u00fcck zu Unsere Neuigkeiten O2feel x Tous en Selle: eine Partnerschaft aus Leidenschaft f\u00fcrs Fahrrad, vom Kinepolis bis zum Grand Rex &hellip;<\/p>\n","protected":false},"author":21,"featured_media":0,"parent":102719,"menu_order":0,"comment_status":"closed","ping_status":"closed","template":"","meta":{"footnotes":""},"class_list":["post-116947","page","type-page","status-publish","hentry"],"_links":{"self":[{"href":"https:\/\/www.o2feel.com\/de\/wp-json\/wp\/v2\/pages\/116947","targetHints":{"allow":["GET"]}}],"collection":[{"href":"https:\/\/www.o2feel.com\/de\/wp-json\/wp\/v2\/pages"}],"about":[{"href":"https:\/\/www.o2feel.com\/de\/wp-json\/wp\/v2\/types\/page"}],"author":[{"embeddable":true,"href":"https:\/\/www.o2feel.com\/de\/wp-json\/wp\/v2\/users\/21"}],"replies":[{"embeddable":true,"href":"https:\/\/www.o2feel.com\/de\/wp-json\/wp\/v2\/comments?post=116947"}],"version-history":[{"count":0,"href":"https:\/\/www.o2feel.com\/de\/wp-json\/wp\/v2\/pages\/116947\/revisions"}],"up":[{"embeddable":true,"href":"https:\/\/www.o2feel.com\/de\/wp-json\/wp\/v2\/pages\/102719"}],"wp:attachment":[{"href":"https:\/\/www.o2feel.com\/de\/wp-json\/wp\/v2\/media?parent=116947"}],"curies":[{"name":"wp","href":"https:\/\/api.w.org\/{rel}","templated":true}]}}