{"id":101061,"date":"2025-02-11T10:00:00","date_gmt":"2025-02-11T09:00:00","guid":{"rendered":"https:\/\/www.o2feel.com\/?page_id=101061"},"modified":"2025-03-13T12:44:10","modified_gmt":"2025-03-13T11:44:10","slug":"app","status":"publish","type":"page","link":"https:\/\/www.o2feel.com\/de\/app\/","title":{"rendered":"App"},"content":{"rendered":"\t\t<div data-elementor-type=\"wp-page\" data-elementor-id=\"101061\" class=\"elementor elementor-101061 elementor-100992\" data-elementor-post-type=\"page\">\n\t\t\t\t<div class=\"elementor-element elementor-element-f384a47 e-con-full elementor-hidden-mobile e-flex e-con e-parent\" data-id=\"f384a47\" data-element_type=\"container\" data-e-type=\"container\" data-settings=\"{&quot;background_background&quot;:&quot;classic&quot;}\">\n\t\t<div class=\"elementor-element elementor-element-7f58a1f e-con-full e-flex e-con e-child\" data-id=\"7f58a1f\" data-element_type=\"container\" data-e-type=\"container\">\n\t\t\t\t<div class=\"elementor-element elementor-element-56a385b elementor-widget elementor-widget-heading\" data-id=\"56a385b\" data-element_type=\"widget\" data-e-type=\"widget\" data-widget_type=\"heading.default\">\n\t\t\t\t<div class=\"elementor-widget-container\">\n\t\t\t\t\t<h2 class=\"elementor-heading-title elementor-size-default\">Das O2feel-Universum auf Ihrem Smartphone<\/h2>\t\t\t\t<\/div>\n\t\t\t\t<\/div>\n\t\t\t\t<div class=\"elementor-element elementor-element-d246d1f elementor-widget elementor-widget-text-editor\" data-id=\"d246d1f\" data-element_type=\"widget\" data-e-type=\"widget\" data-widget_type=\"text-editor.default\">\n\t\t\t\t<div class=\"elementor-widget-container\">\n\t\t\t\t\t\t\t\t\t<p>O2feel Applikation<\/p>\n\t\t\t\t\t\t\t\t<\/div>\n\t\t\t\t<\/div>\n\t\t\t\t<div class=\"elementor-element elementor-element-a240ea4 elementor-widget elementor-widget-text-editor\" data-id=\"a240ea4\" data-element_type=\"widget\" data-e-type=\"widget\" data-widget_type=\"text-editor.default\">\n\t\t\t\t<div class=\"elementor-widget-container\">\n\t\t\t\t\t\t\t\t\t<p>Erster Schritt zur Konnektivit\u00e4t unserer E-Bikes: Die O2feel App bietet Ihnen ein personalisiertes Erlebnis, das auf jeden Nutzer abgestimmt ist. Erhalten Sie Zugang zu kurzen Videos zur Inbetriebnahme Ihres Fahrrads, Wartungstipps und Erinnerungen sowie eine M\u00f6glichkeit, Ihr Fahrrad mit unserem Digitalen Pass zu sch\u00fctzen. <\/p>\n\t\t\t\t\t\t\t\t<\/div>\n\t\t\t\t<\/div>\n\t\t<div class=\"elementor-element elementor-element-a3b927a e-grid e-con-boxed e-con e-child\" data-id=\"a3b927a\" data-element_type=\"container\" data-e-type=\"container\">\n\t\t\t\t\t<div class=\"e-con-inner\">\n\t\t\t\t<div class=\"elementor-element elementor-element-1c393e3 elementor-widget elementor-widget-image\" data-id=\"1c393e3\" data-element_type=\"widget\" data-e-type=\"widget\" data-widget_type=\"image.default\">\n\t\t\t\t<div class=\"elementor-widget-container\">\n\t\t\t\t\t\t\t\t\t\t\t\t\t\t\t\t<a href=\"https:\/\/play.google.com\/store\/apps\/details?id=com.o2feel.app&#038;pcampaignid=web_share\" target=\"_blank\" rel=\"noopener\">\n\t\t\t\t\t\t\t<img decoding=\"async\" width=\"250\" height=\"100\" src=\"https:\/\/www.o2feel.com\/wp-content\/uploads\/2025\/02\/App-GooglePlay.png\" class=\"attachment-large size-large wp-image-101009\" alt=\"\" srcset=\"https:\/\/www.o2feel.com\/wp-content\/uploads\/2025\/02\/App-GooglePlay.png 250w, https:\/\/www.o2feel.com\/wp-content\/uploads\/2025\/02\/App-GooglePlay-220x88.png 220w\" sizes=\"(max-width: 250px) 100vw, 250px\" \/>\t\t\t\t\t\t\t\t<\/a>\n\t\t\t\t\t\t\t\t\t\t\t\t\t\t\t<\/div>\n\t\t\t\t<\/div>\n\t\t\t\t<div class=\"elementor-element elementor-element-9239205 elementor-widget elementor-widget-image\" data-id=\"9239205\" data-element_type=\"widget\" data-e-type=\"widget\" data-widget_type=\"image.default\">\n\t\t\t\t<div class=\"elementor-widget-container\">\n\t\t\t\t\t\t\t\t\t\t\t\t\t\t\t\t<a href=\"https:\/\/apps.apple.com\/fr\/app\/o2feel\/id6739000156\" target=\"_blank\" rel=\"noopener\">\n\t\t\t\t\t\t\t<img decoding=\"async\" width=\"250\" height=\"100\" src=\"https:\/\/www.o2feel.com\/wp-content\/uploads\/2025\/02\/App-AppStore.png\" class=\"attachment-large size-large wp-image-101002\" alt=\"\" srcset=\"https:\/\/www.o2feel.com\/wp-content\/uploads\/2025\/02\/App-AppStore.png 250w, https:\/\/www.o2feel.com\/wp-content\/uploads\/2025\/02\/App-AppStore-220x88.png 220w\" sizes=\"(max-width: 250px) 100vw, 250px\" \/>\t\t\t\t\t\t\t\t<\/a>\n\t\t\t\t\t\t\t\t\t\t\t\t\t\t\t<\/div>\n\t\t\t\t<\/div>\n\t\t\t\t\t<\/div>\n\t\t\t\t<\/div>\n\t\t\t\t<\/div>\n\t\t<div class=\"elementor-element elementor-element-2129f95 e-con-full e-flex e-con e-child\" data-id=\"2129f95\" data-element_type=\"container\" data-e-type=\"container\">\n\t\t\t\t<\/div>\n\t\t\t\t<\/div>\n\t\t<div class=\"elementor-element elementor-element-54d0c57 e-con-full elementor-hidden-desktop elementor-hidden-tablet e-flex e-con e-parent\" data-id=\"54d0c57\" data-element_type=\"container\" data-e-type=\"container\" data-settings=\"{&quot;background_background&quot;:&quot;gradient&quot;}\">\n\t\t<div class=\"elementor-element elementor-element-55f1779 e-con-full e-flex e-con e-child\" data-id=\"55f1779\" data-element_type=\"container\" data-e-type=\"container\">\n\t\t\t\t<div class=\"elementor-element elementor-element-c31b338 elementor-widget elementor-widget-image\" data-id=\"c31b338\" data-element_type=\"widget\" data-e-type=\"widget\" data-widget_type=\"image.default\">\n\t\t\t\t<div class=\"elementor-widget-container\">\n\t\t\t\t\t\t\t\t\t\t\t\t\t\t\t<img decoding=\"async\" src=\"https:\/\/www.o2feel.com\/wp-content\/uploads\/elementor\/thumbs\/visu-app-r140hr51w34hmbzul1kufugujwbtuq71tmsif608u0.png\" title=\"visu-app\" alt=\"visu-app\" loading=\"lazy\" \/>\t\t\t\t\t\t\t\t\t\t\t\t\t\t\t<\/div>\n\t\t\t\t<\/div>\n\t\t\t\t<\/div>\n\t\t<div class=\"elementor-element elementor-element-bce5985 e-con-full e-flex e-con e-child\" data-id=\"bce5985\" data-element_type=\"container\" data-e-type=\"container\">\n\t\t\t\t<div class=\"elementor-element elementor-element-8a1971e elementor-widget elementor-widget-heading\" data-id=\"8a1971e\" data-element_type=\"widget\" data-e-type=\"widget\" data-widget_type=\"heading.default\">\n\t\t\t\t<div class=\"elementor-widget-container\">\n\t\t\t\t\t<h2 class=\"elementor-heading-title elementor-size-default\">Das O2feel-Universum auf Ihrem Smartphone<\/h2>\t\t\t\t<\/div>\n\t\t\t\t<\/div>\n\t\t\t\t<div class=\"elementor-element elementor-element-4e76d6f elementor-widget elementor-widget-text-editor\" data-id=\"4e76d6f\" data-element_type=\"widget\" data-e-type=\"widget\" data-widget_type=\"text-editor.default\">\n\t\t\t\t<div class=\"elementor-widget-container\">\n\t\t\t\t\t\t\t\t\t<p>O2feel Applikation<\/p>\n\t\t\t\t\t\t\t\t<\/div>\n\t\t\t\t<\/div>\n\t\t\t\t<div class=\"elementor-element elementor-element-1c4f51b elementor-widget elementor-widget-text-editor\" data-id=\"1c4f51b\" data-element_type=\"widget\" data-e-type=\"widget\" data-widget_type=\"text-editor.default\">\n\t\t\t\t<div class=\"elementor-widget-container\">\n\t\t\t\t\t\t\t\t\t<p>Erster Schritt zur Konnektivit\u00e4t unserer E-Bikes: Die O2feel App bietet Ihnen ein personalisiertes Erlebnis, das auf jeden Nutzer abgestimmt ist. Erhalten Sie Zugang zu kurzen Videos zur Inbetriebnahme Ihres Fahrrads, Wartungstipps und Erinnerungen sowie eine M\u00f6glichkeit, Ihr Fahrrad mit unserem Digitalen Pass zu sch\u00fctzen. <\/p>\n\t\t\t\t\t\t\t\t<\/div>\n\t\t\t\t<\/div>\n\t\t<div class=\"elementor-element elementor-element-7829625 e-grid e-con-full e-con e-child\" data-id=\"7829625\" data-element_type=\"container\" data-e-type=\"container\">\n\t\t\t\t<div class=\"elementor-element elementor-element-c8fa475 elementor-widget elementor-widget-image\" data-id=\"c8fa475\" data-element_type=\"widget\" data-e-type=\"widget\" data-widget_type=\"image.default\">\n\t\t\t\t<div class=\"elementor-widget-container\">\n\t\t\t\t\t\t\t\t\t\t\t\t\t\t\t\t<a href=\"https:\/\/play.google.com\/store\/apps\/details?id=com.o2feel.app&#038;pcampaignid=web_share\" target=\"_blank\" rel=\"noopener\">\n\t\t\t\t\t\t\t<img decoding=\"async\" width=\"250\" height=\"100\" src=\"https:\/\/www.o2feel.com\/wp-content\/uploads\/2025\/02\/App-GooglePlay.png\" class=\"attachment-full size-full wp-image-101009\" alt=\"\" srcset=\"https:\/\/www.o2feel.com\/wp-content\/uploads\/2025\/02\/App-GooglePlay.png 250w, https:\/\/www.o2feel.com\/wp-content\/uploads\/2025\/02\/App-GooglePlay-220x88.png 220w\" sizes=\"(max-width: 250px) 100vw, 250px\" \/>\t\t\t\t\t\t\t\t<\/a>\n\t\t\t\t\t\t\t\t\t\t\t\t\t\t\t<\/div>\n\t\t\t\t<\/div>\n\t\t\t\t<div class=\"elementor-element elementor-element-f258ea8 elementor-widget elementor-widget-image\" data-id=\"f258ea8\" data-element_type=\"widget\" data-e-type=\"widget\" data-widget_type=\"image.default\">\n\t\t\t\t<div class=\"elementor-widget-container\">\n\t\t\t\t\t\t\t\t\t\t\t\t\t\t\t\t<a href=\"https:\/\/apps.apple.com\/fr\/app\/o2feel\/id6739000156\" target=\"_blank\" rel=\"noopener\">\n\t\t\t\t\t\t\t<img loading=\"lazy\" decoding=\"async\" width=\"250\" height=\"100\" src=\"https:\/\/www.o2feel.com\/wp-content\/uploads\/2025\/02\/App-AppStore.png\" class=\"attachment-full size-full wp-image-101002\" alt=\"\" srcset=\"https:\/\/www.o2feel.com\/wp-content\/uploads\/2025\/02\/App-AppStore.png 250w, https:\/\/www.o2feel.com\/wp-content\/uploads\/2025\/02\/App-AppStore-220x88.png 220w\" sizes=\"(max-width: 250px) 100vw, 250px\" \/>\t\t\t\t\t\t\t\t<\/a>\n\t\t\t\t\t\t\t\t\t\t\t\t\t\t\t<\/div>\n\t\t\t\t<\/div>\n\t\t\t\t<\/div>\n\t\t\t\t<\/div>\n\t\t\t\t<\/div>\n\t\t<div class=\"elementor-element elementor-element-e95c242 e-flex e-con-boxed e-con e-parent\" data-id=\"e95c242\" data-element_type=\"container\" data-e-type=\"container\">\n\t\t\t\t\t<div class=\"e-con-inner\">\n\t\t\t\t<div class=\"elementor-element elementor-element-8b07743 elementor-widget elementor-widget-spacer\" data-id=\"8b07743\" data-element_type=\"widget\" data-e-type=\"widget\" data-widget_type=\"spacer.default\">\n\t\t\t\t<div class=\"elementor-widget-container\">\n\t\t\t\t\t\t\t<div class=\"elementor-spacer\">\n\t\t\t<div class=\"elementor-spacer-inner\"><\/div>\n\t\t<\/div>\n\t\t\t\t\t\t<\/div>\n\t\t\t\t<\/div>\n\t\t\t\t\t<\/div>\n\t\t\t\t<\/div>\n\t\t\t\t<section class=\"elementor-section elementor-top-section elementor-element elementor-element-6a68fa1 elementor-section-full_width elementor-section-height-default elementor-section-height-default\" data-id=\"6a68fa1\" data-element_type=\"section\" data-e-type=\"section\">\n\t\t\t\t\t\t<div class=\"elementor-container elementor-column-gap-default\">\n\t\t\t\t\t<div class=\"elementor-column elementor-col-50 elementor-top-column elementor-element elementor-element-2f2f661\" data-id=\"2f2f661\" data-element_type=\"column\" data-e-type=\"column\" data-settings=\"{&quot;background_background&quot;:&quot;classic&quot;}\">\n\t\t\t<div class=\"elementor-widget-wrap elementor-element-populated\">\n\t\t\t\t\t\t<div class=\"elementor-element elementor-element-3e24a1f elementor-widget elementor-widget-heading\" data-id=\"3e24a1f\" data-element_type=\"widget\" data-e-type=\"widget\" data-widget_type=\"heading.default\">\n\t\t\t\t<div class=\"elementor-widget-container\">\n\t\t\t\t\t<h2 class=\"elementor-heading-title elementor-size-default\">O2FEEL APP<\/h2>\t\t\t\t<\/div>\n\t\t\t\t<\/div>\n\t\t\t\t<div class=\"elementor-element elementor-element-ede1695 elementor-widget elementor-widget-heading\" data-id=\"ede1695\" data-element_type=\"widget\" data-e-type=\"widget\" data-widget_type=\"heading.default\">\n\t\t\t\t<div class=\"elementor-widget-container\">\n\t\t\t\t\t<h3 class=\"elementor-heading-title elementor-size-default\">Verwalten Sie Ihr vernetztes E-Bike ganz einfach<\/h3>\t\t\t\t<\/div>\n\t\t\t\t<\/div>\n\t\t\t\t\t<\/div>\n\t\t<\/div>\n\t\t\t\t<div class=\"elementor-column elementor-col-50 elementor-top-column elementor-element elementor-element-d9c77c1 elementor-hidden-mobile\" data-id=\"d9c77c1\" data-element_type=\"column\" data-e-type=\"column\">\n\t\t\t<div class=\"elementor-widget-wrap\">\n\t\t\t\t\t\t\t<\/div>\n\t\t<\/div>\n\t\t\t\t\t<\/div>\n\t\t<\/section>\n\t\t<div class=\"elementor-element elementor-element-8af619e e-flex e-con-boxed e-con e-parent\" data-id=\"8af619e\" data-element_type=\"container\" data-e-type=\"container\">\n\t\t\t\t\t<div class=\"e-con-inner\">\n\t\t\t\t<div class=\"elementor-element elementor-element-17dc179 elementor-widget elementor-widget-spacer\" data-id=\"17dc179\" data-element_type=\"widget\" data-e-type=\"widget\" data-widget_type=\"spacer.default\">\n\t\t\t\t<div class=\"elementor-widget-container\">\n\t\t\t\t\t\t\t<div class=\"elementor-spacer\">\n\t\t\t<div class=\"elementor-spacer-inner\"><\/div>\n\t\t<\/div>\n\t\t\t\t\t\t<\/div>\n\t\t\t\t<\/div>\n\t\t\t\t\t<\/div>\n\t\t\t\t<\/div>\n\t\t<div class=\"elementor-element elementor-element-ad02ea7 e-flex e-con-boxed e-con e-parent\" data-id=\"ad02ea7\" data-element_type=\"container\" data-e-type=\"container\">\n\t\t\t\t\t<div class=\"e-con-inner\">\n\t\t\t\t<div class=\"elementor-element elementor-element-76e5126 elementor-widget elementor-widget-heading\" data-id=\"76e5126\" data-element_type=\"widget\" data-e-type=\"widget\" data-widget_type=\"heading.default\">\n\t\t\t\t<div class=\"elementor-widget-container\">\n\t\t\t\t\t<h4 class=\"elementor-heading-title elementor-size-default\">Die mobile App f\u00fcr Besitzer von O2feel E-Bikes<\/h4>\t\t\t\t<\/div>\n\t\t\t\t<\/div>\n\t\t\t\t<div class=\"elementor-element elementor-element-1f561d6 elementor-widget elementor-widget-text-editor\" data-id=\"1f561d6\" data-element_type=\"widget\" data-e-type=\"widget\" data-widget_type=\"text-editor.default\">\n\t\t\t\t<div class=\"elementor-widget-container\">\n\t\t\t\t\t\t\t\t\t<p>O2feel, die franz\u00f6sische Marke f\u00fcr E-Bikes, revolutioniert das Nutzererlebnis mit der Einf\u00fchrung ihrer mobilen App. Diese intuitive und sichere Anwendung wurde entwickelt, um die Verwaltung von O2feel E-Bikes zu optimieren, indem sie alle wichtigen Informationen zentralisiert und die Wartung Ihres Fahrrads erleichtert. <\/p>\n\t\t\t\t\t\t\t\t<\/div>\n\t\t\t\t<\/div>\n\t\t\t\t\t<\/div>\n\t\t\t\t<\/div>\n\t\t<div class=\"elementor-element elementor-element-cb29a4e e-flex e-con-boxed e-con e-parent\" data-id=\"cb29a4e\" data-element_type=\"container\" data-e-type=\"container\">\n\t\t\t\t\t<div class=\"e-con-inner\">\n\t\t\t\t<div class=\"elementor-element elementor-element-8dabfa8 elementor-widget elementor-widget-spacer\" data-id=\"8dabfa8\" data-element_type=\"widget\" data-e-type=\"widget\" data-widget_type=\"spacer.default\">\n\t\t\t\t<div class=\"elementor-widget-container\">\n\t\t\t\t\t\t\t<div class=\"elementor-spacer\">\n\t\t\t<div class=\"elementor-spacer-inner\"><\/div>\n\t\t<\/div>\n\t\t\t\t\t\t<\/div>\n\t\t\t\t<\/div>\n\t\t\t\t\t<\/div>\n\t\t\t\t<\/div>\n\t\t<div class=\"elementor-element elementor-element-b05fb43 e-flex e-con-boxed e-con e-parent\" data-id=\"b05fb43\" data-element_type=\"container\" data-e-type=\"container\">\n\t\t\t\t\t<div class=\"e-con-inner\">\n\t\t\t\t<div class=\"elementor-element elementor-element-d228bb5 elementor-widget elementor-widget-heading\" data-id=\"d228bb5\" data-element_type=\"widget\" data-e-type=\"widget\" data-widget_type=\"heading.default\">\n\t\t\t\t<div class=\"elementor-widget-container\">\n\t\t\t\t\t<h4 class=\"elementor-heading-title elementor-size-default\">Eine All-in-One-App f\u00fcr vernetzte Mobilit\u00e4t\n<\/h4>\t\t\t\t<\/div>\n\t\t\t\t<\/div>\n\t\t\t\t<div class=\"elementor-element elementor-element-76db761 elementor-widget elementor-widget-text-editor\" data-id=\"76db761\" data-element_type=\"widget\" data-e-type=\"widget\" data-widget_type=\"text-editor.default\">\n\t\t\t\t<div class=\"elementor-widget-container\">\n\t\t\t\t\t\t\t\t\t<p>Mit der O2feel-App profitieren Sie von exklusiven Services, die Ihren Alltag erleichtern und Ihr Fahrerlebnis verbessern:<\/p>\n\t\t\t\t\t\t\t\t<\/div>\n\t\t\t\t<\/div>\n\t\t\t\t<div class=\"elementor-element elementor-element-1cfaf0f elementor-widget elementor-widget-text-editor\" data-id=\"1cfaf0f\" data-element_type=\"widget\" data-e-type=\"widget\" data-widget_type=\"text-editor.default\">\n\t\t\t\t<div class=\"elementor-widget-container\">\n\t\t\t\t\t\t\t\t\t<ul>\n<li><strong>Verl\u00e4ngerte Akku-Garantie:<\/strong> Aktivieren Sie Ihre Garantieverl\u00e4ngerung auf bis zu<strong> 4 Jahre oder 40.000 km<\/strong> f\u00fcr sorgenfreie Fahrten.<\/li>\n<li><strong>F\u00e4lschungssicherer digitaler Pass: <\/strong>Sichern Sie den Eigentumsnachweis Ihres Fahrrads und greifen Sie auf eine detaillierte Liste der Ersatzteile mit Seriennummern zu.<\/li>\n<li><strong>Online-Wartungsheft: <\/strong>Behalten Sie einen genauen \u00dcberblick \u00fcber alle durchgef\u00fchrten Wartungen und Reparaturen an Ihrem Fahrrad.<\/li>\n<li><strong>Individuelle Wartungstipps: <\/strong>Erhalten Sie personalisierte Pflegehinweise zur Optimierung der Leistung und Lebensdauer Ihres E-Bikes.<\/li>\n<li><strong>Interaktive Tutorials: <\/strong>Nutzen Sie detaillierte Anleitungen f\u00fcr eine optimale Nutzung Ihres Fahrrads.<\/li>\n<li><strong>Kompatibles Zubeh\u00f6r:<\/strong> Finden Sie schnell das passende Zubeh\u00f6r f\u00fcr Ihr O2feel-Modell.<\/li>\n<li><strong>Sichere Dokumentenspeicherung:<\/strong> Speichern Sie Ihre Rechnungen und Kaufbelege einfach und sicher.<\/li>\n<li><strong>Karte der Partnergesch\u00e4fte: <\/strong>Lokalisieren Sie schnell autorisierte H\u00e4ndler und Werkst\u00e4tten f\u00fcr Wartung und Reparatur.<\/li>\n<li><strong>Spezialversicherung:<\/strong> Profitieren Sie von optimalem Schutz dank unserer Partnerschaft mit <strong>Laka<\/strong>.<\/li>\n<li><strong>H\u00e4ufig gestellte Fragen (FAQ): <\/strong>Finden Sie Antworten auf Ihre Fragen zur Nutzung und Wartung Ihres O2feel-Fahrrads.<\/li>\n<li><strong>FNUCI-Rechtsinformationen: <\/strong>Greifen Sie auf die gesetzlichen und verpflichtenden Informationen zu Ihrem E-Bike zu.<\/li>\n<\/ul>\n\t\t\t\t\t\t\t\t<\/div>\n\t\t\t\t<\/div>\n\t\t\t\t\t<\/div>\n\t\t\t\t<\/div>\n\t\t<div class=\"elementor-element elementor-element-410e4ee e-flex e-con-boxed e-con e-parent\" data-id=\"410e4ee\" data-element_type=\"container\" data-e-type=\"container\">\n\t\t\t\t\t<div class=\"e-con-inner\">\n\t\t\t\t<div class=\"elementor-element elementor-element-d9a17d6 elementor-widget elementor-widget-spacer\" data-id=\"d9a17d6\" data-element_type=\"widget\" data-e-type=\"widget\" data-widget_type=\"spacer.default\">\n\t\t\t\t<div class=\"elementor-widget-container\">\n\t\t\t\t\t\t\t<div class=\"elementor-spacer\">\n\t\t\t<div class=\"elementor-spacer-inner\"><\/div>\n\t\t<\/div>\n\t\t\t\t\t\t<\/div>\n\t\t\t\t<\/div>\n\t\t\t\t\t<\/div>\n\t\t\t\t<\/div>\n\t\t<div class=\"elementor-element elementor-element-c8be165 e-flex e-con-boxed e-con e-parent\" data-id=\"c8be165\" data-element_type=\"container\" data-e-type=\"container\">\n\t\t\t\t\t<div class=\"e-con-inner\">\n\t\t\t\t<div class=\"elementor-element elementor-element-17f8147 elementor-widget elementor-widget-heading\" data-id=\"17f8147\" data-element_type=\"widget\" data-e-type=\"widget\" data-widget_type=\"heading.default\">\n\t\t\t\t<div class=\"elementor-widget-container\">\n\t\t\t\t\t<h4 class=\"elementor-heading-title elementor-size-default\">Ein verst\u00e4rktes Sicherheitsversprechen\n<\/h4>\t\t\t\t<\/div>\n\t\t\t\t<\/div>\n\t\t\t\t<div class=\"elementor-element elementor-element-f703405 elementor-widget elementor-widget-text-editor\" data-id=\"f703405\" data-element_type=\"widget\" data-e-type=\"widget\" data-widget_type=\"text-editor.default\">\n\t\t\t\t<div class=\"elementor-widget-container\">\n\t\t\t\t\t\t\t\t\t<p>O2feel setzt seine Innovationen fort und plant die Einf\u00fchrung einer <strong>Tracking-Funktion<\/strong> in einem zuk\u00fcnftigen Update. Diese Neuerung erm\u00f6glicht es Besitzern kompatibler Fahrr\u00e4der, ihr Bike in Echtzeit zu verfolgen und den Diebstahlschutz zu verbessern.<\/p>\n\t\t\t\t\t\t\t\t<\/div>\n\t\t\t\t<\/div>\n\t\t\t\t\t<\/div>\n\t\t\t\t<\/div>\n\t\t<div class=\"elementor-element elementor-element-a236bf0 e-flex e-con-boxed e-con e-parent\" data-id=\"a236bf0\" data-element_type=\"container\" data-e-type=\"container\">\n\t\t\t\t\t<div class=\"e-con-inner\">\n\t\t\t\t<div class=\"elementor-element elementor-element-bd96cfd elementor-widget elementor-widget-spacer\" data-id=\"bd96cfd\" data-element_type=\"widget\" data-e-type=\"widget\" data-widget_type=\"spacer.default\">\n\t\t\t\t<div class=\"elementor-widget-container\">\n\t\t\t\t\t\t\t<div class=\"elementor-spacer\">\n\t\t\t<div class=\"elementor-spacer-inner\"><\/div>\n\t\t<\/div>\n\t\t\t\t\t\t<\/div>\n\t\t\t\t<\/div>\n\t\t\t\t\t<\/div>\n\t\t\t\t<\/div>\n\t\t<div class=\"elementor-element elementor-element-0040690 e-flex e-con-boxed e-con e-parent\" data-id=\"0040690\" data-element_type=\"container\" data-e-type=\"container\">\n\t\t\t\t\t<div class=\"e-con-inner\">\n\t\t\t\t<div class=\"elementor-element elementor-element-802932b elementor-widget elementor-widget-heading\" data-id=\"802932b\" data-element_type=\"widget\" data-e-type=\"widget\" data-widget_type=\"heading.default\">\n\t\t\t\t<div class=\"elementor-widget-container\">\n\t\t\t\t\t<h4 class=\"elementor-heading-title elementor-size-default\">Warum die O2feel-App herunterladen?\n<\/h4>\t\t\t\t<\/div>\n\t\t\t\t<\/div>\n\t\t\t\t<div class=\"elementor-element elementor-element-f0023f3 elementor-icon-list--layout-traditional elementor-list-item-link-full_width elementor-widget elementor-widget-icon-list\" data-id=\"f0023f3\" data-element_type=\"widget\" data-e-type=\"widget\" data-widget_type=\"icon-list.default\">\n\t\t\t\t<div class=\"elementor-widget-container\">\n\t\t\t\t\t\t\t<ul class=\"elementor-icon-list-items\">\n\t\t\t\t\t\t\t<li class=\"elementor-icon-list-item\">\n\t\t\t\t\t\t\t\t\t\t\t<span class=\"elementor-icon-list-icon\">\n\t\t\t\t\t\t\t<i aria-hidden=\"true\" class=\"fas fa-check\"><\/i>\t\t\t\t\t\t<\/span>\n\t\t\t\t\t\t\t\t\t\t<span class=\"elementor-icon-list-text\"><b>Einfache Nutzung:<\/b> Eine intuitive und benutzerfreundliche Oberfl\u00e4che f\u00fcr eine m\u00fchelose Fahrradverwaltung.<\/span>\n\t\t\t\t\t\t\t\t\t<\/li>\n\t\t\t\t\t\t\t\t<li class=\"elementor-icon-list-item\">\n\t\t\t\t\t\t\t\t\t\t\t<span class=\"elementor-icon-list-icon\">\n\t\t\t\t\t\t\t<i aria-hidden=\"true\" class=\"fas fa-check\"><\/i>\t\t\t\t\t\t<\/span>\n\t\t\t\t\t\t\t\t\t\t<span class=\"elementor-icon-list-text\"><b>Maximale Sicherheit: <\/b>Greifen Sie sicher auf Ihren digitalen Pass und Ihre Dokumente zu.<\/span>\n\t\t\t\t\t\t\t\t\t<\/li>\n\t\t\t\t\t\t\t\t<li class=\"elementor-icon-list-item\">\n\t\t\t\t\t\t\t\t\t\t\t<span class=\"elementor-icon-list-icon\">\n\t\t\t\t\t\t\t<i aria-hidden=\"true\" class=\"fas fa-check\"><\/i>\t\t\t\t\t\t<\/span>\n\t\t\t\t\t\t\t\t\t\t<span class=\"elementor-icon-list-text\"><b>Optimierte Wartung:<\/b> Verpassen Sie keine Inspektion dank Ihres digitalen Wartungshefts.<\/span>\n\t\t\t\t\t\t\t\t\t<\/li>\n\t\t\t\t\t\t\t\t<li class=\"elementor-icon-list-item\">\n\t\t\t\t\t\t\t\t\t\t\t<span class=\"elementor-icon-list-icon\">\n\t\t\t\t\t\t\t<i aria-hidden=\"true\" class=\"fas fa-check\"><\/i>\t\t\t\t\t\t<\/span>\n\t\t\t\t\t\t\t\t\t\t<span class=\"elementor-icon-list-text\"><b>Vernetztes Erlebnis:<\/b> Alle wichtigen Informationen an einem Ort geb\u00fcndelt.<\/span>\n\t\t\t\t\t\t\t\t\t<\/li>\n\t\t\t\t\t\t<\/ul>\n\t\t\t\t\t\t<\/div>\n\t\t\t\t<\/div>\n\t\t\t\t\t<\/div>\n\t\t\t\t<\/div>\n\t\t<div class=\"elementor-element elementor-element-2065cfb e-flex e-con-boxed e-con e-parent\" data-id=\"2065cfb\" data-element_type=\"container\" data-e-type=\"container\">\n\t\t\t\t\t<div class=\"e-con-inner\">\n\t\t\t\t<div class=\"elementor-element elementor-element-dcf36f3 elementor-widget elementor-widget-spacer\" data-id=\"dcf36f3\" data-element_type=\"widget\" data-e-type=\"widget\" data-widget_type=\"spacer.default\">\n\t\t\t\t<div class=\"elementor-widget-container\">\n\t\t\t\t\t\t\t<div class=\"elementor-spacer\">\n\t\t\t<div class=\"elementor-spacer-inner\"><\/div>\n\t\t<\/div>\n\t\t\t\t\t\t<\/div>\n\t\t\t\t<\/div>\n\t\t\t\t\t<\/div>\n\t\t\t\t<\/div>\n\t\t<div class=\"elementor-element elementor-element-ed3bb0e e-flex e-con-boxed e-con e-parent\" data-id=\"ed3bb0e\" data-element_type=\"container\" data-e-type=\"container\">\n\t\t\t\t\t<div class=\"e-con-inner\">\n\t\t\t\t<div class=\"elementor-element elementor-element-3b7b674 elementor-widget elementor-widget-heading\" data-id=\"3b7b674\" data-element_type=\"widget\" data-e-type=\"widget\" data-widget_type=\"heading.default\">\n\t\t\t\t<div class=\"elementor-widget-container\">\n\t\t\t\t\t<h4 class=\"elementor-heading-title elementor-size-default\">Laden Sie die O2feel-App jetzt herunter!\n<\/h4>\t\t\t\t<\/div>\n\t\t\t\t<\/div>\n\t\t\t\t<div class=\"elementor-element elementor-element-977748d elementor-widget elementor-widget-text-editor\" data-id=\"977748d\" data-element_type=\"widget\" data-e-type=\"widget\" data-widget_type=\"text-editor.default\">\n\t\t\t\t<div class=\"elementor-widget-container\">\n\t\t\t\t\t\t\t\t\t<p>Die O2feel-App ist kostenlos im <a href=\"https:\/\/apps.apple.com\/fr\/app\/o2feel\/id6739000156\" target=\"_blank\" rel=\"noopener\"><strong>App Store<\/strong><\/a> und auf <a href=\"https:\/\/play.google.com\/store\/apps\/details?id=com.o2feel.app&amp;pcampaignid=web_share\" target=\"_blank\" rel=\"noopener\"><strong>Google Play<\/strong><\/a> verf\u00fcgbar. Laden Sie sie noch heute herunter und genie\u00dfen Sie ein einzigartiges, vernetztes Erlebnis mit Ihrem O2feel E-Bike.<\/p>\n\t\t\t\t\t\t\t\t<\/div>\n\t\t\t\t<\/div>\n\t\t\t\t\t<\/div>\n\t\t\t\t<\/div>\n\t\t<div class=\"elementor-element elementor-element-cea37c7 e-flex e-con-boxed e-con e-parent\" data-id=\"cea37c7\" data-element_type=\"container\" data-e-type=\"container\">\n\t\t\t\t\t<div class=\"e-con-inner\">\n\t\t\t\t<div class=\"elementor-element elementor-element-128628e elementor-widget elementor-widget-spacer\" data-id=\"128628e\" data-element_type=\"widget\" data-e-type=\"widget\" data-widget_type=\"spacer.default\">\n\t\t\t\t<div class=\"elementor-widget-container\">\n\t\t\t\t\t\t\t<div class=\"elementor-spacer\">\n\t\t\t<div class=\"elementor-spacer-inner\"><\/div>\n\t\t<\/div>\n\t\t\t\t\t\t<\/div>\n\t\t\t\t<\/div>\n\t\t\t\t\t<\/div>\n\t\t\t\t<\/div>\n\t\t\t\t<\/div>\n\t\t","protected":false},"excerpt":{"rendered":"<p>Das O2feel-Universum auf Ihrem Smartphone O2feel Applikation Erster Schritt zur Konnektivit\u00e4t unserer E-Bikes: Die O2feel App bietet Ihnen ein personalisiertes Erlebnis, das &hellip;<\/p>\n","protected":false},"author":21,"featured_media":0,"parent":0,"menu_order":0,"comment_status":"closed","ping_status":"closed","template":"elementor_header_footer","meta":{"footnotes":""},"class_list":["post-101061","page","type-page","status-publish","hentry"],"_links":{"self":[{"href":"https:\/\/www.o2feel.com\/de\/wp-json\/wp\/v2\/pages\/101061","targetHints":{"allow":["GET"]}}],"collection":[{"href":"https:\/\/www.o2feel.com\/de\/wp-json\/wp\/v2\/pages"}],"about":[{"href":"https:\/\/www.o2feel.com\/de\/wp-json\/wp\/v2\/types\/page"}],"author":[{"embeddable":true,"href":"https:\/\/www.o2feel.com\/de\/wp-json\/wp\/v2\/users\/21"}],"replies":[{"embeddable":true,"href":"https:\/\/www.o2feel.com\/de\/wp-json\/wp\/v2\/comments?post=101061"}],"version-history":[{"count":0,"href":"https:\/\/www.o2feel.com\/de\/wp-json\/wp\/v2\/pages\/101061\/revisions"}],"wp:attachment":[{"href":"https:\/\/www.o2feel.com\/de\/wp-json\/wp\/v2\/media?parent=101061"}],"curies":[{"name":"wp","href":"https:\/\/api.w.org\/{rel}","templated":true}]}}