{"id":60945,"date":"2023-03-09T17:49:31","date_gmt":"2023-03-09T16:49:31","guid":{"rendered":"https:\/\/www.o2feel.com\/4-ans-de-garantie\/"},"modified":"2025-08-20T14:13:58","modified_gmt":"2025-08-20T12:13:58","slug":"4-ans-de-garantie","status":"publish","type":"page","link":"https:\/\/www.o2feel.com\/ch\/4-ans-de-garantie\/","title":{"rendered":"4 ans de garantie"},"content":{"rendered":"\t\t<div data-elementor-type=\"wp-page\" data-elementor-id=\"60945\" class=\"elementor elementor-60945 elementor-57888\" data-elementor-post-type=\"page\">\n\t\t\t\t\t\t<section class=\"elementor-section elementor-top-section elementor-element elementor-element-3b172e8a elementor-section-boxed elementor-section-height-default elementor-section-height-default\" data-id=\"3b172e8a\" data-element_type=\"section\" data-e-type=\"section\">\n\t\t\t\t\t\t<div class=\"elementor-container elementor-column-gap-default\">\n\t\t\t\t\t<div class=\"elementor-column elementor-col-100 elementor-top-column elementor-element elementor-element-15cb24a9\" data-id=\"15cb24a9\" data-element_type=\"column\" data-e-type=\"column\">\n\t\t\t<div class=\"elementor-widget-wrap elementor-element-populated\">\n\t\t\t\t\t\t<div class=\"elementor-element elementor-element-6bf78c65 elementor-widget elementor-widget-spacer\" data-id=\"6bf78c65\" data-element_type=\"widget\" data-e-type=\"widget\" data-widget_type=\"spacer.default\">\n\t\t\t\t<div class=\"elementor-widget-container\">\n\t\t\t\t\t\t\t<div class=\"elementor-spacer\">\n\t\t\t<div class=\"elementor-spacer-inner\"><\/div>\n\t\t<\/div>\n\t\t\t\t\t\t<\/div>\n\t\t\t\t<\/div>\n\t\t\t\t\t<\/div>\n\t\t<\/div>\n\t\t\t\t\t<\/div>\n\t\t<\/section>\n\t\t<div class=\"elementor-element elementor-element-339bf4c6 e-con-full e-flex e-con e-parent\" data-id=\"339bf4c6\" data-element_type=\"container\" data-e-type=\"container\">\n\t\t<div class=\"elementor-element elementor-element-a5b0eca e-con-full elementor-hidden-tablet elementor-hidden-mobile e-flex e-con e-child\" data-id=\"a5b0eca\" data-element_type=\"container\" data-e-type=\"container\" data-settings=\"{&quot;background_background&quot;:&quot;classic&quot;}\">\n\t\t\t\t<div class=\"elementor-element elementor-element-503dc957 elementor-align-center elementor-widget elementor-widget-button\" data-id=\"503dc957\" data-element_type=\"widget\" data-e-type=\"widget\" data-widget_type=\"button.default\">\n\t\t\t\t<div class=\"elementor-widget-container\">\n\t\t\t\t\t\t\t\t\t<div class=\"elementor-button-wrapper\">\n\t\t\t\t\t<a class=\"elementor-button elementor-button-link elementor-size-sm\" href=\"#a_enregistrement\">\n\t\t\t\t\t\t<span class=\"elementor-button-content-wrapper\">\n\t\t\t\t\t\t<span class=\"elementor-button-icon\">\n\t\t\t\t<i aria-hidden=\"true\" class=\"fas fa-caret-right\"><\/i>\t\t\t<\/span>\n\t\t\t\t\t\t\t\t\t<span class=\"elementor-button-text\">Activer ma garantie<\/span>\n\t\t\t\t\t<\/span>\n\t\t\t\t\t<\/a>\n\t\t\t\t<\/div>\n\t\t\t\t\t\t\t\t<\/div>\n\t\t\t\t<\/div>\n\t\t\t\t<\/div>\n\t\t<div class=\"elementor-element elementor-element-3976dfa4 e-con-full e-flex e-con e-child\" data-id=\"3976dfa4\" data-element_type=\"container\" data-e-type=\"container\">\n\t\t\t\t<div class=\"elementor-element elementor-element-e160cb1 elementor-widget elementor-widget-heading\" data-id=\"e160cb1\" data-element_type=\"widget\" data-e-type=\"widget\" data-widget_type=\"heading.default\">\n\t\t\t\t<div class=\"elementor-widget-container\">\n\t\t\t\t\t<h1 class=\"elementor-heading-title elementor-size-default\">GARANTIE BATTERIE O2FEEL<\/h1>\t\t\t\t<\/div>\n\t\t\t\t<\/div>\n\t\t\t\t<div class=\"elementor-element elementor-element-3af5f73a elementor-widget__width-initial elementor-widget elementor-widget-text-editor\" data-id=\"3af5f73a\" data-element_type=\"widget\" data-e-type=\"widget\" data-widget_type=\"text-editor.default\">\n\t\t\t\t<div class=\"elementor-widget-container\">\n\t\t\t\t\t\t\t\t\t<p class=\"\" data-start=\"190\" data-end=\"445\">Chez O2feel, cela fait plus de 10 ans que nous d\u00e9veloppons nos propres batteries, au sein de notre bureau d&#8217;\u00e9tudes dans le nord de la France. Ce savoir-faire nous permet de proposer des batteries fiables, performantes et parfaitement adapt\u00e9es \u00e0 nos v\u00e9los. <\/p><p class=\"\" data-start=\"447\" data-end=\"587\">Nous utilisons des cellules de haute qualit\u00e9 pour garantir une grande autonomie, une longue dur\u00e9e de vie et une vraie tranquillit\u00e9 d\u2019esprit.<\/p><p class=\"\" data-start=\"589\" data-end=\"736\">Chaque batterie est soigneusement int\u00e9gr\u00e9e dans le cadre pour offrir un design \u00e9l\u00e9gant, une meilleure protection et un confort de conduite optimal.<\/p><p data-start=\"589\" data-end=\"736\">Enregistrez votre batterie d\u00e8s maintenant pour profiter de notre extension de garantie 4 ans ou 40.000 km.<\/p>\t\t\t\t\t\t\t\t<\/div>\n\t\t\t\t<\/div>\n\t\t\t\t<div class=\"elementor-element elementor-element-1a374cf1 elementor-align-center elementor-hidden-desktop elementor-widget elementor-widget-button\" data-id=\"1a374cf1\" data-element_type=\"widget\" data-e-type=\"widget\" data-widget_type=\"button.default\">\n\t\t\t\t<div class=\"elementor-widget-container\">\n\t\t\t\t\t\t\t\t\t<div class=\"elementor-button-wrapper\">\n\t\t\t\t\t<a class=\"elementor-button elementor-button-link elementor-size-sm\" href=\"#a_enregistrement\">\n\t\t\t\t\t\t<span class=\"elementor-button-content-wrapper\">\n\t\t\t\t\t\t<span class=\"elementor-button-icon\">\n\t\t\t\t<i aria-hidden=\"true\" class=\"fas fa-caret-right\"><\/i>\t\t\t<\/span>\n\t\t\t\t\t\t\t\t\t<span class=\"elementor-button-text\">Activer ma garantie<\/span>\n\t\t\t\t\t<\/span>\n\t\t\t\t\t<\/a>\n\t\t\t\t<\/div>\n\t\t\t\t\t\t\t\t<\/div>\n\t\t\t\t<\/div>\n\t\t\t\t<\/div>\n\t\t\t\t<\/div>\n\t\t\t\t<section class=\"elementor-section elementor-top-section elementor-element elementor-element-1f6fa286 elementor-section-boxed elementor-section-height-default elementor-section-height-default\" data-id=\"1f6fa286\" data-element_type=\"section\" data-e-type=\"section\">\n\t\t\t\t\t\t<div class=\"elementor-container elementor-column-gap-default\">\n\t\t\t\t\t<div class=\"elementor-column elementor-col-100 elementor-top-column elementor-element elementor-element-56351912\" data-id=\"56351912\" data-element_type=\"column\" data-e-type=\"column\">\n\t\t\t<div class=\"elementor-widget-wrap elementor-element-populated\">\n\t\t\t\t\t\t<div class=\"elementor-element elementor-element-17aff275 elementor-widget elementor-widget-spacer\" data-id=\"17aff275\" data-element_type=\"widget\" data-e-type=\"widget\" data-widget_type=\"spacer.default\">\n\t\t\t\t<div class=\"elementor-widget-container\">\n\t\t\t\t\t\t\t<div class=\"elementor-spacer\">\n\t\t\t<div class=\"elementor-spacer-inner\"><\/div>\n\t\t<\/div>\n\t\t\t\t\t\t<\/div>\n\t\t\t\t<\/div>\n\t\t\t\t\t<\/div>\n\t\t<\/div>\n\t\t\t\t\t<\/div>\n\t\t<\/section>\n\t\t<div class=\"elementor-element elementor-element-6345292e e-con-full e-flex e-con e-parent\" data-id=\"6345292e\" data-element_type=\"container\" data-e-type=\"container\">\n\t\t<div class=\"elementor-element elementor-element-444b07cd e-con-full e-flex e-con e-child\" data-id=\"444b07cd\" data-element_type=\"container\" data-e-type=\"container\">\n\t\t\t\t<div class=\"elementor-element elementor-element-4f9ad91f elementor-widget__width-initial elementor-widget elementor-widget-heading\" data-id=\"4f9ad91f\" data-element_type=\"widget\" data-e-type=\"widget\" data-widget_type=\"heading.default\">\n\t\t\t\t<div class=\"elementor-widget-container\">\n\t\t\t\t\t<h2 class=\"elementor-heading-title elementor-size-default\">L'une des meilleures garanties du march\u00e9<\/h2>\t\t\t\t<\/div>\n\t\t\t\t<\/div>\n\t\t\t\t<div class=\"elementor-element elementor-element-7f740087 elementor-widget__width-initial elementor-widget elementor-widget-text-editor\" data-id=\"7f740087\" data-element_type=\"widget\" data-e-type=\"widget\" data-widget_type=\"text-editor.default\">\n\t\t\t\t<div class=\"elementor-widget-container\">\n\t\t\t\t\t\t\t\t\t<p class=\"\" data-start=\"235\" data-end=\"449\">Quand on choisit un v\u00e9lo \u00e0 assistance \u00e9lectrique, on attend fiabilit\u00e9, s\u00e9r\u00e9nit\u00e9 et performance dans la dur\u00e9e. C\u2019est exactement ce que vous garantit O2feel avec sa <strong data-start=\"398\" data-end=\"448\">garantie batterie \u00e9tendue \u00e0 4 ans ou 40 000 km<\/strong>. <\/p><p class=\"\" data-start=\"451\" data-end=\"598\">Loin des standards du march\u00e9, nous faisons le choix de vous offrir bien plus que la moyenne, pour vous accompagner plus longtemps et en toute confiance.<\/p><ul><li data-start=\"451\" data-end=\"598\">Jusqu&#8217;\u00e0 4 ans ou 40 000 km d&#8217;utilisation prot\u00e9g\u00e9e<\/li><li data-start=\"451\" data-end=\"598\">Une prise en charge simple, rapide et personnalis\u00e9 via notre service client<\/li><li data-start=\"451\" data-end=\"598\">La garantie d&#8217;une batterie con\u00e7ue par O2feel et test\u00e9e selon les normes les plus exigeantes<\/li><\/ul>\t\t\t\t\t\t\t\t<\/div>\n\t\t\t\t<\/div>\n\t\t\t\t<\/div>\n\t\t<div class=\"elementor-element elementor-element-61928107 e-con-full e-flex e-con e-child\" data-id=\"61928107\" data-element_type=\"container\" data-e-type=\"container\">\n\t\t\t\t<div class=\"elementor-element elementor-element-51ddcb84 elementor-widget__width-initial elementor-widget elementor-widget-heading\" data-id=\"51ddcb84\" data-element_type=\"widget\" data-e-type=\"widget\" data-widget_type=\"heading.default\">\n\t\t\t\t<div class=\"elementor-widget-container\">\n\t\t\t\t\t<h2 class=\"elementor-heading-title elementor-size-default\">Pourquoi c'est important de prot\u00e9ger votre batterie<\/h2>\t\t\t\t<\/div>\n\t\t\t\t<\/div>\n\t\t\t\t<div class=\"elementor-element elementor-element-406881cf elementor-widget__width-initial elementor-widget elementor-widget-text-editor\" data-id=\"406881cf\" data-element_type=\"widget\" data-e-type=\"widget\" data-widget_type=\"text-editor.default\">\n\t\t\t\t<div class=\"elementor-widget-container\">\n\t\t\t\t\t\t\t\t\t<p>La batterie est le c\u0153ur de votre v\u00e9lo \u00e9lectrique. <br>C\u2019est elle qui vous accompagne chaque jour, dans tous vos trajets.<\/p><p>La prot\u00e9ger, c\u2019est pr\u00e9server :<\/p><ul><li>Une tranquillit\u00e9 d&#8217;esprit : pas de mauvaise surprise, vous \u00eates couvert<\/li><li>La valeur de votre v\u00e9lo : une batterie garantie, c&#8217;est un v\u00e9lo plus s\u00fbr et rassurant si vous vous en s\u00e9parez<\/li><li>Une libert\u00e9 de mouvement : vous continuez \u00e0 rouler, sans interruption (une batterie de remplacement peut vous \u00eatre propos\u00e9e)<\/li><\/ul>\t\t\t\t\t\t\t\t<\/div>\n\t\t\t\t<\/div>\n\t\t\t\t<\/div>\n\t\t\t\t<\/div>\n\t\t\t\t<section class=\"elementor-section elementor-top-section elementor-element elementor-element-66add8d9 elementor-section-boxed elementor-section-height-default elementor-section-height-default\" data-id=\"66add8d9\" data-element_type=\"section\" data-e-type=\"section\">\n\t\t\t\t\t\t<div class=\"elementor-container elementor-column-gap-default\">\n\t\t\t\t\t<div class=\"elementor-column elementor-col-100 elementor-top-column elementor-element elementor-element-7967455d\" data-id=\"7967455d\" data-element_type=\"column\" data-e-type=\"column\">\n\t\t\t<div class=\"elementor-widget-wrap elementor-element-populated\">\n\t\t\t\t\t\t<div class=\"elementor-element elementor-element-3f470145 elementor-widget__width-initial elementor-widget elementor-widget-text-editor\" data-id=\"3f470145\" data-element_type=\"widget\" data-e-type=\"widget\" data-widget_type=\"text-editor.default\">\n\t\t\t\t<div class=\"elementor-widget-container\">\n\t\t\t\t\t\t\t\t\t<p class=\"\" data-start=\"235\" data-end=\"449\"><strong>Pas de panique en cas de changement de propri\u00e9taire : la garantie est li\u00e9e \u00e0 la batterie et donc cessible !<\/strong><\/p>\t\t\t\t\t\t\t\t<\/div>\n\t\t\t\t<\/div>\n\t\t\t\t<div class=\"elementor-element elementor-element-2109cbd elementor-widget elementor-widget-menu-anchor\" data-id=\"2109cbd\" data-element_type=\"widget\" data-e-type=\"widget\" data-widget_type=\"menu-anchor.default\">\n\t\t\t\t<div class=\"elementor-widget-container\">\n\t\t\t\t\t\t\t<div class=\"elementor-menu-anchor\" id=\"a_enregistrement\"><\/div>\n\t\t\t\t\t\t<\/div>\n\t\t\t\t<\/div>\n\t\t\t\t<div class=\"elementor-element elementor-element-42ae4125 elementor-widget elementor-widget-spacer\" data-id=\"42ae4125\" data-element_type=\"widget\" data-e-type=\"widget\" data-widget_type=\"spacer.default\">\n\t\t\t\t<div class=\"elementor-widget-container\">\n\t\t\t\t\t\t\t<div class=\"elementor-spacer\">\n\t\t\t<div class=\"elementor-spacer-inner\"><\/div>\n\t\t<\/div>\n\t\t\t\t\t\t<\/div>\n\t\t\t\t<\/div>\n\t\t\t\t\t<\/div>\n\t\t<\/div>\n\t\t\t\t\t<\/div>\n\t\t<\/section>\n\t\t<div class=\"elementor-element elementor-element-0fad54a e-flex e-con-boxed e-con e-parent\" data-id=\"0fad54a\" data-element_type=\"container\" data-e-type=\"container\" data-settings=\"{&quot;background_background&quot;:&quot;classic&quot;}\">\n\t\t\t\t\t<div class=\"e-con-inner\">\n\t\t\t\t<div class=\"elementor-element elementor-element-94a49a1 elementor-widget__width-initial elementor-widget elementor-widget-heading\" data-id=\"94a49a1\" data-element_type=\"widget\" data-e-type=\"widget\" data-widget_type=\"heading.default\">\n\t\t\t\t<div class=\"elementor-widget-container\">\n\t\t\t\t\t<h2 class=\"elementor-heading-title elementor-size-default\">Comment b\u00e9n\u00e9ficier de l'extension de garantie ?<\/h2>\t\t\t\t<\/div>\n\t\t\t\t<\/div>\n\t\t\t\t<div class=\"elementor-element elementor-element-f98182c elementor-widget__width-initial elementor-widget elementor-widget-text-editor\" data-id=\"f98182c\" data-element_type=\"widget\" data-e-type=\"widget\" data-widget_type=\"text-editor.default\">\n\t\t\t\t<div class=\"elementor-widget-container\">\n\t\t\t\t\t\t\t\t\t<p class=\"\" data-start=\"235\" data-end=\"449\">L&#8217;activation s&#8217;effectue exclusivement sur l&#8217;application O2feel et doit \u00eatre r\u00e9alis\u00e9e dans un d\u00e9lai de 30 jours suivant l&#8217;achat.<\/p>\t\t\t\t\t\t\t\t<\/div>\n\t\t\t\t<\/div>\n\t\t\t\t<div class=\"elementor-element elementor-element-326be0b elementor-icon-list--layout-traditional elementor-list-item-link-full_width elementor-widget elementor-widget-icon-list\" data-id=\"326be0b\" data-element_type=\"widget\" data-e-type=\"widget\" data-widget_type=\"icon-list.default\">\n\t\t\t\t<div class=\"elementor-widget-container\">\n\t\t\t\t\t\t\t<ul class=\"elementor-icon-list-items\">\n\t\t\t\t\t\t\t<li class=\"elementor-icon-list-item\">\n\t\t\t\t\t\t\t\t\t\t\t<span class=\"elementor-icon-list-icon\">\n\t\t\t\t\t\t\t<i aria-hidden=\"true\" class=\"iconnumber icon-numbernumber-1\"><\/i>\t\t\t\t\t\t<\/span>\n\t\t\t\t\t\t\t\t\t\t<span class=\"elementor-icon-list-text\"><\/span>\n\t\t\t\t\t\t\t\t\t<\/li>\n\t\t\t\t\t\t\t\t<li class=\"elementor-icon-list-item\">\n\t\t\t\t\t\t\t\t\t\t\t<span class=\"elementor-icon-list-icon\">\n\t\t\t\t\t\t\t<i aria-hidden=\"true\" class=\"iconnumber icon-numbernumber-2\"><\/i>\t\t\t\t\t\t<\/span>\n\t\t\t\t\t\t\t\t\t\t<span class=\"elementor-icon-list-text\">Cr\u00e9ez votre compte et enregistrez votre batterie<\/span>\n\t\t\t\t\t\t\t\t\t<\/li>\n\t\t\t\t\t\t\t\t<li class=\"elementor-icon-list-item\">\n\t\t\t\t\t\t\t\t\t\t\t<span class=\"elementor-icon-list-icon\">\n\t\t\t\t\t\t\t<i aria-hidden=\"true\" class=\"iconnumber icon-numbernumber-3\"><\/i>\t\t\t\t\t\t<\/span>\n\t\t\t\t\t\t\t\t\t\t<span class=\"elementor-icon-list-text\">Consultez et profitez automatiquement de l'extension de garantie<\/span>\n\t\t\t\t\t\t\t\t\t<\/li>\n\t\t\t\t\t\t<\/ul>\n\t\t\t\t\t\t<\/div>\n\t\t\t\t<\/div>\n\t\t\t\t<div class=\"elementor-element elementor-element-cde3140 elementor-align-center elementor-widget elementor-widget-button\" data-id=\"cde3140\" data-element_type=\"widget\" data-e-type=\"widget\" id=\"btn-app-download\" data-widget_type=\"button.default\">\n\t\t\t\t<div class=\"elementor-widget-container\">\n\t\t\t\t\t\t\t\t\t<div class=\"elementor-button-wrapper\">\n\t\t\t\t\t<a class=\"elementor-button elementor-button-link elementor-size-sm\" href=\"\">\n\t\t\t\t\t\t<span class=\"elementor-button-content-wrapper\">\n\t\t\t\t\t\t<span class=\"elementor-button-icon\">\n\t\t\t\t<i aria-hidden=\"true\" class=\"fas fa-caret-right\"><\/i>\t\t\t<\/span>\n\t\t\t\t\t\t\t\t\t<span class=\"elementor-button-text\">T\u00e9l\u00e9chargez l'application O2feel gratuitement<\/span>\n\t\t\t\t\t<\/span>\n\t\t\t\t\t<\/a>\n\t\t\t\t<\/div>\n\t\t\t\t\t\t\t\t<\/div>\n\t\t\t\t<\/div>\n\t\t\t\t\t<\/div>\n\t\t\t\t<\/div>\n\t\t\t\t<section class=\"elementor-section elementor-top-section elementor-element elementor-element-176888b4 elementor-section-boxed elementor-section-height-default elementor-section-height-default\" data-id=\"176888b4\" data-element_type=\"section\" data-e-type=\"section\">\n\t\t\t\t\t\t<div class=\"elementor-container elementor-column-gap-default\">\n\t\t\t\t\t<div class=\"elementor-column elementor-col-100 elementor-top-column elementor-element elementor-element-5c59fef\" data-id=\"5c59fef\" data-element_type=\"column\" data-e-type=\"column\">\n\t\t\t<div class=\"elementor-widget-wrap elementor-element-populated\">\n\t\t\t\t\t\t<div class=\"elementor-element elementor-element-4c07726b elementor-widget elementor-widget-spacer\" data-id=\"4c07726b\" data-element_type=\"widget\" data-e-type=\"widget\" data-widget_type=\"spacer.default\">\n\t\t\t\t<div class=\"elementor-widget-container\">\n\t\t\t\t\t\t\t<div class=\"elementor-spacer\">\n\t\t\t<div class=\"elementor-spacer-inner\"><\/div>\n\t\t<\/div>\n\t\t\t\t\t\t<\/div>\n\t\t\t\t<\/div>\n\t\t\t\t\t<\/div>\n\t\t<\/div>\n\t\t\t\t\t<\/div>\n\t\t<\/section>\n\t\t<div class=\"elementor-element elementor-element-6d3c0e51 e-flex e-con-boxed e-con e-parent\" data-id=\"6d3c0e51\" data-element_type=\"container\" data-e-type=\"container\">\n\t\t\t\t\t<div class=\"e-con-inner\">\n\t\t\t\t<div class=\"elementor-element elementor-element-5945d196 elementor-widget__width-initial elementor-widget elementor-widget-text-editor\" data-id=\"5945d196\" data-element_type=\"widget\" data-e-type=\"widget\" data-widget_type=\"text-editor.default\">\n\t\t\t\t<div class=\"elementor-widget-container\">\n\t\t\t\t\t\t\t\t\t<p class=\"\" data-start=\"235\" data-end=\"449\">Pour obtenir plus d&#8217;informations, consultez nos <a href=\"https:\/\/www.o2feel.com\/ch\/conditions-de-garanties\/\"><span style=\"text-decoration: underline;\">conditions g\u00e9n\u00e9rales de garanties<\/span><\/a><\/p>\t\t\t\t\t\t\t\t<\/div>\n\t\t\t\t<\/div>\n\t\t\t\t\t<\/div>\n\t\t\t\t<\/div>\n\t\t\t\t<section class=\"elementor-section elementor-top-section elementor-element elementor-element-3cf62470 elementor-section-boxed elementor-section-height-default elementor-section-height-default\" data-id=\"3cf62470\" data-element_type=\"section\" data-e-type=\"section\">\n\t\t\t\t\t\t<div class=\"elementor-container elementor-column-gap-default\">\n\t\t\t\t\t<div class=\"elementor-column elementor-col-100 elementor-top-column elementor-element elementor-element-3c7ff19d\" data-id=\"3c7ff19d\" data-element_type=\"column\" data-e-type=\"column\">\n\t\t\t<div class=\"elementor-widget-wrap elementor-element-populated\">\n\t\t\t\t\t\t<div class=\"elementor-element elementor-element-422bf6d1 elementor-widget elementor-widget-spacer\" data-id=\"422bf6d1\" data-element_type=\"widget\" data-e-type=\"widget\" data-widget_type=\"spacer.default\">\n\t\t\t\t<div class=\"elementor-widget-container\">\n\t\t\t\t\t\t\t<div class=\"elementor-spacer\">\n\t\t\t<div class=\"elementor-spacer-inner\"><\/div>\n\t\t<\/div>\n\t\t\t\t\t\t<\/div>\n\t\t\t\t<\/div>\n\t\t\t\t\t<\/div>\n\t\t<\/div>\n\t\t\t\t\t<\/div>\n\t\t<\/section>\n\t\t<div class=\"elementor-element elementor-element-38db38e1 e-flex e-con-boxed e-con e-parent\" data-id=\"38db38e1\" data-element_type=\"container\" data-e-type=\"container\">\n\t\t\t\t\t<div class=\"e-con-inner\">\n\t\t\t\t<div class=\"elementor-element elementor-element-2528fadb elementor-widget elementor-widget-html\" data-id=\"2528fadb\" data-element_type=\"widget\" data-e-type=\"widget\" data-widget_type=\"html.default\">\n\t\t\t\t<div class=\"elementor-widget-container\">\n\t\t\t\t\t<script>\r\n  document.addEventListener(\"DOMContentLoaded\", function () {\r\n    const button = document.getElementById(\"btn-app-download\");\r\n\r\n    if (button) {\r\n      button.addEventListener(\"click\", function (e) {\r\n        e.preventDefault(); \/\/ emp\u00eache l'action par d\u00e9faut du bouton\r\n\r\n        const userAgent = navigator.userAgent || navigator.vendor || window.opera;\r\n\r\n        if (\/android\/i.test(userAgent)) {\r\n          window.location.href = \"https:\/\/play.google.com\/store\/apps\/details?id=com.o2feel.app\";\r\n        } else if (\/iPad|iPhone|iPod\/.test(userAgent) && !window.MSStream) {\r\n          window.location.href = \"https:\/\/apps.apple.com\/app\/6739000156\";\r\n        } else {\r\n          window.location.href = \"https:\/\/www.o2feel.com\/ch\/app\/\";\r\n        }\r\n      });\r\n    }\r\n  });\r\n<\/script>\t\t\t\t<\/div>\n\t\t\t\t<\/div>\n\t\t\t\t\t<\/div>\n\t\t\t\t<\/div>\n\t\t\t\t<\/div>\n\t\t","protected":false},"excerpt":{"rendered":"<p>Activer ma garantie GARANTIE BATTERIE O2FEEL Chez O2feel, cela fait plus de 10 ans que nous d\u00e9veloppons nos propres batteries, au sein &hellip;<\/p>\n","protected":false},"author":1,"featured_media":0,"parent":0,"menu_order":0,"comment_status":"closed","ping_status":"closed","template":"elementor_header_footer","meta":{"footnotes":""},"class_list":["post-60945","page","type-page","status-publish","hentry"],"_links":{"self":[{"href":"https:\/\/www.o2feel.com\/ch\/wp-json\/wp\/v2\/pages\/60945","targetHints":{"allow":["GET"]}}],"collection":[{"href":"https:\/\/www.o2feel.com\/ch\/wp-json\/wp\/v2\/pages"}],"about":[{"href":"https:\/\/www.o2feel.com\/ch\/wp-json\/wp\/v2\/types\/page"}],"author":[{"embeddable":true,"href":"https:\/\/www.o2feel.com\/ch\/wp-json\/wp\/v2\/users\/1"}],"replies":[{"embeddable":true,"href":"https:\/\/www.o2feel.com\/ch\/wp-json\/wp\/v2\/comments?post=60945"}],"version-history":[{"count":0,"href":"https:\/\/www.o2feel.com\/ch\/wp-json\/wp\/v2\/pages\/60945\/revisions"}],"wp:attachment":[{"href":"https:\/\/www.o2feel.com\/ch\/wp-json\/wp\/v2\/media?parent=60945"}],"curies":[{"name":"wp","href":"https:\/\/api.w.org\/{rel}","templated":true}]}}