{"id":50032,"date":"2021-07-05T16:20:20","date_gmt":"2021-07-05T14:20:20","guid":{"rendered":"https:\/\/www.o2feel.com\/home-frame-design\/"},"modified":"2023-07-06T11:59:53","modified_gmt":"2023-07-06T09:59:53","slug":"home-frame-design","status":"publish","type":"page","link":"https:\/\/www.o2feel.com\/ch\/home-frame-design\/","title":{"rendered":"Home Frame Design"},"content":{"rendered":"\t\t<div data-elementor-type=\"wp-page\" data-elementor-id=\"50032\" class=\"elementor elementor-50032 elementor-4032\" data-elementor-post-type=\"page\">\n\t\t\t\t\t\t<section class=\"elementor-section elementor-top-section elementor-element elementor-element-1bce1264 elementor-section-boxed elementor-section-height-default elementor-section-height-default\" data-id=\"1bce1264\" data-element_type=\"section\" data-e-type=\"section\">\n\t\t\t\t\t\t<div class=\"elementor-container elementor-column-gap-default\">\n\t\t\t\t\t<div class=\"elementor-column elementor-col-100 elementor-top-column elementor-element elementor-element-79ffa4a0\" data-id=\"79ffa4a0\" data-element_type=\"column\" data-e-type=\"column\">\n\t\t\t<div class=\"elementor-widget-wrap elementor-element-populated\">\n\t\t\t\t\t\t<div class=\"elementor-element elementor-element-74456ab3 elementor-widget elementor-widget-spacer\" data-id=\"74456ab3\" data-element_type=\"widget\" data-e-type=\"widget\" data-widget_type=\"spacer.default\">\n\t\t\t\t<div class=\"elementor-widget-container\">\n\t\t\t\t\t\t\t<div class=\"elementor-spacer\">\n\t\t\t<div class=\"elementor-spacer-inner\"><\/div>\n\t\t<\/div>\n\t\t\t\t\t\t<\/div>\n\t\t\t\t<\/div>\n\t\t\t\t\t<\/div>\n\t\t<\/div>\n\t\t\t\t\t<\/div>\n\t\t<\/section>\n\t\t\t\t<section class=\"elementor-section elementor-top-section elementor-element elementor-element-73c47e36 elementor-section-boxed elementor-section-height-default elementor-section-height-default\" data-id=\"73c47e36\" data-element_type=\"section\" data-e-type=\"section\">\n\t\t\t\t\t\t<div class=\"elementor-container elementor-column-gap-default\">\n\t\t\t\t\t<div class=\"elementor-column elementor-col-100 elementor-top-column elementor-element elementor-element-32e37eb7\" data-id=\"32e37eb7\" data-element_type=\"column\" data-e-type=\"column\">\n\t\t\t<div class=\"elementor-widget-wrap elementor-element-populated\">\n\t\t\t\t\t\t<div class=\"elementor-element elementor-element-7433081c elementor-widget elementor-widget-heading\" data-id=\"7433081c\" data-element_type=\"widget\" data-e-type=\"widget\" data-widget_type=\"heading.default\">\n\t\t\t\t<div class=\"elementor-widget-container\">\n\t\t\t\t\t<h1 class=\"elementor-heading-title elementor-size-default\">CADRE<\/h1>\t\t\t\t<\/div>\n\t\t\t\t<\/div>\n\t\t\t\t<div class=\"elementor-element elementor-element-5b43848 elementor-widget elementor-widget-heading\" data-id=\"5b43848\" data-element_type=\"widget\" data-e-type=\"widget\" data-widget_type=\"heading.default\">\n\t\t\t\t<div class=\"elementor-widget-container\">\n\t\t\t\t\t<h1 class=\"elementor-heading-title elementor-size-default\">d\u00e9velopp\u00e9 en France <\/h1>\t\t\t\t<\/div>\n\t\t\t\t<\/div>\n\t\t\t\t\t<\/div>\n\t\t<\/div>\n\t\t\t\t\t<\/div>\n\t\t<\/section>\n\t\t\t\t<section class=\"elementor-section elementor-top-section elementor-element elementor-element-204d8d14 elementor-section-boxed elementor-section-height-default elementor-section-height-default\" data-id=\"204d8d14\" data-element_type=\"section\" data-e-type=\"section\">\n\t\t\t\t\t\t<div class=\"elementor-container elementor-column-gap-default\">\n\t\t\t\t\t<div class=\"elementor-column elementor-col-100 elementor-top-column elementor-element elementor-element-20f4c4b8\" data-id=\"20f4c4b8\" data-element_type=\"column\" data-e-type=\"column\">\n\t\t\t<div class=\"elementor-widget-wrap elementor-element-populated\">\n\t\t\t\t\t\t<div class=\"elementor-element elementor-element-4d12287e elementor-widget elementor-widget-spacer\" data-id=\"4d12287e\" data-element_type=\"widget\" data-e-type=\"widget\" data-widget_type=\"spacer.default\">\n\t\t\t\t<div class=\"elementor-widget-container\">\n\t\t\t\t\t\t\t<div class=\"elementor-spacer\">\n\t\t\t<div class=\"elementor-spacer-inner\"><\/div>\n\t\t<\/div>\n\t\t\t\t\t\t<\/div>\n\t\t\t\t<\/div>\n\t\t\t\t\t<\/div>\n\t\t<\/div>\n\t\t\t\t\t<\/div>\n\t\t<\/section>\n\t\t\t\t<section class=\"elementor-section elementor-top-section elementor-element elementor-element-1c50632 elementor-section-boxed elementor-section-height-default elementor-section-height-default\" data-id=\"1c50632\" data-element_type=\"section\" data-e-type=\"section\">\n\t\t\t\t\t\t<div class=\"elementor-container elementor-column-gap-default\">\n\t\t\t\t\t<div class=\"elementor-column elementor-col-100 elementor-top-column elementor-element elementor-element-27aeedb\" data-id=\"27aeedb\" data-element_type=\"column\" data-e-type=\"column\">\n\t\t\t<div class=\"elementor-widget-wrap elementor-element-populated\">\n\t\t\t\t\t\t<div class=\"elementor-element elementor-element-8842bbd elementor-widget elementor-widget-text-editor\" data-id=\"8842bbd\" data-element_type=\"widget\" data-e-type=\"widget\" data-widget_type=\"text-editor.default\">\n\t\t\t\t<div class=\"elementor-widget-container\">\n\t\t\t\t\t\t\t\t\t<p>Nous souhaitons vous apporter une exp\u00e9rience parfaite, elle commence par la pi\u00e8ce maitresse de votre VAE : le cadre.<\/p>\n\t\t\t\t\t\t\t\t<\/div>\n\t\t\t\t<\/div>\n\t\t\t\t\t<\/div>\n\t\t<\/div>\n\t\t\t\t\t<\/div>\n\t\t<\/section>\n\t\t\t\t<section class=\"elementor-section elementor-top-section elementor-element elementor-element-1000c255 elementor-section-boxed elementor-section-height-default elementor-section-height-default\" data-id=\"1000c255\" data-element_type=\"section\" data-e-type=\"section\">\n\t\t\t\t\t\t<div class=\"elementor-container elementor-column-gap-default\">\n\t\t\t\t\t<div class=\"elementor-column elementor-col-33 elementor-top-column elementor-element elementor-element-140d7407\" data-id=\"140d7407\" data-element_type=\"column\" data-e-type=\"column\">\n\t\t\t<div class=\"elementor-widget-wrap elementor-element-populated\">\n\t\t\t\t\t\t<div class=\"elementor-element elementor-element-15dcb46c elementor-widget elementor-widget-image\" data-id=\"15dcb46c\" data-element_type=\"widget\" data-e-type=\"widget\" data-widget_type=\"image.default\">\n\t\t\t\t<div class=\"elementor-widget-container\">\n\t\t\t\t\t\t\t\t\t\t\t\t\t\t\t<img fetchpriority=\"high\" decoding=\"async\" width=\"1024\" height=\"1024\" src=\"https:\/\/www.o2feel.com\/wp-content\/uploads\/2021\/12\/home-frame-design-1024x1024.png\" class=\"attachment-large size-large wp-image-27925\" alt=\"\" srcset=\"https:\/\/www.o2feel.com\/wp-content\/uploads\/2021\/12\/home-frame-design-1024x1024.png 1024w, https:\/\/www.o2feel.com\/wp-content\/uploads\/2021\/12\/home-frame-design-300x300.png 300w, https:\/\/www.o2feel.com\/wp-content\/uploads\/2021\/12\/home-frame-design-150x150.png 150w, https:\/\/www.o2feel.com\/wp-content\/uploads\/2021\/12\/home-frame-design-768x768.png 768w, https:\/\/www.o2feel.com\/wp-content\/uploads\/2021\/12\/home-frame-design-500x500.png 500w, https:\/\/www.o2feel.com\/wp-content\/uploads\/2021\/12\/home-frame-design-800x800.png 800w, https:\/\/www.o2feel.com\/wp-content\/uploads\/2021\/12\/home-frame-design-120x120.png 120w, https:\/\/www.o2feel.com\/wp-content\/uploads\/2021\/12\/home-frame-design.png 1080w\" sizes=\"(max-width: 1024px) 100vw, 1024px\" \/>\t\t\t\t\t\t\t\t\t\t\t\t\t\t\t<\/div>\n\t\t\t\t<\/div>\n\t\t\t\t\t<\/div>\n\t\t<\/div>\n\t\t\t\t<div class=\"elementor-column elementor-col-66 elementor-top-column elementor-element elementor-element-ec9b1c7\" data-id=\"ec9b1c7\" data-element_type=\"column\" data-e-type=\"column\">\n\t\t\t<div class=\"elementor-widget-wrap elementor-element-populated\">\n\t\t\t\t\t\t<section class=\"elementor-section elementor-inner-section elementor-element elementor-element-86eca6a elementor-section-boxed elementor-section-height-default elementor-section-height-default\" data-id=\"86eca6a\" data-element_type=\"section\" data-e-type=\"section\">\n\t\t\t\t\t\t<div class=\"elementor-container elementor-column-gap-default\">\n\t\t\t\t\t<div class=\"elementor-column elementor-col-100 elementor-inner-column elementor-element elementor-element-11251eb\" data-id=\"11251eb\" data-element_type=\"column\" data-e-type=\"column\" data-settings=\"{&quot;background_background&quot;:&quot;classic&quot;}\">\n\t\t\t<div class=\"elementor-widget-wrap elementor-element-populated\">\n\t\t\t\t\t\t<div class=\"elementor-element elementor-element-70d4b3c3 elementor-widget elementor-widget-heading\" data-id=\"70d4b3c3\" data-element_type=\"widget\" data-e-type=\"widget\" data-widget_type=\"heading.default\">\n\t\t\t\t<div class=\"elementor-widget-container\">\n\t\t\t\t\t<h4 class=\"elementor-heading-title elementor-size-default\">Identit\u00e9<\/h4>\t\t\t\t<\/div>\n\t\t\t\t<\/div>\n\t\t\t\t<div class=\"elementor-element elementor-element-4b41db9 elementor-widget elementor-widget-heading\" data-id=\"4b41db9\" data-element_type=\"widget\" data-e-type=\"widget\" data-widget_type=\"heading.default\">\n\t\t\t\t<div class=\"elementor-widget-container\">\n\t\t\t\t\t<h4 class=\"elementor-heading-title elementor-size-default\">UNIQUE &amp; DESIGN<\/h4>\t\t\t\t<\/div>\n\t\t\t\t<\/div>\n\t\t\t\t\t<\/div>\n\t\t<\/div>\n\t\t\t\t\t<\/div>\n\t\t<\/section>\n\t\t\t\t<div class=\"elementor-element elementor-element-7596498 elementor-hidden-tablet elementor-hidden-mobile elementor-widget elementor-widget-spacer\" data-id=\"7596498\" data-element_type=\"widget\" data-e-type=\"widget\" data-widget_type=\"spacer.default\">\n\t\t\t\t<div class=\"elementor-widget-container\">\n\t\t\t\t\t\t\t<div class=\"elementor-spacer\">\n\t\t\t<div class=\"elementor-spacer-inner\"><\/div>\n\t\t<\/div>\n\t\t\t\t\t\t<\/div>\n\t\t\t\t<\/div>\n\t\t\t\t<div class=\"elementor-element elementor-element-3cde2428 elementor-widget elementor-widget-text-editor\" data-id=\"3cde2428\" data-element_type=\"widget\" data-e-type=\"widget\" data-widget_type=\"text-editor.default\">\n\t\t\t\t<div class=\"elementor-widget-container\">\n\t\t\t\t\t\t\t\t\t<p>Les v\u00e9los \u00e9lectriques O2feel sont enti\u00e8rement <strong>pens\u00e9s<\/strong>, <strong>dessin\u00e9s<\/strong> et <strong>d\u00e9velopp\u00e9s<\/strong> par notre \u00ab LAB \u00bb. Con\u00e7us par nos \u00e9quipes, pratiquants et passionn\u00e9s de cycle, <strong>chaque \u00e9l\u00e9ment<\/strong> de votre v\u00e9lo a \u00e9t\u00e9 imagin\u00e9 comme un tout pour offrir un VAE performant, r\u00e9pondant \u00e0 tous les besoins, transformant une sortie banale en moment de plaisir.<\/p>\n<p>Nos cadres sont des mod\u00e8les exclusifs, alliant esth\u00e9tisme et innovation, r\u00e9alis\u00e9s en aluminium 6061 T6, un alliage particuli\u00e8rement performant qui ne rouille pas. Gr\u00e2ce \u00e0 sa faible densit\u00e9 il permet de r\u00e9aliser des cadres l\u00e9gers garantissant maniabilit\u00e9 et durabilit\u00e9.<\/p>\n\t\t\t\t\t\t\t\t<\/div>\n\t\t\t\t<\/div>\n\t\t\t\t\t<\/div>\n\t\t<\/div>\n\t\t\t\t\t<\/div>\n\t\t<\/section>\n\t\t\t\t<section class=\"elementor-section elementor-top-section elementor-element elementor-element-1fddf0ca elementor-section-boxed elementor-section-height-default elementor-section-height-default\" data-id=\"1fddf0ca\" data-element_type=\"section\" data-e-type=\"section\">\n\t\t\t\t\t\t<div class=\"elementor-container elementor-column-gap-default\">\n\t\t\t\t\t<div class=\"elementor-column elementor-col-50 elementor-top-column elementor-element elementor-element-70385871\" data-id=\"70385871\" data-element_type=\"column\" data-e-type=\"column\">\n\t\t\t<div class=\"elementor-widget-wrap elementor-element-populated\">\n\t\t\t\t\t\t<div class=\"elementor-element elementor-element-35d8828 elementor-widget elementor-widget-text-editor\" data-id=\"35d8828\" data-element_type=\"widget\" data-e-type=\"widget\" data-widget_type=\"text-editor.default\">\n\t\t\t\t<div class=\"elementor-widget-container\">\n\t\t\t\t\t\t\t\t\t<p>Nous utilisons sur certains mod\u00e8les la technique d\u2019<strong>hydroformage<\/strong> qui consiste \u00e0 injecter dans les tubes un liquide sous haute pression, provoquant la d\u00e9formation du cadre et lui faisant \u00e9pouser la forme d\u00e9sir\u00e9e. Cette technique permet de proposer des <strong>v\u00e9los \u00e9lectriques originaux<\/strong> et soign\u00e9s avec des lignes toujours plus \u00e9l\u00e9gantes, tant\u00f4t droites et anguleuses, tant\u00f4t arrondies.<\/p>\n<p>O2feel est concepteur de ses propres batteries ce qui permet notamment de les int\u00e9grer harmonieusement et discr\u00e8tement au cadre du v\u00e9lo. De nombreux mod\u00e8les proposent ainsi une belle unit\u00e9 avec une batterie qui vient se loger dans le <strong>tube diagonal<\/strong> ou encore au <strong>tube de selle<\/strong> pour un rendu toujours plus raffin\u00e9.<\/p>\n\t\t\t\t\t\t\t\t<\/div>\n\t\t\t\t<\/div>\n\t\t\t\t\t<\/div>\n\t\t<\/div>\n\t\t\t\t<div class=\"elementor-column elementor-col-50 elementor-top-column elementor-element elementor-element-2c280794 elementor-hidden-tablet elementor-hidden-mobile\" data-id=\"2c280794\" data-element_type=\"column\" data-e-type=\"column\">\n\t\t\t<div class=\"elementor-widget-wrap elementor-element-populated\">\n\t\t\t\t\t\t<div class=\"elementor-element elementor-element-119cdc30 elementor-widget elementor-widget-image\" data-id=\"119cdc30\" data-element_type=\"widget\" data-e-type=\"widget\" data-widget_type=\"image.default\">\n\t\t\t\t<div class=\"elementor-widget-container\">\n\t\t\t\t\t\t\t\t\t\t\t\t\t\t\t<img decoding=\"async\" width=\"800\" height=\"534\" src=\"https:\/\/www.o2feel.com\/wp-content\/uploads\/2021\/12\/o2F-Soar-1.jpg\" class=\"attachment-large size-large wp-image-27929\" alt=\"\" srcset=\"https:\/\/www.o2feel.com\/wp-content\/uploads\/2021\/12\/o2F-Soar-1.jpg 800w, https:\/\/www.o2feel.com\/wp-content\/uploads\/2021\/12\/o2F-Soar-1-300x200.jpg 300w, https:\/\/www.o2feel.com\/wp-content\/uploads\/2021\/12\/o2F-Soar-1-768x513.jpg 768w\" sizes=\"(max-width: 800px) 100vw, 800px\" \/>\t\t\t\t\t\t\t\t\t\t\t\t\t\t\t<\/div>\n\t\t\t\t<\/div>\n\t\t\t\t\t<\/div>\n\t\t<\/div>\n\t\t\t\t\t<\/div>\n\t\t<\/section>\n\t\t\t\t<section class=\"elementor-section elementor-top-section elementor-element elementor-element-2ad17a0f elementor-section-boxed elementor-section-height-default elementor-section-height-default\" data-id=\"2ad17a0f\" data-element_type=\"section\" data-e-type=\"section\">\n\t\t\t\t\t\t<div class=\"elementor-container elementor-column-gap-default\">\n\t\t\t\t\t<div class=\"elementor-column elementor-col-100 elementor-top-column elementor-element elementor-element-5feed694\" data-id=\"5feed694\" data-element_type=\"column\" data-e-type=\"column\">\n\t\t\t<div class=\"elementor-widget-wrap elementor-element-populated\">\n\t\t\t\t\t\t<div class=\"elementor-element elementor-element-313b47da elementor-widget elementor-widget-spacer\" data-id=\"313b47da\" data-element_type=\"widget\" data-e-type=\"widget\" data-widget_type=\"spacer.default\">\n\t\t\t\t<div class=\"elementor-widget-container\">\n\t\t\t\t\t\t\t<div class=\"elementor-spacer\">\n\t\t\t<div class=\"elementor-spacer-inner\"><\/div>\n\t\t<\/div>\n\t\t\t\t\t\t<\/div>\n\t\t\t\t<\/div>\n\t\t\t\t\t<\/div>\n\t\t<\/div>\n\t\t\t\t\t<\/div>\n\t\t<\/section>\n\t\t\t\t<section class=\"elementor-section elementor-top-section elementor-element elementor-element-19ed1695 elementor-section-boxed elementor-section-height-default elementor-section-height-default\" data-id=\"19ed1695\" data-element_type=\"section\" data-e-type=\"section\">\n\t\t\t\t\t\t<div class=\"elementor-container elementor-column-gap-default\">\n\t\t\t\t\t<div class=\"elementor-column elementor-col-33 elementor-top-column elementor-element elementor-element-35e90e93 elementor-hidden-tablet elementor-hidden-mobile\" data-id=\"35e90e93\" data-element_type=\"column\" data-e-type=\"column\">\n\t\t\t<div class=\"elementor-widget-wrap\">\n\t\t\t\t\t\t\t<\/div>\n\t\t<\/div>\n\t\t\t\t<div class=\"elementor-column elementor-col-33 elementor-top-column elementor-element elementor-element-598df47\" data-id=\"598df47\" data-element_type=\"column\" data-e-type=\"column\" data-settings=\"{&quot;background_background&quot;:&quot;classic&quot;}\">\n\t\t\t<div class=\"elementor-widget-wrap elementor-element-populated\">\n\t\t\t\t\t\t<div class=\"elementor-element elementor-element-307d569f elementor-widget elementor-widget-text-editor\" data-id=\"307d569f\" data-element_type=\"widget\" data-e-type=\"widget\" data-widget_type=\"text-editor.default\">\n\t\t\t\t<div class=\"elementor-widget-container\">\n\t\t\t\t\t\t\t\t\t<p>Cette conception, r\u00e9alis\u00e9e au sein de nos locaux \u00e0 Lille (France), offre un large choix de cadres \u00ab <strong>faits maison<\/strong> \u00bb qui nous permettent d\u2019ajuster la g\u00e9om\u00e9trie pour rendre votre VAE \u00e9quilibr\u00e9 et affut\u00e9. Nous privil\u00e9gions une prise en main facile et une stabilit\u00e9 \u00e0 toutes \u00e9preuves, nous voulons un v\u00e9lo adapt\u00e9 \u00e0 vos go\u00fbts, vos besoins.<\/p>\n\t\t\t\t\t\t\t\t<\/div>\n\t\t\t\t<\/div>\n\t\t\t\t\t<\/div>\n\t\t<\/div>\n\t\t\t\t<div class=\"elementor-column elementor-col-33 elementor-top-column elementor-element elementor-element-7161bd1b elementor-hidden-tablet elementor-hidden-mobile\" data-id=\"7161bd1b\" data-element_type=\"column\" data-e-type=\"column\">\n\t\t\t<div class=\"elementor-widget-wrap\">\n\t\t\t\t\t\t\t<\/div>\n\t\t<\/div>\n\t\t\t\t\t<\/div>\n\t\t<\/section>\n\t\t\t\t<section class=\"elementor-section elementor-top-section elementor-element elementor-element-43466c3b elementor-section-boxed elementor-section-height-default elementor-section-height-default\" data-id=\"43466c3b\" data-element_type=\"section\" data-e-type=\"section\">\n\t\t\t\t\t\t<div class=\"elementor-container elementor-column-gap-default\">\n\t\t\t\t\t<div class=\"elementor-column elementor-col-100 elementor-top-column elementor-element elementor-element-5352db7c\" data-id=\"5352db7c\" data-element_type=\"column\" data-e-type=\"column\">\n\t\t\t<div class=\"elementor-widget-wrap elementor-element-populated\">\n\t\t\t\t\t\t<div class=\"elementor-element elementor-element-32dd037a elementor-widget elementor-widget-spacer\" data-id=\"32dd037a\" data-element_type=\"widget\" data-e-type=\"widget\" data-widget_type=\"spacer.default\">\n\t\t\t\t<div class=\"elementor-widget-container\">\n\t\t\t\t\t\t\t<div class=\"elementor-spacer\">\n\t\t\t<div class=\"elementor-spacer-inner\"><\/div>\n\t\t<\/div>\n\t\t\t\t\t\t<\/div>\n\t\t\t\t<\/div>\n\t\t\t\t\t<\/div>\n\t\t<\/div>\n\t\t\t\t\t<\/div>\n\t\t<\/section>\n\t\t\t\t<section class=\"elementor-section elementor-top-section elementor-element elementor-element-3c2679f elementor-section-boxed elementor-section-height-default elementor-section-height-default\" data-id=\"3c2679f\" data-element_type=\"section\" data-e-type=\"section\">\n\t\t\t\t\t\t<div class=\"elementor-container elementor-column-gap-default\">\n\t\t\t\t\t<div class=\"elementor-column elementor-col-100 elementor-top-column elementor-element elementor-element-07eef87\" data-id=\"07eef87\" data-element_type=\"column\" data-e-type=\"column\">\n\t\t\t<div class=\"elementor-widget-wrap elementor-element-populated\">\n\t\t\t\t\t\t<div class=\"elementor-element elementor-element-39fd900 elementor-align-center elementor-widget elementor-widget-button\" data-id=\"39fd900\" data-element_type=\"widget\" data-e-type=\"widget\" data-widget_type=\"button.default\">\n\t\t\t\t<div class=\"elementor-widget-container\">\n\t\t\t\t\t\t\t\t\t<div class=\"elementor-button-wrapper\">\n\t\t\t\t\t<a class=\"elementor-button elementor-button-link elementor-size-sm elementor-animation-float\" href=\"https:\/\/www.o2feel.com\/ch\/nos-technologies\/\">\n\t\t\t\t\t\t<span class=\"elementor-button-content-wrapper\">\n\t\t\t\t\t\t<span class=\"elementor-button-icon\">\n\t\t\t\t<i aria-hidden=\"true\" class=\"fas fa-arrow-alt-circle-left\"><\/i>\t\t\t<\/span>\n\t\t\t\t\t\t\t\t\t<span class=\"elementor-button-text\">Revenir aux technologies<\/span>\n\t\t\t\t\t<\/span>\n\t\t\t\t\t<\/a>\n\t\t\t\t<\/div>\n\t\t\t\t\t\t\t\t<\/div>\n\t\t\t\t<\/div>\n\t\t\t\t\t<\/div>\n\t\t<\/div>\n\t\t\t\t\t<\/div>\n\t\t<\/section>\n\t\t\t\t<section class=\"elementor-section elementor-top-section elementor-element elementor-element-467c07b0 elementor-section-boxed elementor-section-height-default elementor-section-height-default\" data-id=\"467c07b0\" data-element_type=\"section\" data-e-type=\"section\">\n\t\t\t\t\t\t<div class=\"elementor-container elementor-column-gap-default\">\n\t\t\t\t\t<div class=\"elementor-column elementor-col-100 elementor-top-column elementor-element elementor-element-31382172\" data-id=\"31382172\" data-element_type=\"column\" data-e-type=\"column\">\n\t\t\t<div class=\"elementor-widget-wrap elementor-element-populated\">\n\t\t\t\t\t\t<div class=\"elementor-element elementor-element-3f339619 elementor-widget elementor-widget-spacer\" data-id=\"3f339619\" data-element_type=\"widget\" data-e-type=\"widget\" data-widget_type=\"spacer.default\">\n\t\t\t\t<div class=\"elementor-widget-container\">\n\t\t\t\t\t\t\t<div class=\"elementor-spacer\">\n\t\t\t<div class=\"elementor-spacer-inner\"><\/div>\n\t\t<\/div>\n\t\t\t\t\t\t<\/div>\n\t\t\t\t<\/div>\n\t\t\t\t\t<\/div>\n\t\t<\/div>\n\t\t\t\t\t<\/div>\n\t\t<\/section>\n\t\t\t\t<\/div>\n\t\t","protected":false},"excerpt":{"rendered":"<p>CADRE d\u00e9velopp\u00e9 en France Nous souhaitons vous apporter une exp\u00e9rience parfaite, elle commence par la pi\u00e8ce maitresse de votre VAE : le &hellip;<\/p>\n","protected":false},"author":1,"featured_media":0,"parent":0,"menu_order":0,"comment_status":"closed","ping_status":"closed","template":"elementor_header_footer","meta":{"footnotes":""},"class_list":["post-50032","page","type-page","status-publish","hentry"],"_links":{"self":[{"href":"https:\/\/www.o2feel.com\/ch\/wp-json\/wp\/v2\/pages\/50032","targetHints":{"allow":["GET"]}}],"collection":[{"href":"https:\/\/www.o2feel.com\/ch\/wp-json\/wp\/v2\/pages"}],"about":[{"href":"https:\/\/www.o2feel.com\/ch\/wp-json\/wp\/v2\/types\/page"}],"author":[{"embeddable":true,"href":"https:\/\/www.o2feel.com\/ch\/wp-json\/wp\/v2\/users\/1"}],"replies":[{"embeddable":true,"href":"https:\/\/www.o2feel.com\/ch\/wp-json\/wp\/v2\/comments?post=50032"}],"version-history":[{"count":0,"href":"https:\/\/www.o2feel.com\/ch\/wp-json\/wp\/v2\/pages\/50032\/revisions"}],"wp:attachment":[{"href":"https:\/\/www.o2feel.com\/ch\/wp-json\/wp\/v2\/media?parent=50032"}],"curies":[{"name":"wp","href":"https:\/\/api.w.org\/{rel}","templated":true}]}}