{"id":47409,"date":"2021-06-23T17:59:42","date_gmt":"2021-06-23T15:59:42","guid":{"rendered":"https:\/\/www.o2feel.com\/mentions-legales\/"},"modified":"2025-03-05T08:31:44","modified_gmt":"2025-03-05T07:31:44","slug":"mentions-legales","status":"publish","type":"page","link":"https:\/\/www.o2feel.com\/ch\/mentions-legales\/","title":{"rendered":"Mentions l\u00e9gales"},"content":{"rendered":"\t\t<div data-elementor-type=\"wp-page\" data-elementor-id=\"47409\" class=\"elementor elementor-47409 elementor-2234\" data-elementor-post-type=\"page\">\n\t\t\t\t\t\t<section class=\"elementor-section elementor-top-section elementor-element elementor-element-7bac454 elementor-section-boxed elementor-section-height-default elementor-section-height-default\" data-id=\"7bac454\" data-element_type=\"section\" data-e-type=\"section\">\n\t\t\t\t\t\t<div class=\"elementor-container elementor-column-gap-default\">\n\t\t\t\t\t<div class=\"elementor-column elementor-col-100 elementor-top-column elementor-element elementor-element-17137db\" data-id=\"17137db\" data-element_type=\"column\" data-e-type=\"column\">\n\t\t\t<div class=\"elementor-widget-wrap elementor-element-populated\">\n\t\t\t\t\t\t<div class=\"elementor-element elementor-element-0ec096c elementor-widget elementor-widget-spacer\" data-id=\"0ec096c\" data-element_type=\"widget\" data-e-type=\"widget\" data-widget_type=\"spacer.default\">\n\t\t\t\t<div class=\"elementor-widget-container\">\n\t\t\t\t\t\t\t<div class=\"elementor-spacer\">\n\t\t\t<div class=\"elementor-spacer-inner\"><\/div>\n\t\t<\/div>\n\t\t\t\t\t\t<\/div>\n\t\t\t\t<\/div>\n\t\t\t\t\t<\/div>\n\t\t<\/div>\n\t\t\t\t\t<\/div>\n\t\t<\/section>\n\t\t\t\t<section class=\"elementor-section elementor-top-section elementor-element elementor-element-971b942 elementor-section-boxed elementor-section-height-default elementor-section-height-default\" data-id=\"971b942\" data-element_type=\"section\" data-e-type=\"section\">\n\t\t\t\t\t\t<div class=\"elementor-container elementor-column-gap-default\">\n\t\t\t\t\t<div class=\"elementor-column elementor-col-100 elementor-top-column elementor-element elementor-element-cf0ebda\" data-id=\"cf0ebda\" data-element_type=\"column\" data-e-type=\"column\">\n\t\t\t<div class=\"elementor-widget-wrap elementor-element-populated\">\n\t\t\t\t\t\t<div class=\"elementor-element elementor-element-ed6d664 elementor-widget elementor-widget-heading\" data-id=\"ed6d664\" data-element_type=\"widget\" data-e-type=\"widget\" data-widget_type=\"heading.default\">\n\t\t\t\t<div class=\"elementor-widget-container\">\n\t\t\t\t\t<h2 class=\"elementor-heading-title elementor-size-default\">Mentions<\/h2>\t\t\t\t<\/div>\n\t\t\t\t<\/div>\n\t\t\t\t<div class=\"elementor-element elementor-element-c93078a elementor-widget elementor-widget-heading\" data-id=\"c93078a\" data-element_type=\"widget\" data-e-type=\"widget\" data-widget_type=\"heading.default\">\n\t\t\t\t<div class=\"elementor-widget-container\">\n\t\t\t\t\t<h1 class=\"elementor-heading-title elementor-size-default\">L\u00c9GALES<\/h1>\t\t\t\t<\/div>\n\t\t\t\t<\/div>\n\t\t\t\t\t<\/div>\n\t\t<\/div>\n\t\t\t\t\t<\/div>\n\t\t<\/section>\n\t\t\t\t<section class=\"elementor-section elementor-top-section elementor-element elementor-element-59ffd92 elementor-section-boxed elementor-section-height-default elementor-section-height-default\" data-id=\"59ffd92\" data-element_type=\"section\" data-e-type=\"section\">\n\t\t\t\t\t\t<div class=\"elementor-container elementor-column-gap-default\">\n\t\t\t\t\t<div class=\"elementor-column elementor-col-100 elementor-top-column elementor-element elementor-element-3365539\" data-id=\"3365539\" data-element_type=\"column\" data-e-type=\"column\">\n\t\t\t<div class=\"elementor-widget-wrap elementor-element-populated\">\n\t\t\t\t\t\t<div class=\"elementor-element elementor-element-a5b5279 elementor-widget elementor-widget-spacer\" data-id=\"a5b5279\" data-element_type=\"widget\" data-e-type=\"widget\" data-widget_type=\"spacer.default\">\n\t\t\t\t<div class=\"elementor-widget-container\">\n\t\t\t\t\t\t\t<div class=\"elementor-spacer\">\n\t\t\t<div class=\"elementor-spacer-inner\"><\/div>\n\t\t<\/div>\n\t\t\t\t\t\t<\/div>\n\t\t\t\t<\/div>\n\t\t\t\t\t<\/div>\n\t\t<\/div>\n\t\t\t\t\t<\/div>\n\t\t<\/section>\n\t\t\t\t<section class=\"elementor-section elementor-top-section elementor-element elementor-element-e44464e elementor-section-boxed elementor-section-height-default elementor-section-height-default\" data-id=\"e44464e\" data-element_type=\"section\" data-e-type=\"section\">\n\t\t\t\t\t\t<div class=\"elementor-container elementor-column-gap-default\">\n\t\t\t\t\t<div class=\"elementor-column elementor-col-100 elementor-top-column elementor-element elementor-element-68b7c25\" data-id=\"68b7c25\" data-element_type=\"column\" data-e-type=\"column\">\n\t\t\t<div class=\"elementor-widget-wrap elementor-element-populated\">\n\t\t\t\t\t\t<div class=\"elementor-element elementor-element-685897c elementor-widget elementor-widget-text-editor\" data-id=\"685897c\" data-element_type=\"widget\" data-e-type=\"widget\" data-widget_type=\"text-editor.default\">\n\t\t\t\t<div class=\"elementor-widget-container\">\n\t\t\t\t\t\t\t\t\t<p>Soci\u00e9t\u00e9 par actions simplifi\u00e9e O2FEEL au capital de 33 670\u20ac<\/p>\n<p>137 All\u00e9e de l&#8217; Ecopark<br \/>59118 WAMBRECHIES<br \/>FRANCE<\/p>\n<p>RCS LILLE : 520 441 841<br \/>Code APE : 4649Z<br \/>N\u00b0 TVA intracommunautaire: FR52520441841<br \/>D\u00e9claration CNIL : 1837802v0<\/p>\n<p>Vous pouvez \u00e9galement nous contacter \u00e0 l&#8217;adresse \u00e9lectronique suivante: <a href=\"https:\/\/www.o2feel.com\/ch\/contact\/\" target=\"_blank\" rel=\"noopener\"><strong><span style=\"text-decoration: underline;\">ici via le formulaire<\/span><\/strong><\/a> ou au 03 66 19 19 78<br \/>Repr\u00e9sentant l\u00e9gal : Gr\u00e9goire BRUNET<\/p>\n<p>Le site o2feel.com est h\u00e9berg\u00e9 par DIGITAL RURAL INFORMATIQUE (DRI).<br \/>Adresse de l&#8217;h\u00e9bergeur :<br \/>28 rue de Villeneuve<br \/>72650 Saint Saturnin<br \/>FRANCE<\/p>\n\t\t\t\t\t\t\t\t<\/div>\n\t\t\t\t<\/div>\n\t\t\t\t\t<\/div>\n\t\t<\/div>\n\t\t\t\t\t<\/div>\n\t\t<\/section>\n\t\t\t\t<section class=\"elementor-section elementor-top-section elementor-element elementor-element-caa6627 elementor-section-boxed elementor-section-height-default elementor-section-height-default\" data-id=\"caa6627\" data-element_type=\"section\" data-e-type=\"section\">\n\t\t\t\t\t\t<div class=\"elementor-container elementor-column-gap-default\">\n\t\t\t\t\t<div class=\"elementor-column elementor-col-100 elementor-top-column elementor-element elementor-element-25fda59\" data-id=\"25fda59\" data-element_type=\"column\" data-e-type=\"column\">\n\t\t\t<div class=\"elementor-widget-wrap elementor-element-populated\">\n\t\t\t\t\t\t<div class=\"elementor-element elementor-element-19d36be elementor-widget elementor-widget-text-editor\" data-id=\"19d36be\" data-element_type=\"widget\" data-e-type=\"widget\" data-widget_type=\"text-editor.default\">\n\t\t\t\t<div class=\"elementor-widget-container\">\n\t\t\t\t\t\t\t\t\t<p>O2feel s\u2019efforce de fournir des informations aussi pr\u00e9cises que possible. Les renseignements figurant sur notre site ne sont pas exhaustifs et les photos non contractuelles. Toutes les informations indiqu\u00e9es sur le site o2feel.com sont donn\u00e9es \u00e0 titre indicatif, et sont susceptibles de changer ou d\u2019\u00e9voluer sans pr\u00e9avis, cela inclus les composants de nos v\u00e9los. Elles sont donn\u00e9es sous r\u00e9serve de modifications ayant \u00e9t\u00e9 apport\u00e9es depuis leur mise en ligne.<\/p>\n\t\t\t\t\t\t\t\t<\/div>\n\t\t\t\t<\/div>\n\t\t\t\t\t<\/div>\n\t\t<\/div>\n\t\t\t\t\t<\/div>\n\t\t<\/section>\n\t\t\t\t<section class=\"elementor-section elementor-top-section elementor-element elementor-element-2846317 elementor-section-boxed elementor-section-height-default elementor-section-height-default\" data-id=\"2846317\" data-element_type=\"section\" data-e-type=\"section\">\n\t\t\t\t\t\t<div class=\"elementor-container elementor-column-gap-default\">\n\t\t\t\t\t<div class=\"elementor-column elementor-col-100 elementor-top-column elementor-element elementor-element-9531fdb\" data-id=\"9531fdb\" data-element_type=\"column\" data-e-type=\"column\">\n\t\t\t<div class=\"elementor-widget-wrap elementor-element-populated\">\n\t\t\t\t\t\t<div class=\"elementor-element elementor-element-d24d090 elementor-widget elementor-widget-spacer\" data-id=\"d24d090\" data-element_type=\"widget\" data-e-type=\"widget\" data-widget_type=\"spacer.default\">\n\t\t\t\t<div class=\"elementor-widget-container\">\n\t\t\t\t\t\t\t<div class=\"elementor-spacer\">\n\t\t\t<div class=\"elementor-spacer-inner\"><\/div>\n\t\t<\/div>\n\t\t\t\t\t\t<\/div>\n\t\t\t\t<\/div>\n\t\t\t\t\t<\/div>\n\t\t<\/div>\n\t\t\t\t\t<\/div>\n\t\t<\/section>\n\t\t\t\t<\/div>\n\t\t","protected":false},"excerpt":{"rendered":"<p>Mentions L\u00c9GALES Soci\u00e9t\u00e9 par actions simplifi\u00e9e O2FEEL au capital de 33 670\u20ac 137 All\u00e9e de l&#8217; Ecopark59118 WAMBRECHIESFRANCE RCS LILLE : 520 &hellip;<\/p>\n","protected":false},"author":1,"featured_media":0,"parent":0,"menu_order":0,"comment_status":"closed","ping_status":"closed","template":"elementor_header_footer","meta":{"footnotes":""},"class_list":["post-47409","page","type-page","status-publish","hentry"],"_links":{"self":[{"href":"https:\/\/www.o2feel.com\/ch\/wp-json\/wp\/v2\/pages\/47409","targetHints":{"allow":["GET"]}}],"collection":[{"href":"https:\/\/www.o2feel.com\/ch\/wp-json\/wp\/v2\/pages"}],"about":[{"href":"https:\/\/www.o2feel.com\/ch\/wp-json\/wp\/v2\/types\/page"}],"author":[{"embeddable":true,"href":"https:\/\/www.o2feel.com\/ch\/wp-json\/wp\/v2\/users\/1"}],"replies":[{"embeddable":true,"href":"https:\/\/www.o2feel.com\/ch\/wp-json\/wp\/v2\/comments?post=47409"}],"version-history":[{"count":0,"href":"https:\/\/www.o2feel.com\/ch\/wp-json\/wp\/v2\/pages\/47409\/revisions"}],"wp:attachment":[{"href":"https:\/\/www.o2feel.com\/ch\/wp-json\/wp\/v2\/media?parent=47409"}],"curies":[{"name":"wp","href":"https:\/\/api.w.org\/{rel}","templated":true}]}}