{"id":120601,"date":"2026-04-10T09:39:20","date_gmt":"2026-04-10T07:39:20","guid":{"rendered":"https:\/\/www.o2feel.com\/actualites\/o2feel-x-serie-mania-2026\/"},"modified":"2026-04-10T10:40:19","modified_gmt":"2026-04-10T08:40:19","slug":"o2feel-x-serie-mania-2026","status":"publish","type":"page","link":"https:\/\/www.o2feel.com\/ch\/actualites\/o2feel-x-serie-mania-2026\/","title":{"rendered":"O2feel x Serie Mania 2026"},"content":{"rendered":"\t\t<div data-elementor-type=\"wp-page\" data-elementor-id=\"120601\" class=\"elementor elementor-120601 elementor-120551\" data-elementor-post-type=\"page\">\n\t\t\t\t\t\t<section class=\"elementor-section elementor-top-section elementor-element elementor-element-1561cccf elementor-section-boxed elementor-section-height-default elementor-section-height-default\" data-id=\"1561cccf\" data-element_type=\"section\" data-e-type=\"section\">\n\t\t\t\t\t\t<div class=\"elementor-container elementor-column-gap-default\">\n\t\t\t\t\t<div class=\"elementor-column elementor-col-100 elementor-top-column elementor-element elementor-element-5d1b2036\" data-id=\"5d1b2036\" data-element_type=\"column\" data-e-type=\"column\">\n\t\t\t<div class=\"elementor-widget-wrap elementor-element-populated\">\n\t\t\t\t\t\t<div class=\"elementor-element elementor-element-5260cc1 elementor-widget elementor-widget-spacer\" data-id=\"5260cc1\" data-element_type=\"widget\" data-e-type=\"widget\" data-widget_type=\"spacer.default\">\n\t\t\t\t<div class=\"elementor-widget-container\">\n\t\t\t\t\t\t\t<div class=\"elementor-spacer\">\n\t\t\t<div class=\"elementor-spacer-inner\"><\/div>\n\t\t<\/div>\n\t\t\t\t\t\t<\/div>\n\t\t\t\t<\/div>\n\t\t\t\t\t<\/div>\n\t\t<\/div>\n\t\t\t\t\t<\/div>\n\t\t<\/section>\n\t\t<div class=\"elementor-element elementor-element-137475da e-flex e-con-boxed e-con e-parent\" data-id=\"137475da\" data-element_type=\"container\" data-e-type=\"container\">\n\t\t\t\t\t<div class=\"e-con-inner\">\n\t\t\t\t<div class=\"elementor-element elementor-element-5cabb767 elementor-widget elementor-widget-heading\" data-id=\"5cabb767\" data-element_type=\"widget\" data-e-type=\"widget\" data-widget_type=\"heading.default\">\n\t\t\t\t<div class=\"elementor-widget-container\">\n\t\t\t\t\t<h2 class=\"elementor-heading-title elementor-size-default\"><a href=\"https:\/\/www.o2feel.com\/actualites\/\">&lt; Revenir \u00e0 <u>Nos Actualit\u00e9s<\/u><\/a><\/h2>\t\t\t\t<\/div>\n\t\t\t\t<\/div>\n\t\t\t\t\t<\/div>\n\t\t\t\t<\/div>\n\t\t\t\t<section class=\"elementor-section elementor-top-section elementor-element elementor-element-1184a3a7 elementor-section-boxed elementor-section-height-default elementor-section-height-default\" data-id=\"1184a3a7\" data-element_type=\"section\" data-e-type=\"section\">\n\t\t\t\t\t\t<div class=\"elementor-container elementor-column-gap-default\">\n\t\t\t\t\t<div class=\"elementor-column elementor-col-100 elementor-top-column elementor-element elementor-element-2bc407c2\" data-id=\"2bc407c2\" data-element_type=\"column\" data-e-type=\"column\">\n\t\t\t<div class=\"elementor-widget-wrap elementor-element-populated\">\n\t\t\t\t\t\t<div class=\"elementor-element elementor-element-2e9f40b6 elementor-widget elementor-widget-spacer\" data-id=\"2e9f40b6\" data-element_type=\"widget\" data-e-type=\"widget\" data-widget_type=\"spacer.default\">\n\t\t\t\t<div class=\"elementor-widget-container\">\n\t\t\t\t\t\t\t<div class=\"elementor-spacer\">\n\t\t\t<div class=\"elementor-spacer-inner\"><\/div>\n\t\t<\/div>\n\t\t\t\t\t\t<\/div>\n\t\t\t\t<\/div>\n\t\t\t\t\t<\/div>\n\t\t<\/div>\n\t\t\t\t\t<\/div>\n\t\t<\/section>\n\t\t<div class=\"elementor-element elementor-element-3ec511ed e-flex e-con-boxed e-con e-parent\" data-id=\"3ec511ed\" data-element_type=\"container\" data-e-type=\"container\">\n\t\t\t\t\t<div class=\"e-con-inner\">\n\t\t\t\t<div class=\"elementor-element elementor-element-3ee91aa5 elementor-widget elementor-widget-heading\" data-id=\"3ee91aa5\" data-element_type=\"widget\" data-e-type=\"widget\" data-widget_type=\"heading.default\">\n\t\t\t\t<div class=\"elementor-widget-container\">\n\t\t\t\t\t<h1 class=\"elementor-heading-title elementor-size-default\">O2feel x S\u00e9ries Mania : un partenariat RSE pour une mobilit\u00e9 durable et culturelle<\/h1>\t\t\t\t<\/div>\n\t\t\t\t<\/div>\n\t\t\t\t\t<\/div>\n\t\t\t\t<\/div>\n\t\t\t\t<section class=\"elementor-section elementor-top-section elementor-element elementor-element-19b57815 elementor-section-boxed elementor-section-height-default elementor-section-height-default\" data-id=\"19b57815\" data-element_type=\"section\" data-e-type=\"section\">\n\t\t\t\t\t\t<div class=\"elementor-container elementor-column-gap-default\">\n\t\t\t\t\t<div class=\"elementor-column elementor-col-100 elementor-top-column elementor-element elementor-element-5191d874\" data-id=\"5191d874\" data-element_type=\"column\" data-e-type=\"column\">\n\t\t\t<div class=\"elementor-widget-wrap elementor-element-populated\">\n\t\t\t\t\t\t<div class=\"elementor-element elementor-element-6eddbebe elementor-widget elementor-widget-spacer\" data-id=\"6eddbebe\" data-element_type=\"widget\" data-e-type=\"widget\" data-widget_type=\"spacer.default\">\n\t\t\t\t<div class=\"elementor-widget-container\">\n\t\t\t\t\t\t\t<div class=\"elementor-spacer\">\n\t\t\t<div class=\"elementor-spacer-inner\"><\/div>\n\t\t<\/div>\n\t\t\t\t\t\t<\/div>\n\t\t\t\t<\/div>\n\t\t\t\t\t<\/div>\n\t\t<\/div>\n\t\t\t\t\t<\/div>\n\t\t<\/section>\n\t\t\t\t<section class=\"elementor-section elementor-top-section elementor-element elementor-element-4e141d6a elementor-section-stretched elementor-section-boxed elementor-section-height-default elementor-section-height-default\" data-id=\"4e141d6a\" data-element_type=\"section\" data-e-type=\"section\" data-settings=\"{&quot;stretch_section&quot;:&quot;section-stretched&quot;}\">\n\t\t\t\t\t\t<div class=\"elementor-container elementor-column-gap-default\">\n\t\t\t\t\t<div class=\"elementor-column elementor-col-100 elementor-top-column elementor-element elementor-element-72c56e29\" data-id=\"72c56e29\" data-element_type=\"column\" data-e-type=\"column\">\n\t\t\t<div class=\"elementor-widget-wrap elementor-element-populated\">\n\t\t\t\t\t\t<div class=\"elementor-element elementor-element-877c389 elementor-widget elementor-widget-image\" data-id=\"877c389\" data-element_type=\"widget\" data-e-type=\"widget\" data-widget_type=\"image.default\">\n\t\t\t\t<div class=\"elementor-widget-container\">\n\t\t\t\t\t\t\t\t\t\t\t\t\t\t\t<img fetchpriority=\"high\" decoding=\"async\" width=\"850\" height=\"400\" src=\"https:\/\/www.o2feel.com\/wp-content\/uploads\/2026\/04\/Banniere-Articles-Serie-Mania-26.jpg\" class=\"attachment-full size-full wp-image-120569\" alt=\"\" srcset=\"https:\/\/www.o2feel.com\/wp-content\/uploads\/2026\/04\/Banniere-Articles-Serie-Mania-26.jpg 850w, https:\/\/www.o2feel.com\/wp-content\/uploads\/2026\/04\/Banniere-Articles-Serie-Mania-26-300x141.jpg 300w, https:\/\/www.o2feel.com\/wp-content\/uploads\/2026\/04\/Banniere-Articles-Serie-Mania-26-768x361.jpg 768w, https:\/\/www.o2feel.com\/wp-content\/uploads\/2026\/04\/Banniere-Articles-Serie-Mania-26-800x376.jpg 800w, https:\/\/www.o2feel.com\/wp-content\/uploads\/2026\/04\/Banniere-Articles-Serie-Mania-26-220x104.jpg 220w\" sizes=\"(max-width: 850px) 100vw, 850px\" \/>\t\t\t\t\t\t\t\t\t\t\t\t\t\t\t<\/div>\n\t\t\t\t<\/div>\n\t\t\t\t\t<\/div>\n\t\t<\/div>\n\t\t\t\t\t<\/div>\n\t\t<\/section>\n\t\t\t\t<section class=\"elementor-section elementor-top-section elementor-element elementor-element-659dd9b7 elementor-section-boxed elementor-section-height-default elementor-section-height-default\" data-id=\"659dd9b7\" data-element_type=\"section\" data-e-type=\"section\">\n\t\t\t\t\t\t<div class=\"elementor-container elementor-column-gap-default\">\n\t\t\t\t\t<div class=\"elementor-column elementor-col-100 elementor-top-column elementor-element elementor-element-3645106f\" data-id=\"3645106f\" data-element_type=\"column\" data-e-type=\"column\">\n\t\t\t<div class=\"elementor-widget-wrap elementor-element-populated\">\n\t\t\t\t\t\t<div class=\"elementor-element elementor-element-30662e25 elementor-widget elementor-widget-spacer\" data-id=\"30662e25\" data-element_type=\"widget\" data-e-type=\"widget\" data-widget_type=\"spacer.default\">\n\t\t\t\t<div class=\"elementor-widget-container\">\n\t\t\t\t\t\t\t<div class=\"elementor-spacer\">\n\t\t\t<div class=\"elementor-spacer-inner\"><\/div>\n\t\t<\/div>\n\t\t\t\t\t\t<\/div>\n\t\t\t\t<\/div>\n\t\t\t\t\t<\/div>\n\t\t<\/div>\n\t\t\t\t\t<\/div>\n\t\t<\/section>\n\t\t<div class=\"elementor-element elementor-element-30da7e46 e-con-full e-flex e-con e-parent\" data-id=\"30da7e46\" data-element_type=\"container\" data-e-type=\"container\">\n\t\t<div class=\"elementor-element elementor-element-6da513b e-con-full e-flex e-con e-child\" data-id=\"6da513b\" data-element_type=\"container\" data-e-type=\"container\">\n\t\t\t\t<div class=\"elementor-element elementor-element-2a361513 elementor-widget elementor-widget-heading\" data-id=\"2a361513\" data-element_type=\"widget\" data-e-type=\"widget\" data-widget_type=\"heading.default\">\n\t\t\t\t<div class=\"elementor-widget-container\">\n\t\t\t\t\t<h2 class=\"elementor-heading-title elementor-size-default\">O2feel, partenaire officiel du Festival S\u00e9ries Mania 2026<\/h2>\t\t\t\t<\/div>\n\t\t\t\t<\/div>\n\t\t\t\t<div class=\"elementor-element elementor-element-12173adc elementor-widget elementor-widget-text-editor\" data-id=\"12173adc\" data-element_type=\"widget\" data-e-type=\"widget\" data-widget_type=\"text-editor.default\">\n\t\t\t\t<div class=\"elementor-widget-container\">\n\t\t\t\t\t\t\t\t\t<p><span style=\"font-weight: 400;\">Pour la troisi\u00e8me ann\u00e9e cons\u00e9cutive, O2feel s\u2019engage aux c\u00f4t\u00e9s du festival S\u00e9ries Mania en tant que partenaire RSE. Du 20 au 27 mars 2026, Lille a une nouvelle fois vibr\u00e9 au rythme des s\u00e9ries, r\u00e9unissant des milliers de festivaliers autour d\u2019une programmation riche et internationale. <\/span><\/p><p><span style=\"font-weight: 400;\">Ancr\u00e9s dans les Hauts-de-France, O2feel et S\u00e9ries Mania partagent des valeurs communes : favoriser la d\u00e9couverte, simplifier le quotidien et valoriser le territoire, que ce soit \u00e0 travers la culture ou la mobilit\u00e9.<\/span><\/p>\t\t\t\t\t\t\t\t<\/div>\n\t\t\t\t<\/div>\n\t\t\t\t<div class=\"elementor-element elementor-element-3f37c945 elementor-widget elementor-widget-heading\" data-id=\"3f37c945\" data-element_type=\"widget\" data-e-type=\"widget\" data-widget_type=\"heading.default\">\n\t\t\t\t<div class=\"elementor-widget-container\">\n\t\t\t\t\t<h2 class=\"elementor-heading-title elementor-size-default\">Des v\u00e9los \u00e9lectriques O2feel au service du festival\n<\/h2>\t\t\t\t<\/div>\n\t\t\t\t<\/div>\n\t\t\t\t<div class=\"elementor-element elementor-element-4de6201e elementor-widget elementor-widget-text-editor\" data-id=\"4de6201e\" data-element_type=\"widget\" data-e-type=\"widget\" data-widget_type=\"text-editor.default\">\n\t\t\t\t<div class=\"elementor-widget-container\">\n\t\t\t\t\t\t\t\t\t<p><span style=\"font-weight: 400;\">Pour cette \u00e9dition 2026, O2feel a mis \u00e0 disposition une flotte de v\u00e9los \u00e9lectriques \u00e0 destination des \u00e9quipes du festival : salari\u00e9s, b\u00e9n\u00e9voles et organisateurs.<\/span><\/p><p><span style=\"font-weight: 400;\">Ces v\u00e9los ont permis de faciliter les d\u00e9placements entre les diff\u00e9rents sites du festival, en offrant une solution fluide, pratique et adapt\u00e9e \u00e0 un \u00e9v\u00e9nement urbain comme S\u00e9ries Mania. Une mani\u00e8re concr\u00e8te de repenser les mobilit\u00e9s \u00e0 l\u2019\u00e9chelle locale. <\/span><\/p>\t\t\t\t\t\t\t\t<\/div>\n\t\t\t\t<\/div>\n\t\t\t\t<div class=\"elementor-element elementor-element-3f12e34f elementor-widget elementor-widget-text-editor\" data-id=\"3f12e34f\" data-element_type=\"widget\" data-e-type=\"widget\" data-widget_type=\"text-editor.default\">\n\t\t\t\t<div class=\"elementor-widget-container\">\n\t\t\t\t\t\t\t\t\t<p><b>Un Parking v\u00e9lo s\u00e9curis\u00e9 pour les festivaliers<br><\/b><span style=\"font-weight: 400;\">Afin d\u2019encourager l\u2019usage du v\u00e9lo aupr\u00e8s du grand public, O2feel a \u00e9galement d\u00e9ploy\u00e9 un parking v\u00e9lo s\u00e9curis\u00e9 au sein du festival.<\/span><\/p><p><span style=\"font-weight: 400;\">Pens\u00e9 pour offrir confort et s\u00e9r\u00e9nit\u00e9 aux cyclistes, cet espace proposait :<br><\/span><span style=\"font-weight: 400;\">&#8211; Un stationnement s\u00e9curis\u00e9 et surveill\u00e9<br><\/span><span style=\"font-weight: 400;\">&#8211; La recharge gratuite pour les v\u00e9los \u00e9lectriques<br><\/span><span style=\"font-weight: 400;\">&#8211; Une consigne pour casque pendant les projections ou \u00e9v\u00e9nements<\/span><\/p><p><span style=\"font-weight: 400;\">Une initiative qui facilite l\u2019acc\u00e8s au festival tout en accompagnant les festivaliers dans leurs d\u00e9placements \u00e0 Lille.<\/span><\/p>\t\t\t\t\t\t\t\t<\/div>\n\t\t\t\t<\/div>\n\t\t\t\t<\/div>\n\t\t<div class=\"elementor-element elementor-element-5991d23 e-con-full e-flex e-con e-child\" data-id=\"5991d23\" data-element_type=\"container\" data-e-type=\"container\" data-settings=\"{&quot;background_background&quot;:&quot;classic&quot;}\">\n\t\t\t\t<\/div>\n\t\t\t\t<\/div>\n\t\t\t\t<section class=\"elementor-section elementor-top-section elementor-element elementor-element-241c957a elementor-section-boxed elementor-section-height-default elementor-section-height-default\" data-id=\"241c957a\" data-element_type=\"section\" data-e-type=\"section\">\n\t\t\t\t\t\t<div class=\"elementor-container elementor-column-gap-default\">\n\t\t\t\t\t<div class=\"elementor-column elementor-col-100 elementor-top-column elementor-element elementor-element-72e25a06\" data-id=\"72e25a06\" data-element_type=\"column\" data-e-type=\"column\">\n\t\t\t<div class=\"elementor-widget-wrap elementor-element-populated\">\n\t\t\t\t\t\t<div class=\"elementor-element elementor-element-3baa96e8 elementor-widget elementor-widget-spacer\" data-id=\"3baa96e8\" data-element_type=\"widget\" data-e-type=\"widget\" data-widget_type=\"spacer.default\">\n\t\t\t\t<div class=\"elementor-widget-container\">\n\t\t\t\t\t\t\t<div class=\"elementor-spacer\">\n\t\t\t<div class=\"elementor-spacer-inner\"><\/div>\n\t\t<\/div>\n\t\t\t\t\t\t<\/div>\n\t\t\t\t<\/div>\n\t\t\t\t\t<\/div>\n\t\t<\/div>\n\t\t\t\t\t<\/div>\n\t\t<\/section>\n\t\t<div class=\"elementor-element elementor-element-4a75dba9 e-flex e-con-boxed e-con e-parent\" data-id=\"4a75dba9\" data-element_type=\"container\" data-e-type=\"container\">\n\t\t\t\t\t<div class=\"e-con-inner\">\n\t\t\t\t<div class=\"elementor-element elementor-element-3f7fde99 elementor-widget elementor-widget-heading\" data-id=\"3f7fde99\" data-element_type=\"widget\" data-e-type=\"widget\" data-widget_type=\"heading.default\">\n\t\t\t\t<div class=\"elementor-widget-container\">\n\t\t\t\t\t<h2 class=\"elementor-heading-title elementor-size-default\">Un engagement pour une mobilit\u00e9 ancr\u00e9e dans le territoire<\/h2>\t\t\t\t<\/div>\n\t\t\t\t<\/div>\n\t\t\t\t<div class=\"elementor-element elementor-element-54724550 elementor-widget elementor-widget-text-editor\" data-id=\"54724550\" data-element_type=\"widget\" data-e-type=\"widget\" data-widget_type=\"text-editor.default\">\n\t\t\t\t<div class=\"elementor-widget-container\">\n\t\t\t\t\t\t\t\t\t<p><span style=\"font-weight: 400;\">\u00c0 travers ce partenariat, O2feel confirme sa volont\u00e9 de transformer les usages lors des grands \u00e9v\u00e9nements en proposant des solutions concr\u00e8tes, accessibles et adapt\u00e9es au contexte local.<\/span><\/p><p><span style=\"font-weight: 400;\">S\u2019associer \u00e0 S\u00e9ries Mania, c\u2019est participer \u00e0 une dynamique territoriale forte, en lien avec les acteurs locaux, pour rendre la mobilit\u00e9 plus fluide et mieux int\u00e9gr\u00e9e \u00e0 la vie urbaine lilloise.<\/span><\/p>\t\t\t\t\t\t\t\t<\/div>\n\t\t\t\t<\/div>\n\t\t\t\t\t<\/div>\n\t\t\t\t<\/div>\n\t\t<div class=\"elementor-element elementor-element-56b4148d e-flex e-con-boxed e-con e-parent\" data-id=\"56b4148d\" data-element_type=\"container\" data-e-type=\"container\">\n\t\t\t\t\t<div class=\"e-con-inner\">\n\t\t\t\t<div class=\"elementor-element elementor-element-1e97d0ac elementor-widget elementor-widget-heading\" data-id=\"1e97d0ac\" data-element_type=\"widget\" data-e-type=\"widget\" data-widget_type=\"heading.default\">\n\t\t\t\t<div class=\"elementor-widget-container\">\n\t\t\t\t\t<h2 class=\"elementor-heading-title elementor-size-default\">Rendez-vous \u00e0 Lille pour les prochaines \u00e9ditions<\/h2>\t\t\t\t<\/div>\n\t\t\t\t<\/div>\n\t\t\t\t<div class=\"elementor-element elementor-element-3fd074fc elementor-widget elementor-widget-text-editor\" data-id=\"3fd074fc\" data-element_type=\"widget\" data-e-type=\"widget\" data-widget_type=\"text-editor.default\">\n\t\t\t\t<div class=\"elementor-widget-container\">\n\t\t\t\t\t\t\t\t\t<p><span style=\"font-weight: 400;\">Avec cette nouvelle collaboration r\u00e9ussie, O2feel et S\u00e9ries Mania r\u00e9affirment leur engagement commun pour une mobilit\u00e9 locale et culturelle.<\/span><\/p><p><span style=\"font-weight: 400;\">Le v\u00e9lo \u00e9lectrique s\u2019impose plus que jamais comme un alli\u00e9 incontournable des \u00e9v\u00e9nements urbains, au service des \u00e9quipes comme des festivaliers.<\/span><\/p><p><span style=\"font-weight: 400;\">C\u2019est \u00e0 travers des actions concr\u00e8tes men\u00e9es dans notre r\u00e9gion que nous portons nos ambitions \u00e0 l\u2019\u00e9chelle nationale.<\/span><\/p>\t\t\t\t\t\t\t\t<\/div>\n\t\t\t\t<\/div>\n\t\t\t\t\t<\/div>\n\t\t\t\t<\/div>\n\t\t\t\t<section class=\"elementor-section elementor-top-section elementor-element elementor-element-658e9db0 elementor-section-boxed elementor-section-height-default elementor-section-height-default\" data-id=\"658e9db0\" data-element_type=\"section\" data-e-type=\"section\">\n\t\t\t\t\t\t<div class=\"elementor-container elementor-column-gap-default\">\n\t\t\t\t\t<div class=\"elementor-column elementor-col-100 elementor-top-column elementor-element elementor-element-576fb2e5\" data-id=\"576fb2e5\" data-element_type=\"column\" data-e-type=\"column\">\n\t\t\t<div class=\"elementor-widget-wrap elementor-element-populated\">\n\t\t\t\t\t\t<div class=\"elementor-element elementor-element-7f0255b0 elementor-widget elementor-widget-spacer\" data-id=\"7f0255b0\" data-element_type=\"widget\" data-e-type=\"widget\" data-widget_type=\"spacer.default\">\n\t\t\t\t<div class=\"elementor-widget-container\">\n\t\t\t\t\t\t\t<div class=\"elementor-spacer\">\n\t\t\t<div class=\"elementor-spacer-inner\"><\/div>\n\t\t<\/div>\n\t\t\t\t\t\t<\/div>\n\t\t\t\t<\/div>\n\t\t\t\t\t<\/div>\n\t\t<\/div>\n\t\t\t\t\t<\/div>\n\t\t<\/section>\n\t\t<div class=\"elementor-element elementor-element-28be99bd e-flex e-con-boxed e-con e-parent\" data-id=\"28be99bd\" data-element_type=\"container\" data-e-type=\"container\">\n\t\t\t\t\t<div class=\"e-con-inner\">\n\t\t\t\t<div class=\"elementor-element elementor-element-44fb9a6f elementor-widget elementor-widget-heading\" data-id=\"44fb9a6f\" data-element_type=\"widget\" data-e-type=\"widget\" data-widget_type=\"heading.default\">\n\t\t\t\t<div class=\"elementor-widget-container\">\n\t\t\t\t\t<h2 class=\"elementor-heading-title elementor-size-default\"><a href=\"https:\/\/www.o2feel.com\/actualites\/\">&lt; Revenir \u00e0 <u>Nos Actualit\u00e9s<\/u><\/a><\/h2>\t\t\t\t<\/div>\n\t\t\t\t<\/div>\n\t\t\t\t\t<\/div>\n\t\t\t\t<\/div>\n\t\t\t\t<\/div>\n\t\t","protected":false},"excerpt":{"rendered":"<p>&lt; Revenir \u00e0 Nos Actualit\u00e9s O2feel x S\u00e9ries Mania : un partenariat RSE pour une mobilit\u00e9 durable et culturelle O2feel, partenaire officiel &hellip;<\/p>\n","protected":false},"author":21,"featured_media":0,"parent":102692,"menu_order":0,"comment_status":"closed","ping_status":"closed","template":"","meta":{"footnotes":""},"class_list":["post-120601","page","type-page","status-publish","hentry"],"_links":{"self":[{"href":"https:\/\/www.o2feel.com\/ch\/wp-json\/wp\/v2\/pages\/120601","targetHints":{"allow":["GET"]}}],"collection":[{"href":"https:\/\/www.o2feel.com\/ch\/wp-json\/wp\/v2\/pages"}],"about":[{"href":"https:\/\/www.o2feel.com\/ch\/wp-json\/wp\/v2\/types\/page"}],"author":[{"embeddable":true,"href":"https:\/\/www.o2feel.com\/ch\/wp-json\/wp\/v2\/users\/21"}],"replies":[{"embeddable":true,"href":"https:\/\/www.o2feel.com\/ch\/wp-json\/wp\/v2\/comments?post=120601"}],"version-history":[{"count":1,"href":"https:\/\/www.o2feel.com\/ch\/wp-json\/wp\/v2\/pages\/120601\/revisions"}],"predecessor-version":[{"id":120602,"href":"https:\/\/www.o2feel.com\/ch\/wp-json\/wp\/v2\/pages\/120601\/revisions\/120602"}],"up":[{"embeddable":true,"href":"https:\/\/www.o2feel.com\/ch\/wp-json\/wp\/v2\/pages\/102692"}],"wp:attachment":[{"href":"https:\/\/www.o2feel.com\/ch\/wp-json\/wp\/v2\/media?parent=120601"}],"curies":[{"name":"wp","href":"https:\/\/api.w.org\/{rel}","templated":true}]}}